{"id":2278,"date":"2025-05-11T06:36:48","date_gmt":"2025-05-11T06:36:48","guid":{"rendered":"https:\/\/mekeltech.com\/?post_type=product&#038;p=2278"},"modified":"2025-09-05T10:38:57","modified_gmt":"2025-09-05T02:38:57","slug":"v2l-with-digital-display","status":"publish","type":"product","link":"https:\/\/www.mekeltech.com\/de\/product\/v2l-with-digital-display\/","title":{"rendered":"V2L mit Digitalanzeige"},"content":{"rendered":"<div data-elementor-type=\"wp-post\" data-elementor-id=\"2278\" class=\"elementor elementor-2278\" data-elementor-post-type=\"product\">\n\t\t\t\t<div class=\"elementor-element elementor-element-73c0587a e-flex e-con-boxed e-con e-parent\" data-id=\"73c0587a\" data-element_type=\"container\">\n\t\t\t\t\t<div class=\"e-con-inner\">\n\t\t\t\t<div class=\"elementor-element elementor-element-96a467c elementor-widget elementor-widget-heading\" data-id=\"96a467c\" data-element_type=\"widget\" data-widget_type=\"heading.default\">\n\t\t\t\t<div class=\"elementor-widget-container\">\n\t\t\t\t\t<h2 class=\"elementor-heading-title elementor-size-default\">Standard f\u00fcr V2L mit Digitalanzeige<\/h2>\t\t\t\t<\/div>\n\t\t\t\t<\/div>\n\t\t\t\t<div class=\"elementor-element elementor-element-2d41dae elementor-widget elementor-widget-text-editor\" data-id=\"2d41dae\" data-element_type=\"widget\" data-widget_type=\"text-editor.default\">\n\t\t\t\t<div class=\"elementor-widget-container\">\n\t\t\t\t\t\t\t\t\t<ul class=\"wp-block-list\">\n<li>Leistungsabgabe: Bis zu 3,6 kW (1 Phase, 16 Ampere)<\/li>\n<!-- \/wp:list-item --><!-- wp:list-item -->\n<li>Steckertyp: Typ 2<\/li>\n<!-- \/wp:list-item --><!-- wp:list-item -->\n<li>Steckdosen-Typ: Schuko, UK 3 Pin, Mehrfachsteckdose<\/li>\n<!-- \/wp:list-item --><!-- wp:list-item -->\n<li>Kabel-Option: Verf\u00fcgbar in 3m, 5m und 10m Optionen<\/li>\n<!-- \/wp:list-item --><!-- wp:list-item -->\n<li>Kompatible Fahrzeuge: Hyundai Ioniq 5, Kia EV6, MG ZS EV, BYD Atto 3, Genesis GV60\/GV70 und andere V2L-f\u00e4hige Elektrofahrzeuge<\/li>\n<!-- \/wp:list-item --><!-- wp:list-item -->\n<li>Zertifizierungen: CE<\/li>\n<\/ul>\t\t\t\t\t\t\t\t<\/div>\n\t\t\t\t<\/div>\n\t\t\t\t<div class=\"elementor-element elementor-element-ccbf9c6 elementor-widget elementor-widget-text-editor\" data-id=\"ccbf9c6\" data-element_type=\"widget\" data-widget_type=\"text-editor.default\">\n\t\t\t\t<div class=\"elementor-widget-container\">\n\t\t\t\t\t\t\t\t\t<p>Der Mekel Vehicle-to-Load (V2L) mit Digitalanzeige verwandelt EVs (Electric Vehicle) in eine vielseitige Stromquelle, die es Nutzern erm\u00f6glicht, die Batterie des EVs anzuzapfen, um externe Ger\u00e4te zu betreiben. Dieser Adapter wurde f\u00fcr die nahtlose Integration mit V2L-f\u00e4higen EVs entwickelt und unterst\u00fctzt eine Reihe von Anwendungen, vom Camping und Outdoor-Abenteuer bis hin zur Notstromversorgung bei Stromausf\u00e4llen. Mit robusten Sicherheitsmerkmalen und Kompatibilit\u00e4t mit den wichtigsten globalen Standards bietet der Mekel V2L mit Digitalanzeige eine zuverl\u00e4ssige Stromversorgung f\u00fcr unterwegs, sowohl f\u00fcr private als auch f\u00fcr kommerzielle Zwecke.<\/p>\t\t\t\t\t\t\t\t<\/div>\n\t\t\t\t<\/div>\n\t\t\t\t<div class=\"elementor-element elementor-element-ab3761a elementor-widget elementor-widget-heading\" data-id=\"ab3761a\" data-element_type=\"widget\" data-widget_type=\"heading.default\">\n\t\t\t\t<div class=\"elementor-widget-container\">\n\t\t\t\t\t<h2 class=\"elementor-heading-title elementor-size-default\">Was ist V2L mit digitaler Anzeige? <\/h2>\t\t\t\t<\/div>\n\t\t\t\t<\/div>\n\t\t\t\t<div class=\"elementor-element elementor-element-b179d57 elementor-widget elementor-widget-text-editor\" data-id=\"b179d57\" data-element_type=\"widget\" data-widget_type=\"text-editor.default\">\n\t\t\t\t<div class=\"elementor-widget-container\">\n\t\t\t\t\t\t\t\t\t<p>Ein V2L mit Digitalanzeige ist ein spezielles Ger\u00e4t, das an den Ladeanschluss eines Elektrofahrzeugs angeschlossen wird und es der Hochleistungsbatterie des Fahrzeugs erm\u00f6glicht, externe Ger\u00e4te mit Wechselstrom zu versorgen. Fahrzeuge, die V2L unterst\u00fctzen, wandeln den Gleichstrom (DC) der Batterie in Wechselstrom (AC) an Bord um und liefern den Wechselstrom \u00fcber das V2L mit Digitalanzeige. Damit k\u00f6nnen Nutzer intensive Ger\u00e4te wie Elektroherde, Laptops und Elektrowerkzeuge mit Strom versorgen oder sogar ein anderes Elektrofahrzeug aufladen. Das V2L mit Digitalanzeige ist ideal f\u00fcr abgelegene Orte, Camping oder Notfallszenarien. Es erschlie\u00dft das ungenutzte Potenzial der Batterie Ihres Elektrofahrzeugs und verwandelt es in eine mobile Energiebank.<\/p>\t\t\t\t\t\t\t\t<\/div>\n\t\t\t\t<\/div>\n\t\t\t\t<div class=\"elementor-element elementor-element-6c75e56 elementor-widget elementor-widget-heading\" data-id=\"6c75e56\" data-element_type=\"widget\" data-widget_type=\"heading.default\">\n\t\t\t\t<div class=\"elementor-widget-container\">\n\t\t\t\t\t<h2 class=\"elementor-heading-title elementor-size-default\">Wie funktioniert V2L mit digitaler Anzeige?<\/h2>\t\t\t\t<\/div>\n\t\t\t\t<\/div>\n\t\t\t\t<div class=\"elementor-element elementor-element-d5500ed elementor-widget elementor-widget-text-editor\" data-id=\"d5500ed\" data-element_type=\"widget\" data-widget_type=\"text-editor.default\">\n\t\t\t\t<div class=\"elementor-widget-container\">\n\t\t\t\t\t\t\t\t\t<p>Der Mekel V2L mit Digitalanzeige wird direkt an den Typ-2-Ladeanschluss eines V2L-kompatiblen Elektrofahrzeugs angeschlossen. Sobald er angeschlossen ist, wandelt der fahrzeugeigene Wechselrichter den Gleichstrom der Batterie in Wechselstrom um, der dann \u00fcber die 230-Volt-Steckdose des Adapters an das angeschlossene Ger\u00e4t geliefert wird. Die Nutzer aktivieren den V2L-Modus \u00fcber das Infotainment-System des Fahrzeugs und k\u00f6nnen die Entladungsgrenzen individuell einstellen, um die Reichweite der Batterie w\u00e4hrend der Fahrt zu erhalten. Der Adapter unterst\u00fctzt bis zu 16 A f\u00fcr Ger\u00e4te mit h\u00f6herer Leistung und gew\u00e4hrleistet so Flexibilit\u00e4t in verschiedenen Szenarien.<\/p>\t\t\t\t\t\t\t\t<\/div>\n\t\t\t\t<\/div>\n\t\t\t\t<div class=\"elementor-element elementor-element-007ca1e elementor-widget elementor-widget-heading\" data-id=\"007ca1e\" data-element_type=\"widget\" data-widget_type=\"heading.default\">\n\t\t\t\t<div class=\"elementor-widget-container\">\n\t\t\t\t\t<h2 class=\"elementor-heading-title elementor-size-default\">Warum Mekel V2L mit digitaler Anzeige w\u00e4hlen?<\/h2>\t\t\t\t<\/div>\n\t\t\t\t<\/div>\n\t\t\t\t<div class=\"elementor-element elementor-element-1715c9e elementor-widget elementor-widget-heading\" data-id=\"1715c9e\" data-element_type=\"widget\" data-widget_type=\"heading.default\">\n\t\t\t\t<div class=\"elementor-widget-container\">\n\t\t\t\t\t<h3 class=\"elementor-heading-title elementor-size-default\">Vielseitige Stromversorgungsl\u00f6sung<\/h3>\t\t\t\t<\/div>\n\t\t\t\t<\/div>\n\t\t\t\t<div class=\"elementor-element elementor-element-3ed9a7e elementor-widget elementor-widget-text-editor\" data-id=\"3ed9a7e\" data-element_type=\"widget\" data-widget_type=\"text-editor.default\">\n\t\t\t\t<div class=\"elementor-widget-container\">\n\t\t\t\t\t\t\t\t\t<p>Mit dem Mekel V2L mit Digitalanzeige k\u00f6nnen Besitzer von Elektrofahrzeugen die Batterie ihres Fahrzeugs f\u00fcr eine Vielzahl von Anwendungen nutzen. Ob zum Betreiben einer Kaffeemaschine auf einem Campingausflug, zum Betreiben von Elektrowerkzeugen auf einer abgelegenen Baustelle oder zum Betreiben wichtiger Ger\u00e4te wie K\u00fchlschr\u00e4nke w\u00e4hrend eines Stromausfalls - dieser Adapter liefert bis zu 3,6 kW zuverl\u00e4ssige Leistung. Der V2L-Adapter mit Digitalanzeige eignet sich sowohl f\u00fcr den privaten als auch f\u00fcr den gewerblichen Einsatz und ist damit ein unverzichtbares Zubeh\u00f6r f\u00fcr moderne Elektroautobesitzer.<\/p>\t\t\t\t\t\t\t\t<\/div>\n\t\t\t\t<\/div>\n\t\t\t\t<div class=\"elementor-element elementor-element-01c21cd elementor-widget elementor-widget-heading\" data-id=\"01c21cd\" data-element_type=\"widget\" data-widget_type=\"heading.default\">\n\t\t\t\t<div class=\"elementor-widget-container\">\n\t\t\t\t\t<h3 class=\"elementor-heading-title elementor-size-default\">Universelle Kompatibilit\u00e4t<\/h3>\t\t\t\t<\/div>\n\t\t\t\t<\/div>\n\t\t\t\t<div class=\"elementor-element elementor-element-c931501 elementor-widget elementor-widget-text-editor\" data-id=\"c931501\" data-element_type=\"widget\" data-widget_type=\"text-editor.default\">\n\t\t\t\t<div class=\"elementor-widget-container\">\n\t\t\t\t\t\t\t\t\t<p>Der mit einem Typ-2-Stecker ausgestattete Adapter ist mit einer wachsenden Zahl von V2L-f\u00e4higen E-Fahrzeugen kompatibel, darunter der Hyundai Ioniq 5, der Kia EV6, der MG ZS EV und der BYD Atto 3. Die Einhaltung globaler Standards gew\u00e4hrleistet, dass der Adapter in zahlreichen M\u00e4rkten von Europa bis Nordamerika eingesetzt werden kann.<\/p>\t\t\t\t\t\t\t\t<\/div>\n\t\t\t\t<\/div>\n\t\t\t\t<div class=\"elementor-element elementor-element-c1c7d79 elementor-widget elementor-widget-heading\" data-id=\"c1c7d79\" data-element_type=\"widget\" data-widget_type=\"heading.default\">\n\t\t\t\t<div class=\"elementor-widget-container\">\n\t\t\t\t\t<h3 class=\"elementor-heading-title elementor-size-default\">Anpassbare Kabell\u00e4ngen f\u00fcr V2L mit Digitalanzeige<\/h3>\t\t\t\t<\/div>\n\t\t\t\t<\/div>\n\t\t\t\t<div class=\"elementor-element elementor-element-9eb2fac elementor-widget elementor-widget-text-editor\" data-id=\"9eb2fac\" data-element_type=\"widget\" data-widget_type=\"text-editor.default\">\n\t\t\t\t<div class=\"elementor-widget-container\">\n\t\t\t\t\t\t\t\t\t<p>Die Variante mit Mehrfachsteckdose ist in den L\u00e4ngen 3m, 5m und 10m erh\u00e4ltlich. Durch die anpassbare L\u00e4nge eignet sich das Mekel V2L mit Digitalanzeige f\u00fcr verschiedene Anwendungsf\u00e4lle, von kurzen Verbindungen f\u00fcr den Heimgebrauch bis hin zu gr\u00f6\u00dferen Reichweiten f\u00fcr Au\u00dfen- oder Gesch\u00e4ftsanwendungen. Die Kunden k\u00f6nnen die L\u00e4nge w\u00e4hlen, die am besten zu ihren Anforderungen an Komfort und Tragbarkeit passt.<\/p>\t\t\t\t\t\t\t\t<\/div>\n\t\t\t\t<\/div>\n\t\t\t\t<div class=\"elementor-element elementor-element-0917b6b elementor-widget elementor-widget-heading\" data-id=\"0917b6b\" data-element_type=\"widget\" data-widget_type=\"heading.default\">\n\t\t\t\t<div class=\"elementor-widget-container\">\n\t\t\t\t\t<h3 class=\"elementor-heading-title elementor-size-default\">Breites Spektrum an zweckgerichteten Modellen<\/h3>\t\t\t\t<\/div>\n\t\t\t\t<\/div>\n\t\t\t\t<div class=\"elementor-element elementor-element-1725825 elementor-widget elementor-widget-text-editor\" data-id=\"1725825\" data-element_type=\"widget\" data-widget_type=\"text-editor.default\">\n\t\t\t\t<div class=\"elementor-widget-container\">\n\t\t\t\t\t\t\t\t\t<p>Mekel bietet mehrere Modelle von V2L mit digitaler Anzeige an, die verschiedene Funktionen und Budgets abdecken. Dazu geh\u00f6ren die Standard-V2L mit Digitalanzeige, die Premium-Variante mit LCD-Display zum Aufladen und die Multi-Socket-Variante zum Aufladen mehrerer Ger\u00e4te. Egal, ob die Kunden budget- oder funktionsorientiert sind, Mekel hat die passende L\u00f6sung, um die Anforderungen der Kunden zu erf\u00fcllen.<\/p>\t\t\t\t\t\t\t\t<\/div>\n\t\t\t\t<\/div>\n\t\t\t\t<div class=\"elementor-element elementor-element-831abff elementor-widget elementor-widget-heading\" data-id=\"831abff\" data-element_type=\"widget\" data-widget_type=\"heading.default\">\n\t\t\t\t<div class=\"elementor-widget-container\">\n\t\t\t\t\t<h3 class=\"elementor-heading-title elementor-size-default\">Flexible Anpassungsl\u00f6sungen<\/h3>\t\t\t\t<\/div>\n\t\t\t\t<\/div>\n\t\t\t\t<div class=\"elementor-element elementor-element-1818af7 elementor-widget elementor-widget-text-editor\" data-id=\"1818af7\" data-element_type=\"widget\" data-widget_type=\"text-editor.default\">\n\t\t\t\t<div class=\"elementor-widget-container\">\n\t\t\t\t\t\t\t\t\t<p>Eine Lasergravur ist verf\u00fcgbar, die es den Kunden erm\u00f6glicht, ihr Logo auf das V2L mit Digitalanzeige zu gravieren. Mekel widmet sich auch dem anpassbaren Verpackungsdesign und der Beschaffung, um Kunden dabei zu unterst\u00fctzen, ihre Markenidentit\u00e4t gr\u00fcndlich an den Endverbraucher zu kommunizieren.<\/p>\t\t\t\t\t\t\t\t<\/div>\n\t\t\t\t<\/div>\n\t\t\t\t<div class=\"elementor-element elementor-element-7edd3bf elementor-widget elementor-widget-heading\" data-id=\"7edd3bf\" data-element_type=\"widget\" data-widget_type=\"heading.default\">\n\t\t\t\t<div class=\"elementor-widget-container\">\n\t\t\t\t\t<h2 class=\"elementor-heading-title elementor-size-default\">Hauptmerkmale von Mekel V2L mit Digitalanzeige<\/h2>\t\t\t\t<\/div>\n\t\t\t\t<\/div>\n\t\t\t\t<div class=\"elementor-element elementor-element-2bcd456 elementor-widget elementor-widget-text-editor\" data-id=\"2bcd456\" data-element_type=\"widget\" data-widget_type=\"text-editor.default\">\n\t\t\t\t<div class=\"elementor-widget-container\">\n\t\t\t\t\t\t\t\t\t<ul>\n<li>Hohe Leistungsabgabe bis zu 3,6 kW<\/li>\n<li>Typ-2-Stecker f\u00fcr universelle EV-Kompatibilit\u00e4t<\/li>\n<li>Mehrere Kabell\u00e4ngenoptionen f\u00fcr die Mehrfachsteckdosenvariante<\/li>\n<li>Wetterfeste Steckdosenoptionen f\u00fcr den Au\u00dfeneinsatz<\/li>\n<li>Unterst\u00fctzt eine breite Palette von V2L-f\u00e4higen E-Fahrzeugen<\/li>\n<li>Benutzerfreundliches Plug-and-Play-Design<\/li>\n<\/ul>\t\t\t\t\t\t\t\t<\/div>\n\t\t\t\t<\/div>\n\t\t\t\t<div class=\"elementor-element elementor-element-e9417a1 elementor-widget elementor-widget-heading\" data-id=\"e9417a1\" data-element_type=\"widget\" data-widget_type=\"heading.default\">\n\t\t\t\t<div class=\"elementor-widget-container\">\n\t\t\t\t\t<h2 class=\"elementor-heading-title elementor-size-default\">Kundenstimmen zu V2L mit Digitalanzeige<\/h2>\t\t\t\t<\/div>\n\t\t\t\t<\/div>\n\t\t\t\t<div class=\"elementor-element elementor-element-f33790f elementor-widget elementor-widget-text-editor\" data-id=\"f33790f\" data-element_type=\"widget\" data-widget_type=\"text-editor.default\">\n\t\t\t\t<div class=\"elementor-widget-container\">\n\t\t\t\t\t\t\t\t\t<p>\"Der Mekel V2L mit digitaler Anzeige hat unsere Campingausfl\u00fcge mit der Familie grundlegend ver\u00e4ndert. Wir haben es mit unserem Kia EV6 verwendet, um einen tragbaren K\u00fchlschrank und Lichterketten zu betreiben, und es hat einwandfrei funktioniert. Mit dem 5 m langen Kabel hatten wir eine gro\u00dfe Reichweite. Sehr empfehlenswert f\u00fcr jeden mit einem V2L-f\u00e4higen EV! - Sarah, Outdoor-Enthusiastin<\/p>\t\t\t\t\t\t\t\t<\/div>\n\t\t\t\t<\/div>\n\t\t\t\t<div class=\"elementor-element elementor-element-5cb7097 elementor-widget elementor-widget-heading\" data-id=\"5cb7097\" data-element_type=\"widget\" data-widget_type=\"heading.default\">\n\t\t\t\t<div class=\"elementor-widget-container\">\n\t\t\t\t\t<h2 class=\"elementor-heading-title elementor-size-default\">FAQ<\/h2>\t\t\t\t<\/div>\n\t\t\t\t<\/div>\n\t\t\t\t<div class=\"elementor-element elementor-element-9145808 elementor-widget elementor-widget-n-accordion\" data-id=\"9145808\" data-element_type=\"widget\" data-settings=\"{&quot;default_state&quot;:&quot;expanded&quot;,&quot;max_items_expended&quot;:&quot;one&quot;,&quot;n_accordion_animation_duration&quot;:{&quot;unit&quot;:&quot;ms&quot;,&quot;size&quot;:400,&quot;sizes&quot;:[]}}\" data-widget_type=\"nested-accordion.default\">\n\t\t\t\t<div class=\"elementor-widget-container\">\n\t\t\t\t\t\t\t<div class=\"e-n-accordion\" aria-label=\"Akkordeon. \u00d6ffnen Sie Links mit Enter oder Space, schlie\u00dfen Sie sie mit Escape und navigieren Sie mit den Pfeiltasten.\">\n\t\t\t\t\t\t<details id=\"e-n-accordion-item-1520\" class=\"e-n-accordion-item\" open>\n\t\t\t\t<summary class=\"e-n-accordion-item-title\" data-accordion-index=\"1\" tabindex=\"0\" aria-expanded=\"true\" aria-controls=\"e-n-accordion-item-1520\" >\n\t\t\t\t\t<span class='e-n-accordion-item-title-header'><div class=\"e-n-accordion-item-title-text\"> Welche E-Fahrzeuge sind mit dem Mekel V2L mit Digitalanzeige kompatibel? <\/div><\/span>\n\t\t\t\t\t\t\t<span class='e-n-accordion-item-title-icon'>\n\t\t\t<span class='e-opened' ><svg aria-hidden=\"true\" class=\"e-font-icon-svg e-fas-minus\" viewbox=\"0 0 448 512\" xmlns=\"http:\/\/www.w3.org\/2000\/svg\"><path d=\"M416 208H32c-17.67 0-32 14.33-32 32v32c0 17.67 14.33 32 32 32h384c17.67 0 32-14.33 32-32v-32c0-17.67-14.33-32-32-32z\"><\/path><\/svg><\/span>\n\t\t\t<span class='e-closed'><svg aria-hidden=\"true\" class=\"e-font-icon-svg e-fas-plus\" viewbox=\"0 0 448 512\" xmlns=\"http:\/\/www.w3.org\/2000\/svg\"><path d=\"M416 208H272V64c0-17.67-14.33-32-32-32h-32c-17.67 0-32 14.33-32 32v144H32c-17.67 0-32 14.33-32 32v32c0 17.67 14.33 32 32 32h144v144c0 17.67 14.33 32 32 32h32c17.67 0 32-14.33 32-32V304h144c17.67 0 32-14.33 32-32v-32c0-17.67-14.33-32-32-32z\"><\/path><\/svg><\/span>\n\t\t<\/span>\n\n\t\t\t\t\t\t<\/summary>\n\t\t\t\t<div role=\"region\" aria-labelledby=\"e-n-accordion-item-1520\" class=\"elementor-element elementor-element-88cb4ce e-con-full e-flex e-con e-child\" data-id=\"88cb4ce\" data-element_type=\"container\">\n\t\t\t\t<div class=\"elementor-element elementor-element-aea238c elementor-widget elementor-widget-text-editor\" data-id=\"aea238c\" data-element_type=\"widget\" data-widget_type=\"text-editor.default\">\n\t\t\t\t<div class=\"elementor-widget-container\">\n\t\t\t\t\t\t\t\t\t<p>Der Adapter ist mit V2L-f\u00e4higen E-Fahrzeugen kompatibel, darunter der Hyundai Ioniq 5, Kia EV6, MG ZS EV, BYD Atto 3, Genesis GV60\/GV70 und andere. Verbraucher sollten das Handbuch des Fahrzeugs \u00fcberpr\u00fcfen, um die V2L-Unterst\u00fctzung zu best\u00e4tigen.<\/p>\t\t\t\t\t\t\t\t<\/div>\n\t\t\t\t<\/div>\n\t\t\t\t<\/div>\n\t\t\t\t\t<\/details>\n\t\t\t\t\t\t<details id=\"e-n-accordion-item-1521\" class=\"e-n-accordion-item\" >\n\t\t\t\t<summary class=\"e-n-accordion-item-title\" data-accordion-index=\"2\" tabindex=\"-1\" aria-expanded=\"false\" aria-controls=\"e-n-accordion-item-1521\" >\n\t\t\t\t\t<span class='e-n-accordion-item-title-header'><div class=\"e-n-accordion-item-title-text\"> Welche Ger\u00e4te k\u00f6nnen mit dem V2L mit Digitalanzeige betrieben werden? <\/div><\/span>\n\t\t\t\t\t\t\t<span class='e-n-accordion-item-title-icon'>\n\t\t\t<span class='e-opened' ><svg aria-hidden=\"true\" class=\"e-font-icon-svg e-fas-minus\" viewbox=\"0 0 448 512\" xmlns=\"http:\/\/www.w3.org\/2000\/svg\"><path d=\"M416 208H32c-17.67 0-32 14.33-32 32v32c0 17.67 14.33 32 32 32h384c17.67 0 32-14.33 32-32v-32c0-17.67-14.33-32-32-32z\"><\/path><\/svg><\/span>\n\t\t\t<span class='e-closed'><svg aria-hidden=\"true\" class=\"e-font-icon-svg e-fas-plus\" viewbox=\"0 0 448 512\" xmlns=\"http:\/\/www.w3.org\/2000\/svg\"><path d=\"M416 208H272V64c0-17.67-14.33-32-32-32h-32c-17.67 0-32 14.33-32 32v144H32c-17.67 0-32 14.33-32 32v32c0 17.67 14.33 32 32 32h144v144c0 17.67 14.33 32 32 32h32c17.67 0 32-14.33 32-32V304h144c17.67 0 32-14.33 32-32v-32c0-17.67-14.33-32-32-32z\"><\/path><\/svg><\/span>\n\t\t<\/span>\n\n\t\t\t\t\t\t<\/summary>\n\t\t\t\t<div role=\"region\" aria-labelledby=\"e-n-accordion-item-1521\" class=\"elementor-element elementor-element-1b6aa00 e-con-full e-flex e-con e-child\" data-id=\"1b6aa00\" data-element_type=\"container\">\n\t\t\t\t<div class=\"elementor-element elementor-element-da0611a elementor-widget elementor-widget-text-editor\" data-id=\"da0611a\" data-element_type=\"widget\" data-widget_type=\"text-editor.default\">\n\t\t\t\t<div class=\"elementor-widget-container\">\n\t\t\t\t\t\t\t\t\t<p>Es kann Ger\u00e4te wie einen tragbaren Ofen und einen Grill beim Camping sowie K\u00fchlschr\u00e4nke und Lampen bei Stromausf\u00e4llen mit Strom versorgen. Die obere Grenze der Ausgangsleistung liegt bei 3,6 kW, was f\u00fcr die meisten der verf\u00fcgbaren Ger\u00e4te ausreicht.<\/p>\t\t\t\t\t\t\t\t<\/div>\n\t\t\t\t<\/div>\n\t\t\t\t<\/div>\n\t\t\t\t\t<\/details>\n\t\t\t\t\t<\/div>\n\t\t\t\t\t\t<\/div>\n\t\t\t\t<\/div>\n\t\t\t\t\t<\/div>\n\t\t\t\t<\/div>\n\t\t\t\t<\/div>","protected":false},"excerpt":{"rendered":"<p>Standard f\u00fcr V2L mit Digitalanzeige Leistungsabgabe: Bis zu 3,6 kW (1 Phase, 16 Ampere) Steckertyp: Typ 2 Steckdosen-Typ: Schuko, UK 3 Pin, Mehrfachsteckdose Kabeloption: Erh\u00e4ltlich in 3m, 5m und 10m Optionen Kompatible Fahrzeuge: Hyundai Ioniq 5, Kia EV6, MG ZS EV, BYD Atto 3, Genesis GV60\/GV70, und andere V2L-f\u00e4hige [...]<\/p>","protected":false},"author":1,"featured_media":2280,"menu_order":0,"template":"","format":"standard","meta":{"_acf_changed":false,"site-sidebar-layout":"default","site-content-layout":"","ast-site-content-layout":"default","site-content-style":"default","site-sidebar-style":"default","ast-global-header-display":"","ast-banner-title-visibility":"","ast-main-header-display":"","ast-hfb-above-header-display":"","ast-hfb-below-header-display":"","ast-hfb-mobile-header-display":"","site-post-title":"","ast-breadcrumbs-content":"","ast-featured-img":"","footer-sml-layout":"","ast-disable-related-posts":"","theme-transparent-header-meta":"","adv-header-id-meta":"","stick-header-meta":"","header-above-stick-meta":"","header-main-stick-meta":"","header-below-stick-meta":"","astra-migrate-meta-layouts":"set","ast-page-background-enabled":"default","ast-page-background-meta":{"desktop":{"background-color":"","background-image":"","background-repeat":"repeat","background-position":"center center","background-size":"auto","background-attachment":"scroll","background-type":"","background-media":"","overlay-type":"","overlay-color":"","overlay-opacity":"","overlay-gradient":""},"tablet":{"background-color":"","background-image":"","background-repeat":"repeat","background-position":"center center","background-size":"auto","background-attachment":"scroll","background-type":"","background-media":"","overlay-type":"","overlay-color":"","overlay-opacity":"","overlay-gradient":""},"mobile":{"background-color":"","background-image":"","background-repeat":"repeat","background-position":"center center","background-size":"auto","background-attachment":"scroll","background-type":"","background-media":"","overlay-type":"","overlay-color":"","overlay-opacity":"","overlay-gradient":""}},"ast-content-background-meta":{"desktop":{"background-color":"var(--ast-global-color-5)","background-image":"","background-repeat":"repeat","background-position":"center center","background-size":"auto","background-attachment":"scroll","background-type":"","background-media":"","overlay-type":"","overlay-color":"","overlay-opacity":"","overlay-gradient":""},"tablet":{"background-color":"var(--ast-global-color-5)","background-image":"","background-repeat":"repeat","background-position":"center center","background-size":"auto","background-attachment":"scroll","background-type":"","background-media":"","overlay-type":"","overlay-color":"","overlay-opacity":"","overlay-gradient":""},"mobile":{"background-color":"var(--ast-global-color-5)","background-image":"","background-repeat":"repeat","background-position":"center center","background-size":"auto","background-attachment":"scroll","background-type":"","background-media":"","overlay-type":"","overlay-color":"","overlay-opacity":"","overlay-gradient":""}},"footnotes":""},"product-category":[93],"product-tag":[],"class_list":["post-2278","product","type-product","status-publish","format-standard","has-post-thumbnail","hentry","product-category-vehicle-to-load-v2l"],"acf":[],"_links":{"self":[{"href":"https:\/\/www.mekeltech.com\/de\/wp-json\/wp\/v2\/product\/2278","targetHints":{"allow":["GET"]}}],"collection":[{"href":"https:\/\/www.mekeltech.com\/de\/wp-json\/wp\/v2\/product"}],"about":[{"href":"https:\/\/www.mekeltech.com\/de\/wp-json\/wp\/v2\/types\/product"}],"author":[{"embeddable":true,"href":"https:\/\/www.mekeltech.com\/de\/wp-json\/wp\/v2\/users\/1"}],"version-history":[{"count":14,"href":"https:\/\/www.mekeltech.com\/de\/wp-json\/wp\/v2\/product\/2278\/revisions"}],"predecessor-version":[{"id":7130,"href":"https:\/\/www.mekeltech.com\/de\/wp-json\/wp\/v2\/product\/2278\/revisions\/7130"}],"wp:featuredmedia":[{"embeddable":true,"href":"https:\/\/www.mekeltech.com\/de\/wp-json\/wp\/v2\/media\/2280"}],"wp:attachment":[{"href":"https:\/\/www.mekeltech.com\/de\/wp-json\/wp\/v2\/media?parent=2278"}],"wp:term":[{"taxonomy":"product-category","embeddable":true,"href":"https:\/\/www.mekeltech.com\/de\/wp-json\/wp\/v2\/product-category?post=2278"},{"taxonomy":"product-tag","embeddable":true,"href":"https:\/\/www.mekeltech.com\/de\/wp-json\/wp\/v2\/product-tag?post=2278"}],"curies":[{"name":"wp","href":"https:\/\/api.w.org\/{rel}","templated":true}]}}