{"id":2275,"date":"2025-05-12T06:35:36","date_gmt":"2025-05-12T06:35:36","guid":{"rendered":"https:\/\/mekeltech.com\/?post_type=product&#038;p=2275"},"modified":"2025-08-21T14:09:12","modified_gmt":"2025-08-21T06:09:12","slug":"vehicle-to-load-standard","status":"publish","type":"product","link":"https:\/\/www.mekeltech.com\/de\/product\/vehicle-to-load-standard\/","title":{"rendered":"V2L-Norm"},"content":{"rendered":"<div data-elementor-type=\"wp-post\" data-elementor-id=\"2275\" class=\"elementor elementor-2275\" data-elementor-post-type=\"product\">\n\t\t\t\t<div class=\"elementor-element elementor-element-2da37ea e-flex e-con-boxed e-con e-parent\" data-id=\"2da37ea\" data-element_type=\"container\">\n\t\t\t\t\t<div class=\"e-con-inner\">\n\t\t\t\t<div class=\"elementor-element elementor-element-25e61d7 elementor-widget elementor-widget-heading\" data-id=\"25e61d7\" data-element_type=\"widget\" data-widget_type=\"heading.default\">\n\t\t\t\t<div class=\"elementor-widget-container\">\n\t\t\t\t\t<h2 class=\"elementor-heading-title elementor-size-default\">V2L-Norm<\/h2>\t\t\t\t<\/div>\n\t\t\t\t<\/div>\n\t\t\t\t<div class=\"elementor-element elementor-element-7582acf elementor-widget elementor-widget-text-editor\" data-id=\"7582acf\" data-element_type=\"widget\" data-widget_type=\"text-editor.default\">\n\t\t\t\t<div class=\"elementor-widget-container\">\n\t\t\t\t\t\t\t\t\t<ul class=\"wp-block-list\">\n<li>Leistungsabgabe: Bis zu 3,6 kW (1 Phase, 16 Ampere)<\/li>\n<!-- \/wp:list-item --><!-- wp:list-item -->\n<li>Steckertyp: Typ 2<\/li>\n<!-- \/wp:list-item --><!-- wp:list-item -->\n<li>Steckdosen-Typ: Schuko, UK 3 Pin, Mehrfachsteckdose<\/li>\n<!-- \/wp:list-item --><!-- wp:list-item -->\n<li>Kabel-Option: Verf\u00fcgbar in 3m, 5m und 10m Optionen<\/li>\n<!-- \/wp:list-item --><!-- wp:list-item -->\n<li>Kompatible Fahrzeuge: Hyundai Ioniq 5, Kia EV6, MG ZS EV, BYD Atto 3, Genesis GV60\/GV70 und andere Vehicle-to-Load-Standard-f\u00e4hige Elektrofahrzeuge<\/li>\n<!-- \/wp:list-item --><!-- wp:list-item -->\n<li>Zertifizierungen: CE<\/li>\n<\/ul>\t\t\t\t\t\t\t\t<\/div>\n\t\t\t\t<\/div>\n\t\t\t\t<div class=\"elementor-element elementor-element-c354ff2 elementor-widget elementor-widget-text-editor\" data-id=\"c354ff2\" data-element_type=\"widget\" data-widget_type=\"text-editor.default\">\n\t\t\t\t<div class=\"elementor-widget-container\">\n\t\t\t\t\t\t\t\t\t<p>Die Mekel Vehicle-to-Load (V2L)-Standardadapter verwandeln EVs (Electric Vehicle) in eine vielseitige Stromquelle, die es dem Benutzer erm\u00f6glicht, die Batterie des EVs anzuzapfen, um externe Ger\u00e4te zu betreiben. Dieser Adapter wurde f\u00fcr die nahtlose Integration mit V2L-f\u00e4higen EVs entwickelt und unterst\u00fctzt eine Reihe von Anwendungen, vom Camping und Outdoor-Abenteuer bis hin zur Notstromversorgung bei Stromausf\u00e4llen. Mit seinen robusten Sicherheitsmerkmalen und seiner Kompatibilit\u00e4t mit den wichtigsten globalen Standards bietet der Mekel V2L-Standardadapter eine zuverl\u00e4ssige Stromversorgung f\u00fcr unterwegs, sowohl f\u00fcr private als auch f\u00fcr kommerzielle Zwecke.<\/p>\t\t\t\t\t\t\t\t<\/div>\n\t\t\t\t<\/div>\n\t\t\t\t<div class=\"elementor-element elementor-element-01615b6 elementor-widget elementor-widget-heading\" data-id=\"01615b6\" data-element_type=\"widget\" data-widget_type=\"heading.default\">\n\t\t\t\t<div class=\"elementor-widget-container\">\n\t\t\t\t\t<h2 class=\"elementor-heading-title elementor-size-default\">Was ist ein V2L-Standardadapter? <\/h2>\t\t\t\t<\/div>\n\t\t\t\t<\/div>\n\t\t\t\t<div class=\"elementor-element elementor-element-18c78fb elementor-widget elementor-widget-text-editor\" data-id=\"18c78fb\" data-element_type=\"widget\" data-widget_type=\"text-editor.default\">\n\t\t\t\t<div class=\"elementor-widget-container\">\n\t\t\t\t\t\t\t\t\t<p>Ein V2L-Standardadapter ist ein spezielles Ger\u00e4t, das an den Ladeanschluss eines Elektrofahrzeugs angeschlossen wird und es der Hochleistungsbatterie des Fahrzeugs erm\u00f6glicht, externe Ger\u00e4te mit Wechselstrom zu versorgen. Fahrzeuge, die V2L unterst\u00fctzen, wandeln den Gleichstrom (DC) der Batterie in Wechselstrom (AC) an Bord um und liefern den Wechselstrom \u00fcber den V2L-Standardadapter. Damit k\u00f6nnen Nutzer intensive Ger\u00e4te wie Elektroherde, Laptops und Elektrowerkzeuge mit Strom versorgen oder sogar ein anderes Elektrofahrzeug aufladen. Der V2L mit digitaler Anzeige ist ideal f\u00fcr abgelegene Orte, Camping oder Notfallszenarien. Er erschlie\u00dft das ungenutzte Potenzial der Batterie Ihres Elektrofahrzeugs und verwandelt es in eine mobile Energiebank. Der V2L-Standardadapter ist die g\u00e4ngigste und preisg\u00fcnstigste Option, die eine zuverl\u00e4ssige Strom\u00fcbertragung vom Elektrofahrzeug zum Ger\u00e4t erm\u00f6glicht.<\/p>\t\t\t\t\t\t\t\t<\/div>\n\t\t\t\t<\/div>\n\t\t\t\t<div class=\"elementor-element elementor-element-9869f30 elementor-widget elementor-widget-heading\" data-id=\"9869f30\" data-element_type=\"widget\" data-widget_type=\"heading.default\">\n\t\t\t\t<div class=\"elementor-widget-container\">\n\t\t\t\t\t<h2 class=\"elementor-heading-title elementor-size-default\">Wie funktioniert der V2L-Standardadapter?<\/h2>\t\t\t\t<\/div>\n\t\t\t\t<\/div>\n\t\t\t\t<div class=\"elementor-element elementor-element-c9ffd29 elementor-widget elementor-widget-text-editor\" data-id=\"c9ffd29\" data-element_type=\"widget\" data-widget_type=\"text-editor.default\">\n\t\t\t\t<div class=\"elementor-widget-container\">\n\t\t\t\t\t\t\t\t\t<p>Der Mekel V2L-Standardadapter wird direkt an den Typ-2-Ladeanschluss eines V2L-kompatiblen Elektrofahrzeugs angeschlossen. Sobald er angeschlossen ist, wandelt der fahrzeugeigene Wechselrichter den Gleichstrom der Batterie in Wechselstrom um, der dann \u00fcber die 230-Volt-Buchse des Adapters an das angeschlossene Ger\u00e4t geliefert wird. Die Nutzer aktivieren den V2L-Modus \u00fcber das Infotainment-System des Fahrzeugs und k\u00f6nnen die Entladegrenzen individuell einstellen, um die Reichweite der Batterie w\u00e4hrend der Fahrt zu erhalten. Der Adapter unterst\u00fctzt bis zu 16 A f\u00fcr Ger\u00e4te mit h\u00f6herer Leistung und gew\u00e4hrleistet so Flexibilit\u00e4t in verschiedenen Szenarien.<\/p>\t\t\t\t\t\t\t\t<\/div>\n\t\t\t\t<\/div>\n\t\t\t\t<div class=\"elementor-element elementor-element-688c6c7 elementor-widget elementor-widget-heading\" data-id=\"688c6c7\" data-element_type=\"widget\" data-widget_type=\"heading.default\">\n\t\t\t\t<div class=\"elementor-widget-container\">\n\t\t\t\t\t<h2 class=\"elementor-heading-title elementor-size-default\">Warum Mekel V2L-Adapter w\u00e4hlen?<\/h2>\t\t\t\t<\/div>\n\t\t\t\t<\/div>\n\t\t\t\t<div class=\"elementor-element elementor-element-8843385 elementor-widget elementor-widget-heading\" data-id=\"8843385\" data-element_type=\"widget\" data-widget_type=\"heading.default\">\n\t\t\t\t<div class=\"elementor-widget-container\">\n\t\t\t\t\t<h3 class=\"elementor-heading-title elementor-size-default\">Vielseitige Stromversorgungsl\u00f6sung<\/h3>\t\t\t\t<\/div>\n\t\t\t\t<\/div>\n\t\t\t\t<div class=\"elementor-element elementor-element-6859e91 elementor-widget elementor-widget-text-editor\" data-id=\"6859e91\" data-element_type=\"widget\" data-widget_type=\"text-editor.default\">\n\t\t\t\t<div class=\"elementor-widget-container\">\n\t\t\t\t\t\t\t\t\t<p>Mit dem Mekel V2L-Adapter k\u00f6nnen Besitzer von Elektrofahrzeugen die Batterie ihres Fahrzeugs f\u00fcr eine Vielzahl von Anwendungen nutzen. Ob zum Betreiben einer Kaffeemaschine auf einem Campingausflug, zum Betreiben von Elektrowerkzeugen auf einer abgelegenen Baustelle oder zum Betreiben wichtiger Ger\u00e4te wie K\u00fchlschr\u00e4nke w\u00e4hrend eines Stromausfalls - dieser Adapter liefert bis zu 3,6 kW zuverl\u00e4ssige Leistung. Der V2L-Standardadapter unterst\u00fctzt sowohl die private als auch die gewerbliche Nutzung und ist damit ein unverzichtbares Zubeh\u00f6r f\u00fcr moderne Elektroautobesitzer.<\/p>\t\t\t\t\t\t\t\t<\/div>\n\t\t\t\t<\/div>\n\t\t\t\t<div class=\"elementor-element elementor-element-e8bd921 elementor-widget elementor-widget-heading\" data-id=\"e8bd921\" data-element_type=\"widget\" data-widget_type=\"heading.default\">\n\t\t\t\t<div class=\"elementor-widget-container\">\n\t\t\t\t\t<h3 class=\"elementor-heading-title elementor-size-default\">Universelle Kompatibilit\u00e4t<\/h3>\t\t\t\t<\/div>\n\t\t\t\t<\/div>\n\t\t\t\t<div class=\"elementor-element elementor-element-1720a52 elementor-widget elementor-widget-text-editor\" data-id=\"1720a52\" data-element_type=\"widget\" data-widget_type=\"text-editor.default\">\n\t\t\t\t<div class=\"elementor-widget-container\">\n\t\t\t\t\t\t\t\t\t<p>Der mit einem Typ-2-Stecker ausgestattete Adapter ist mit einer wachsenden Zahl von V2L-f\u00e4higen E-Fahrzeugen kompatibel, darunter der Hyundai Ioniq 5, der Kia EV6, der MG ZS EV und der BYD Atto 3. Die Einhaltung globaler Standards gew\u00e4hrleistet, dass der Adapter in zahlreichen M\u00e4rkten von Europa bis Nordamerika eingesetzt werden kann.<\/p>\t\t\t\t\t\t\t\t<\/div>\n\t\t\t\t<\/div>\n\t\t\t\t<div class=\"elementor-element elementor-element-f39f0c1 elementor-widget elementor-widget-heading\" data-id=\"f39f0c1\" data-element_type=\"widget\" data-widget_type=\"heading.default\">\n\t\t\t\t<div class=\"elementor-widget-container\">\n\t\t\t\t\t<h3 class=\"elementor-heading-title elementor-size-default\">Anpassbare Kabell\u00e4ngen<\/h3>\t\t\t\t<\/div>\n\t\t\t\t<\/div>\n\t\t\t\t<div class=\"elementor-element elementor-element-5abc357 elementor-widget elementor-widget-text-editor\" data-id=\"5abc357\" data-element_type=\"widget\" data-widget_type=\"text-editor.default\">\n\t\t\t\t<div class=\"elementor-widget-container\">\n\t\t\t\t\t\t\t\t\t<p>Die Variante mit Mehrfachsteckdose ist in den L\u00e4ngen 3m, 5m und 10m erh\u00e4ltlich. Durch die anpassbare L\u00e4nge eignet sich der Mekel V2L-Standardadapter f\u00fcr verschiedene Anwendungsf\u00e4lle, von kurzen Verbindungen f\u00fcr den Heimgebrauch bis hin zu gr\u00f6\u00dferen Reichweiten f\u00fcr Anwendungen im Freien oder im gewerblichen Bereich. Die Kunden k\u00f6nnen die L\u00e4nge w\u00e4hlen, die am besten zu ihren Anforderungen an Komfort und Portabilit\u00e4t passt.<\/p>\t\t\t\t\t\t\t\t<\/div>\n\t\t\t\t<\/div>\n\t\t\t\t<div class=\"elementor-element elementor-element-0eacb94 elementor-widget elementor-widget-heading\" data-id=\"0eacb94\" data-element_type=\"widget\" data-widget_type=\"heading.default\">\n\t\t\t\t<div class=\"elementor-widget-container\">\n\t\t\t\t\t<h3 class=\"elementor-heading-title elementor-size-default\">Breites Spektrum an zweckgerichteten Modellen<\/h3>\t\t\t\t<\/div>\n\t\t\t\t<\/div>\n\t\t\t\t<div class=\"elementor-element elementor-element-383f04e elementor-widget elementor-widget-text-editor\" data-id=\"383f04e\" data-element_type=\"widget\" data-widget_type=\"text-editor.default\">\n\t\t\t\t<div class=\"elementor-widget-container\">\n\t\t\t\t\t\t\t\t\t<p>Mekel bietet mehrere Modelle von V2L-Adaptern f\u00fcr verschiedene Funktionen und Budgets an. Dazu geh\u00f6ren der V2L-Standardadapter, die Premium-Variante mit LCD-Display zum Laden und die Multi-Socket-Variante zum Laden mehrerer Ger\u00e4te. Ganz gleich, ob die Kunden budget- oder funktionsorientiert sind, Mekel hat die passende Produktl\u00f6sung f\u00fcr die Anforderungen der Kunden.<\/p>\t\t\t\t\t\t\t\t<\/div>\n\t\t\t\t<\/div>\n\t\t\t\t<div class=\"elementor-element elementor-element-0a0e6af elementor-widget elementor-widget-heading\" data-id=\"0a0e6af\" data-element_type=\"widget\" data-widget_type=\"heading.default\">\n\t\t\t\t<div class=\"elementor-widget-container\">\n\t\t\t\t\t<h3 class=\"elementor-heading-title elementor-size-default\">Flexible Anpassungsl\u00f6sungen<\/h3>\t\t\t\t<\/div>\n\t\t\t\t<\/div>\n\t\t\t\t<div class=\"elementor-element elementor-element-bf0a471 elementor-widget elementor-widget-text-editor\" data-id=\"bf0a471\" data-element_type=\"widget\" data-widget_type=\"text-editor.default\">\n\t\t\t\t<div class=\"elementor-widget-container\">\n\t\t\t\t\t\t\t\t\t<p>Die Kunden k\u00f6nnen ihr Logo per Lasergravur in die V2L-Standardadapter eingravieren lassen. Mekel widmet sich auch dem anpassbaren Verpackungsdesign und der Beschaffung, um Kunden bei der Kommunikation ihrer Markenidentit\u00e4t an den Endverbraucher zu unterst\u00fctzen.<\/p>\t\t\t\t\t\t\t\t<\/div>\n\t\t\t\t<\/div>\n\t\t\t\t<div class=\"elementor-element elementor-element-0839937 elementor-widget elementor-widget-heading\" data-id=\"0839937\" data-element_type=\"widget\" data-widget_type=\"heading.default\">\n\t\t\t\t<div class=\"elementor-widget-container\">\n\t\t\t\t\t<h2 class=\"elementor-heading-title elementor-size-default\">Hauptmerkmale von Mekel V2L Standard Adapter<\/h2>\t\t\t\t<\/div>\n\t\t\t\t<\/div>\n\t\t\t\t<div class=\"elementor-element elementor-element-1220974 elementor-widget elementor-widget-text-editor\" data-id=\"1220974\" data-element_type=\"widget\" data-widget_type=\"text-editor.default\">\n\t\t\t\t<div class=\"elementor-widget-container\">\n\t\t\t\t\t\t\t\t\t<ul>\n<li>Hohe Ausgangsleistung von bis zu 3,6 kW mit V2L-Standardadapterdesign<\/li>\n<li>Typ-2-Stecker f\u00fcr universelle EV-Kompatibilit\u00e4t<\/li>\n<li>Mehrere Kabell\u00e4ngenoptionen f\u00fcr die Mehrfachsteckdosenvariante<\/li>\n<li>Wetterfeste Steckdosenoptionen f\u00fcr den Au\u00dfeneinsatz<\/li>\n<li>Unterst\u00fctzt eine breite Palette von V2L-f\u00e4higen E-Fahrzeugen<\/li>\n<li>Benutzerfreundliches Plug-and-Play-Design<\/li>\n<\/ul>\t\t\t\t\t\t\t\t<\/div>\n\t\t\t\t<\/div>\n\t\t\t\t<div class=\"elementor-element elementor-element-badfa94 elementor-widget elementor-widget-heading\" data-id=\"badfa94\" data-element_type=\"widget\" data-widget_type=\"heading.default\">\n\t\t\t\t<div class=\"elementor-widget-container\">\n\t\t\t\t\t<h2 class=\"elementor-heading-title elementor-size-default\">Erfahrungsberichte von Kunden<\/h2>\t\t\t\t<\/div>\n\t\t\t\t<\/div>\n\t\t\t\t<div class=\"elementor-element elementor-element-209ab11 elementor-widget elementor-widget-text-editor\" data-id=\"209ab11\" data-element_type=\"widget\" data-widget_type=\"text-editor.default\">\n\t\t\t\t<div class=\"elementor-widget-container\">\n\t\t\t\t\t\t\t\t\t<p>\"Der Mekel V2L-Standardadapter hat sich f\u00fcr unsere Campingausfl\u00fcge mit der Familie als \u00e4u\u00dferst n\u00fctzlich erwiesen. Wir haben ihn mit unserem Kia EV6 verwendet, um einen tragbaren K\u00fchlschrank und Lichterketten mit Strom zu versorgen, und es hat tadellos funktioniert. Mit dem 5 m langen Kabel hatten wir eine gro\u00dfe Reichweite. Sehr empfehlenswert f\u00fcr jeden mit einem V2L-f\u00e4higen EV! - Sarah, Outdoor-Enthusiastin<\/p>\t\t\t\t\t\t\t\t<\/div>\n\t\t\t\t<\/div>\n\t\t\t\t<div class=\"elementor-element elementor-element-d62f669 elementor-widget elementor-widget-heading\" data-id=\"d62f669\" data-element_type=\"widget\" data-widget_type=\"heading.default\">\n\t\t\t\t<div class=\"elementor-widget-container\">\n\t\t\t\t\t<h2 class=\"elementor-heading-title elementor-size-default\">FAQ<\/h2>\t\t\t\t<\/div>\n\t\t\t\t<\/div>\n\t\t\t\t<div class=\"elementor-element elementor-element-5068d14 elementor-widget elementor-widget-n-accordion\" data-id=\"5068d14\" data-element_type=\"widget\" data-settings=\"{&quot;default_state&quot;:&quot;expanded&quot;,&quot;max_items_expended&quot;:&quot;one&quot;,&quot;n_accordion_animation_duration&quot;:{&quot;unit&quot;:&quot;ms&quot;,&quot;size&quot;:400,&quot;sizes&quot;:[]}}\" data-widget_type=\"nested-accordion.default\">\n\t\t\t\t<div class=\"elementor-widget-container\">\n\t\t\t\t\t\t\t<div class=\"e-n-accordion\" aria-label=\"Akkordeon. \u00d6ffnen Sie Links mit Enter oder Space, schlie\u00dfen Sie sie mit Escape und navigieren Sie mit den Pfeiltasten.\">\n\t\t\t\t\t\t<details id=\"e-n-accordion-item-8430\" class=\"e-n-accordion-item\" open>\n\t\t\t\t<summary class=\"e-n-accordion-item-title\" data-accordion-index=\"1\" tabindex=\"0\" aria-expanded=\"true\" aria-controls=\"e-n-accordion-item-8430\" >\n\t\t\t\t\t<span class='e-n-accordion-item-title-header'><div class=\"e-n-accordion-item-title-text\"> Welche EVs sind mit dem Mekel V2L Standard Adapter kompatibel? <\/div><\/span>\n\t\t\t\t\t\t\t<span class='e-n-accordion-item-title-icon'>\n\t\t\t<span class='e-opened' ><svg aria-hidden=\"true\" class=\"e-font-icon-svg e-fas-minus\" viewbox=\"0 0 448 512\" xmlns=\"http:\/\/www.w3.org\/2000\/svg\"><path d=\"M416 208H32c-17.67 0-32 14.33-32 32v32c0 17.67 14.33 32 32 32h384c17.67 0 32-14.33 32-32v-32c0-17.67-14.33-32-32-32z\"><\/path><\/svg><\/span>\n\t\t\t<span class='e-closed'><svg aria-hidden=\"true\" class=\"e-font-icon-svg e-fas-plus\" viewbox=\"0 0 448 512\" xmlns=\"http:\/\/www.w3.org\/2000\/svg\"><path d=\"M416 208H272V64c0-17.67-14.33-32-32-32h-32c-17.67 0-32 14.33-32 32v144H32c-17.67 0-32 14.33-32 32v32c0 17.67 14.33 32 32 32h144v144c0 17.67 14.33 32 32 32h32c17.67 0 32-14.33 32-32V304h144c17.67 0 32-14.33 32-32v-32c0-17.67-14.33-32-32-32z\"><\/path><\/svg><\/span>\n\t\t<\/span>\n\n\t\t\t\t\t\t<\/summary>\n\t\t\t\t<div role=\"region\" aria-labelledby=\"e-n-accordion-item-8430\" class=\"elementor-element elementor-element-96f3182 e-con-full e-flex e-con e-child\" data-id=\"96f3182\" data-element_type=\"container\">\n\t\t\t\t<div class=\"elementor-element elementor-element-6503594 elementor-widget elementor-widget-text-editor\" data-id=\"6503594\" data-element_type=\"widget\" data-widget_type=\"text-editor.default\">\n\t\t\t\t<div class=\"elementor-widget-container\">\n\t\t\t\t\t\t\t\t\t<p>Der Adapter ist mit V2L-f\u00e4higen E-Fahrzeugen kompatibel, darunter der Hyundai Ioniq 5, Kia EV6, MG ZS EV, BYD Atto 3, Genesis GV60\/GV70 und andere. Verbraucher sollten das Handbuch des Fahrzeugs \u00fcberpr\u00fcfen, um die V2L-Unterst\u00fctzung zu best\u00e4tigen.<\/p>\t\t\t\t\t\t\t\t<\/div>\n\t\t\t\t<\/div>\n\t\t\t\t<\/div>\n\t\t\t\t\t<\/details>\n\t\t\t\t\t\t<details id=\"e-n-accordion-item-8431\" class=\"e-n-accordion-item\" >\n\t\t\t\t<summary class=\"e-n-accordion-item-title\" data-accordion-index=\"2\" tabindex=\"-1\" aria-expanded=\"false\" aria-controls=\"e-n-accordion-item-8431\" >\n\t\t\t\t\t<span class='e-n-accordion-item-title-header'><div class=\"e-n-accordion-item-title-text\"> Welche Ger\u00e4te k\u00f6nnen mit dem V2L-Standardadapter betrieben werden? <\/div><\/span>\n\t\t\t\t\t\t\t<span class='e-n-accordion-item-title-icon'>\n\t\t\t<span class='e-opened' ><svg aria-hidden=\"true\" class=\"e-font-icon-svg e-fas-minus\" viewbox=\"0 0 448 512\" xmlns=\"http:\/\/www.w3.org\/2000\/svg\"><path d=\"M416 208H32c-17.67 0-32 14.33-32 32v32c0 17.67 14.33 32 32 32h384c17.67 0 32-14.33 32-32v-32c0-17.67-14.33-32-32-32z\"><\/path><\/svg><\/span>\n\t\t\t<span class='e-closed'><svg aria-hidden=\"true\" class=\"e-font-icon-svg e-fas-plus\" viewbox=\"0 0 448 512\" xmlns=\"http:\/\/www.w3.org\/2000\/svg\"><path d=\"M416 208H272V64c0-17.67-14.33-32-32-32h-32c-17.67 0-32 14.33-32 32v144H32c-17.67 0-32 14.33-32 32v32c0 17.67 14.33 32 32 32h144v144c0 17.67 14.33 32 32 32h32c17.67 0 32-14.33 32-32V304h144c17.67 0 32-14.33 32-32v-32c0-17.67-14.33-32-32-32z\"><\/path><\/svg><\/span>\n\t\t<\/span>\n\n\t\t\t\t\t\t<\/summary>\n\t\t\t\t<div role=\"region\" aria-labelledby=\"e-n-accordion-item-8431\" class=\"elementor-element elementor-element-04a22de e-con-full e-flex e-con e-child\" data-id=\"04a22de\" data-element_type=\"container\">\n\t\t\t\t<div class=\"elementor-element elementor-element-95be39e elementor-widget elementor-widget-text-editor\" data-id=\"95be39e\" data-element_type=\"widget\" data-widget_type=\"text-editor.default\">\n\t\t\t\t<div class=\"elementor-widget-container\">\n\t\t\t\t\t\t\t\t\t<p>Es kann Ger\u00e4te wie einen tragbaren Ofen und einen Grill beim Camping sowie K\u00fchlschr\u00e4nke und Lampen bei Stromausf\u00e4llen mit Strom versorgen. Die obere Grenze der Ausgangsleistung liegt bei 3,6 kW, was f\u00fcr die meisten der verf\u00fcgbaren Ger\u00e4te ausreicht.<\/p>\t\t\t\t\t\t\t\t<\/div>\n\t\t\t\t<\/div>\n\t\t\t\t<\/div>\n\t\t\t\t\t<\/details>\n\t\t\t\t\t<\/div>\n\t\t\t\t\t\t<\/div>\n\t\t\t\t<\/div>\n\t\t\t\t\t<\/div>\n\t\t\t\t<\/div>\n\t\t\t\t<\/div>","protected":false},"excerpt":{"rendered":"<p>V2L Standard Power Output: Up to 3.6 kW (1 Phase, 16 Amp) Connector Type: Type 2 Socket Type: Schuko, UK 3 Pin, Multi socket Cable Option: Available in 3m, 5m, and 10m options Compatible Vehicles: Hyundai Ioniq 5, Kia EV6, MG ZS EV, BYD Atto 3, Genesis GV60\/GV70, and other Vehicle-to-Load standard enabled EVs Certifications: [&hellip;]<\/p>","protected":false},"author":1,"featured_media":2276,"menu_order":0,"template":"","format":"standard","meta":{"_acf_changed":false,"site-sidebar-layout":"default","site-content-layout":"","ast-site-content-layout":"default","site-content-style":"default","site-sidebar-style":"default","ast-global-header-display":"","ast-banner-title-visibility":"","ast-main-header-display":"","ast-hfb-above-header-display":"","ast-hfb-below-header-display":"","ast-hfb-mobile-header-display":"","site-post-title":"","ast-breadcrumbs-content":"","ast-featured-img":"","footer-sml-layout":"","ast-disable-related-posts":"","theme-transparent-header-meta":"","adv-header-id-meta":"","stick-header-meta":"","header-above-stick-meta":"","header-main-stick-meta":"","header-below-stick-meta":"","astra-migrate-meta-layouts":"set","ast-page-background-enabled":"default","ast-page-background-meta":{"desktop":{"background-color":"","background-image":"","background-repeat":"repeat","background-position":"center center","background-size":"auto","background-attachment":"scroll","background-type":"","background-media":"","overlay-type":"","overlay-color":"","overlay-opacity":"","overlay-gradient":""},"tablet":{"background-color":"","background-image":"","background-repeat":"repeat","background-position":"center center","background-size":"auto","background-attachment":"scroll","background-type":"","background-media":"","overlay-type":"","overlay-color":"","overlay-opacity":"","overlay-gradient":""},"mobile":{"background-color":"","background-image":"","background-repeat":"repeat","background-position":"center center","background-size":"auto","background-attachment":"scroll","background-type":"","background-media":"","overlay-type":"","overlay-color":"","overlay-opacity":"","overlay-gradient":""}},"ast-content-background-meta":{"desktop":{"background-color":"var(--ast-global-color-5)","background-image":"","background-repeat":"repeat","background-position":"center center","background-size":"auto","background-attachment":"scroll","background-type":"","background-media":"","overlay-type":"","overlay-color":"","overlay-opacity":"","overlay-gradient":""},"tablet":{"background-color":"var(--ast-global-color-5)","background-image":"","background-repeat":"repeat","background-position":"center center","background-size":"auto","background-attachment":"scroll","background-type":"","background-media":"","overlay-type":"","overlay-color":"","overlay-opacity":"","overlay-gradient":""},"mobile":{"background-color":"var(--ast-global-color-5)","background-image":"","background-repeat":"repeat","background-position":"center center","background-size":"auto","background-attachment":"scroll","background-type":"","background-media":"","overlay-type":"","overlay-color":"","overlay-opacity":"","overlay-gradient":""}},"footnotes":""},"product-category":[93],"product-tag":[],"class_list":["post-2275","product","type-product","status-publish","format-standard","has-post-thumbnail","hentry","product-category-vehicle-to-load-v2l"],"acf":[],"_links":{"self":[{"href":"https:\/\/www.mekeltech.com\/de\/wp-json\/wp\/v2\/product\/2275","targetHints":{"allow":["GET"]}}],"collection":[{"href":"https:\/\/www.mekeltech.com\/de\/wp-json\/wp\/v2\/product"}],"about":[{"href":"https:\/\/www.mekeltech.com\/de\/wp-json\/wp\/v2\/types\/product"}],"author":[{"embeddable":true,"href":"https:\/\/www.mekeltech.com\/de\/wp-json\/wp\/v2\/users\/1"}],"version-history":[{"count":21,"href":"https:\/\/www.mekeltech.com\/de\/wp-json\/wp\/v2\/product\/2275\/revisions"}],"predecessor-version":[{"id":6785,"href":"https:\/\/www.mekeltech.com\/de\/wp-json\/wp\/v2\/product\/2275\/revisions\/6785"}],"wp:featuredmedia":[{"embeddable":true,"href":"https:\/\/www.mekeltech.com\/de\/wp-json\/wp\/v2\/media\/2276"}],"wp:attachment":[{"href":"https:\/\/www.mekeltech.com\/de\/wp-json\/wp\/v2\/media?parent=2275"}],"wp:term":[{"taxonomy":"product-category","embeddable":true,"href":"https:\/\/www.mekeltech.com\/de\/wp-json\/wp\/v2\/product-category?post=2275"},{"taxonomy":"product-tag","embeddable":true,"href":"https:\/\/www.mekeltech.com\/de\/wp-json\/wp\/v2\/product-tag?post=2275"}],"curies":[{"name":"wp","href":"https:\/\/api.w.org\/{rel}","templated":true}]}}