{"id":2272,"date":"2025-05-13T06:34:33","date_gmt":"2025-05-13T06:34:33","guid":{"rendered":"https:\/\/mekeltech.com\/?post_type=product&#038;p=2272"},"modified":"2025-08-21T14:04:22","modified_gmt":"2025-08-21T06:04:22","slug":"vehicle-to-load-multi-socket","status":"publish","type":"product","link":"https:\/\/www.mekeltech.com\/de\/product\/vehicle-to-load-multi-socket\/","title":{"rendered":"V2L Multi-Steckdose"},"content":{"rendered":"<div data-elementor-type=\"wp-post\" data-elementor-id=\"2272\" class=\"elementor elementor-2272\" data-elementor-post-type=\"product\">\n\t\t\t\t<div class=\"elementor-element elementor-element-43132950 e-flex e-con-boxed e-con e-parent\" data-id=\"43132950\" data-element_type=\"container\">\n\t\t\t\t\t<div class=\"e-con-inner\">\n\t\t\t\t<div class=\"elementor-element elementor-element-e1d08f0 elementor-widget elementor-widget-heading\" data-id=\"e1d08f0\" data-element_type=\"widget\" data-widget_type=\"heading.default\">\n\t\t\t\t<div class=\"elementor-widget-container\">\n\t\t\t\t\t<h2 class=\"elementor-heading-title elementor-size-default\">Standard f\u00fcr V2L-Mehrfachsteckdosenadapter<\/h2>\t\t\t\t<\/div>\n\t\t\t\t<\/div>\n\t\t\t\t<div class=\"elementor-element elementor-element-1a161fe elementor-widget elementor-widget-text-editor\" data-id=\"1a161fe\" data-element_type=\"widget\" data-widget_type=\"text-editor.default\">\n\t\t\t\t<div class=\"elementor-widget-container\">\n\t\t\t\t\t\t\t\t\t<ul>\n<li>Leistungsabgabe: Bis zu 3,6 kW (1 Phase, 16 Ampere)<\/li>\n<li>Steckertyp: Typ 2<\/li>\n<li>Steckdosen-Typ: Schuko, UK 3 Pin, Mehrfachsteckdose<\/li>\n<li>Kabel-Option: Verf\u00fcgbar in 3m, 5m und 10m Optionen<\/li>\n<li>Kompatible Fahrzeuge: Hyundai Ioniq 5, Kia EV6, MG ZS EV, BYD Atto 3, Genesis GV60\/GV70 und andere V2L-f\u00e4hige Elektrofahrzeuge<\/li>\n<li>Zertifizierungen: CE<\/li>\n<\/ul>\t\t\t\t\t\t\t\t<\/div>\n\t\t\t\t<\/div>\n\t\t\t\t<div class=\"elementor-element elementor-element-b2e5a49 elementor-widget elementor-widget-text-editor\" data-id=\"b2e5a49\" data-element_type=\"widget\" data-widget_type=\"text-editor.default\">\n\t\t\t\t<div class=\"elementor-widget-container\">\n\t\t\t\t\t\t\t\t\t<p>Die Mekel Vehicle-to-Load (V2L) Multi-Socket Adapter verwandeln EVs (Electric Vehicle) in eine vielseitige Stromquelle, die es dem Benutzer erm\u00f6glicht, die Batterie des EVs anzuzapfen, um externe Ger\u00e4te zu betreiben. Dieser Adapter wurde f\u00fcr die nahtlose Integration mit V2L-f\u00e4higen EVs entwickelt und unterst\u00fctzt eine Reihe von Anwendungen, vom Camping und Outdoor-Abenteuer bis hin zur Notstromversorgung bei Stromausf\u00e4llen. Mit robusten Sicherheitsmerkmalen und Kompatibilit\u00e4t mit den wichtigsten globalen Standards bietet der Mekel V2L-Steckdosenadapter eine zuverl\u00e4ssige Stromversorgung f\u00fcr unterwegs, sowohl f\u00fcr private als auch f\u00fcr kommerzielle Zwecke.<\/p>\t\t\t\t\t\t\t\t<\/div>\n\t\t\t\t<\/div>\n\t\t\t\t<div class=\"elementor-element elementor-element-33c76eb elementor-widget elementor-widget-heading\" data-id=\"33c76eb\" data-element_type=\"widget\" data-widget_type=\"heading.default\">\n\t\t\t\t<div class=\"elementor-widget-container\">\n\t\t\t\t\t<h2 class=\"elementor-heading-title elementor-size-default\">Was ist ein V2L-Mehrfachsteckdosenadapter?<\/h2>\t\t\t\t<\/div>\n\t\t\t\t<\/div>\n\t\t\t\t<div class=\"elementor-element elementor-element-ed878dd elementor-widget elementor-widget-text-editor\" data-id=\"ed878dd\" data-element_type=\"widget\" data-widget_type=\"text-editor.default\">\n\t\t\t\t<div class=\"elementor-widget-container\">\n\t\t\t\t\t\t\t\t\t<p data-pm-slice=\"0 0 []\">Ein V2L-Multi-Socket-Adapter (Vehicle-to-Load-Adapter) ist ein spezielles Ger\u00e4t, das an den Ladeanschluss Ihres Fahrzeugs angeschlossen wird, um bidirektionales Laden zu erm\u00f6glichen und die Energie der Batterie als Wechselstrom nach au\u00dfen zu leiten. Bei der Vehicle-to-Load-Technologie wird der Gleichstrom (DC) der Fahrzeugbatterie durch den eingebauten Wechselrichter in Wechselstrom (AC) umgewandelt und dann \u00fcber die Steckdose des V2L-Adapters abgegeben. So k\u00f6nnen Sie leistungsstarke Ger\u00e4te wie Elektroherde, Laptops oder Elektrowerkzeuge betreiben oder sogar ein anderes Elektrofahrzeug aufladen. Ganz gleich, ob Sie auf einem Campingausflug sind, an einem netzunabh\u00e4ngigen Ort leben oder vor einem Stromausfall stehen, der EV V2L Multi-Socket Adapter verwandelt Ihr Auto in eine mobile Stromquelle.<\/p>\t\t\t\t\t\t\t\t<\/div>\n\t\t\t\t<\/div>\n\t\t\t\t<div class=\"elementor-element elementor-element-aa7e011 elementor-widget elementor-widget-heading\" data-id=\"aa7e011\" data-element_type=\"widget\" data-widget_type=\"heading.default\">\n\t\t\t\t<div class=\"elementor-widget-container\">\n\t\t\t\t\t<h2 class=\"elementor-heading-title elementor-size-default\">Wie funktioniert derV2L Mehrfachsteckdosen-Adapter?<\/h2>\t\t\t\t<\/div>\n\t\t\t\t<\/div>\n\t\t\t\t<div class=\"elementor-element elementor-element-9fb83bb elementor-widget elementor-widget-text-editor\" data-id=\"9fb83bb\" data-element_type=\"widget\" data-widget_type=\"text-editor.default\">\n\t\t\t\t<div class=\"elementor-widget-container\">\n\t\t\t\t\t\t\t\t\t<p data-pm-slice=\"0 0 []\">Der Mekel V2L Multi-Socket Adapter wird direkt an den Typ-2-Ladeanschluss eines V2L-f\u00e4higen Fahrzeugs angeschlossen. Sobald er eingesteckt ist, wandelt der integrierte Wechselrichter des Fahrzeugs den Gleichstrom der Batterie in Wechselstrom um und liefert bis zu 3,6 kW Dauerleistung \u00fcber eine 230-Volt-Steckdose. Die Nutzer k\u00f6nnen den V2L-Modus \u00fcber das Infotainmentsystem des Fahrzeugs aktivieren und die Entladegrenzen anpassen, um die Reichweite zu erhalten. Der Adapter unterst\u00fctzt bis zu 16 A und versorgt Ger\u00e4te von der Kaffeemaschine bis hin zu tragbaren Klimaanlagen und gew\u00e4hrleistet so Flexibilit\u00e4t sowohl f\u00fcr den V2L-Strom im Freien als auch f\u00fcr den Backup-Bedarf zu Hause.<\/p>\t\t\t\t\t\t\t\t<\/div>\n\t\t\t\t<\/div>\n\t\t\t\t<div class=\"elementor-element elementor-element-c221f2b elementor-widget elementor-widget-heading\" data-id=\"c221f2b\" data-element_type=\"widget\" data-widget_type=\"heading.default\">\n\t\t\t\t<div class=\"elementor-widget-container\">\n\t\t\t\t\t<h2 class=\"elementor-heading-title elementor-size-default\">Warum Mekel V2L-Steckdosenadapter w\u00e4hlen?<\/h2>\t\t\t\t<\/div>\n\t\t\t\t<\/div>\n\t\t\t\t<div class=\"elementor-element elementor-element-428d93a elementor-widget elementor-widget-heading\" data-id=\"428d93a\" data-element_type=\"widget\" data-widget_type=\"heading.default\">\n\t\t\t\t<div class=\"elementor-widget-container\">\n\t\t\t\t\t<h2 class=\"elementor-heading-title elementor-size-default\">Vielseitige Stromversorgungsl\u00f6sung<\/h2>\t\t\t\t<\/div>\n\t\t\t\t<\/div>\n\t\t\t\t<div class=\"elementor-element elementor-element-cb967ed elementor-widget elementor-widget-text-editor\" data-id=\"cb967ed\" data-element_type=\"widget\" data-widget_type=\"text-editor.default\">\n\t\t\t\t<div class=\"elementor-widget-container\">\n\t\t\t\t\t\t\t\t\t<p>Mit dem Mekel Vehicle-to-Load Adapter k\u00f6nnen Besitzer von Elektrofahrzeugen das volle Potenzial ihres Fahrzeugs aussch\u00f6pfen. Vom Betrieb einer Kaffeemaschine auf einem Campingausflug bis hin zur Versorgung von Werkzeugen an einem abgelegenen Ort oder dem Betrieb wichtiger Ger\u00e4te bei Stromausf\u00e4llen - diese V2L-Stroml\u00f6sung liefert bis zu 3,6 kW zuverl\u00e4ssige Energie. Perfekt f\u00fcr EV-Camping-Stromversorgungen, netzunabh\u00e4ngiges Leben und Notfallvorbereitung.<\/p>\t\t\t\t\t\t\t\t<\/div>\n\t\t\t\t<\/div>\n\t\t\t\t<div class=\"elementor-element elementor-element-23b40d3 elementor-widget elementor-widget-heading\" data-id=\"23b40d3\" data-element_type=\"widget\" data-widget_type=\"heading.default\">\n\t\t\t\t<div class=\"elementor-widget-container\">\n\t\t\t\t\t<h3 class=\"elementor-heading-title elementor-size-default\">Universelle Kompatibilit\u00e4t<\/h3>\t\t\t\t<\/div>\n\t\t\t\t<\/div>\n\t\t\t\t<div class=\"elementor-element elementor-element-29893c2 elementor-widget elementor-widget-text-editor\" data-id=\"29893c2\" data-element_type=\"widget\" data-widget_type=\"text-editor.default\">\n\t\t\t\t<div class=\"elementor-widget-container\">\n\t\t\t\t\t\t\t\t\t<p>Ausgestattet mit einem Typ-2-Stecker ist der V2L-Steckdosenadapter mit g\u00e4ngigen V2L-f\u00e4higen Elektrofahrzeugen wie Hyundai Ioniq 5, Kia EV6, MG ZS EV, BYD Atto 3 und anderen kompatibel. Seine \u00dcbereinstimmung mit internationalen Ladestandards gew\u00e4hrleistet, dass die V2L-Funktionalit\u00e4t in verschiedenen Regionen nahtlos funktioniert.<\/p>\t\t\t\t\t\t\t\t<\/div>\n\t\t\t\t<\/div>\n\t\t\t\t<div class=\"elementor-element elementor-element-6ecbedd elementor-widget elementor-widget-heading\" data-id=\"6ecbedd\" data-element_type=\"widget\" data-widget_type=\"heading.default\">\n\t\t\t\t<div class=\"elementor-widget-container\">\n\t\t\t\t\t<h3 class=\"elementor-heading-title elementor-size-default\">Anpassbare Kabell\u00e4ngen<\/h3>\t\t\t\t<\/div>\n\t\t\t\t<\/div>\n\t\t\t\t<div class=\"elementor-element elementor-element-a0724de elementor-widget elementor-widget-text-editor\" data-id=\"a0724de\" data-element_type=\"widget\" data-widget_type=\"text-editor.default\">\n\t\t\t\t<div class=\"elementor-widget-container\">\n\t\t\t\t\t\t\t\t\t<p>Unsere V2L-Kabel mit mehreren Steckdosen sind in den L\u00e4ngen 3 m, 5 m und 10 m erh\u00e4ltlich und eignen sich ideal f\u00fcr alle Anwendungen, von Hausanschl\u00fcssen bis hin zu ausgedehnten Au\u00dfeninstallationen. W\u00e4hlen Sie die richtige Gr\u00f6\u00dfe f\u00fcr Ihr Fahrzeug, um die Anwendung zu laden - ob f\u00fcr den kompakten Heimgebrauch oder f\u00fcr ger\u00e4umige Campingpl\u00e4tze.<\/p>\t\t\t\t\t\t\t\t<\/div>\n\t\t\t\t<\/div>\n\t\t\t\t<div class=\"elementor-element elementor-element-f328cce elementor-widget elementor-widget-heading\" data-id=\"f328cce\" data-element_type=\"widget\" data-widget_type=\"heading.default\">\n\t\t\t\t<div class=\"elementor-widget-container\">\n\t\t\t\t\t<h3 class=\"elementor-heading-title elementor-size-default\">Breites Spektrum an zweckgerichteten Modellen<\/h3>\t\t\t\t<\/div>\n\t\t\t\t<\/div>\n\t\t\t\t<div class=\"elementor-element elementor-element-a56cd4f elementor-widget elementor-widget-text-editor\" data-id=\"a56cd4f\" data-element_type=\"widget\" data-widget_type=\"text-editor.default\">\n\t\t\t\t<div class=\"elementor-widget-container\">\n\t\t\t\t\t\t\t\t\t<p>Mekel bietet mehrere Modelle von V2L-Mehrfachsteckdosenadaptern f\u00fcr verschiedene Funktionen und Budgets an. Dazu geh\u00f6ren Standard-V2L-Adapter, Premium-Variante mit LCD-Display zum Laden und Multi-Socket-Variante zum Laden mehrerer Ger\u00e4te. Egal, ob die Kunden budget- oder funktionsorientiert sind, Mekel hat die passende L\u00f6sung f\u00fcr die Anforderungen der Kunden.<\/p>\t\t\t\t\t\t\t\t<\/div>\n\t\t\t\t<\/div>\n\t\t\t\t<div class=\"elementor-element elementor-element-9f69f2e elementor-widget elementor-widget-heading\" data-id=\"9f69f2e\" data-element_type=\"widget\" data-widget_type=\"heading.default\">\n\t\t\t\t<div class=\"elementor-widget-container\">\n\t\t\t\t\t<h3 class=\"elementor-heading-title elementor-size-default\">Flexible Anpassungsl\u00f6sungen<\/h3>\t\t\t\t<\/div>\n\t\t\t\t<\/div>\n\t\t\t\t<div class=\"elementor-element elementor-element-003b2b8 elementor-widget elementor-widget-text-editor\" data-id=\"003b2b8\" data-element_type=\"widget\" data-widget_type=\"text-editor.default\">\n\t\t\t\t<div class=\"elementor-widget-container\">\n\t\t\t\t\t\t\t\t\t<p>Wir bieten kundenspezifische Lasergravuren f\u00fcr Markenlogos und ma\u00dfgeschneiderte Verpackungsdesigns, um H\u00e4ndlern und Herstellern dabei zu helfen, die Sichtbarkeit ihrer Marke auf dem Markt f\u00fcr EV-Zubeh\u00f6r zu erh\u00f6hen.<\/p>\t\t\t\t\t\t\t\t<\/div>\n\t\t\t\t<\/div>\n\t\t\t\t<div class=\"elementor-element elementor-element-bde86b7 elementor-widget elementor-widget-heading\" data-id=\"bde86b7\" data-element_type=\"widget\" data-widget_type=\"heading.default\">\n\t\t\t\t<div class=\"elementor-widget-container\">\n\t\t\t\t\t<h2 class=\"elementor-heading-title elementor-size-default\">Hauptmerkmale des Mekel V2L-Mehrfachsteckdosenadapters<\/h2>\t\t\t\t<\/div>\n\t\t\t\t<\/div>\n\t\t\t\t<div class=\"elementor-element elementor-element-576200b8 elementor-widget elementor-widget-text-editor\" data-id=\"576200b8\" data-element_type=\"widget\" data-widget_type=\"text-editor.default\">\n\t\t\t\t<div class=\"elementor-widget-container\">\n\t\t\t\t\t\t\t\t\t<ul>\n<li>Hohe Leistungsabgabe bis zu 3,6 kW<!-- \/wp:list-item --><!-- wp:list-item --><\/li>\n<li>Typ-2-Stecker f\u00fcr universelle EV-Kompatibilit\u00e4t<!-- \/wp:list-item --><!-- wp:list-item --><\/li>\n<li>Mehrere Kabell\u00e4ngenoptionen f\u00fcr die Mehrfachsteckdosenvariante<!-- \/wp:list-item --><!-- wp:list-item --><\/li>\n<li>Wetterfeste Steckdosenoptionen f\u00fcr den Au\u00dfeneinsatz<!-- \/wp:list-item --><!-- wp:list-item --><\/li>\n<li>Unterst\u00fctzt eine breite Palette von V2L-f\u00e4higen E-Fahrzeugen<!-- \/wp:list-item --><!-- wp:list-item --><\/li>\n<li>Benutzerfreundliches Plug-and-Play-Design f\u00fcr jede V2L-Mehrfachsteckdosenadapter-Anwendung<\/li>\n<\/ul>\n<p><!-- \/wp:list-item --><\/p>\n<p><!-- \/wp:list --><!-- wp:paragraph --><\/p>\n<p><!-- \/wp:paragraph --><\/p>\t\t\t\t\t\t\t\t<\/div>\n\t\t\t\t<\/div>\n\t\t\t\t<div class=\"elementor-element elementor-element-b579928 elementor-widget elementor-widget-heading\" data-id=\"b579928\" data-element_type=\"widget\" data-widget_type=\"heading.default\">\n\t\t\t\t<div class=\"elementor-widget-container\">\n\t\t\t\t\t<h2 class=\"elementor-heading-title elementor-size-default\">Erfahrungsberichte von Kunden<\/h2>\t\t\t\t<\/div>\n\t\t\t\t<\/div>\n\t\t\t\t<div class=\"elementor-element elementor-element-dbe7d15 elementor-widget elementor-widget-text-editor\" data-id=\"dbe7d15\" data-element_type=\"widget\" data-widget_type=\"text-editor.default\">\n\t\t\t\t<div class=\"elementor-widget-container\">\n\t\t\t\t\t\t\t\t\t<p>\"Der Mekel V2L-Steckdosenadapter hat unsere Campingreisen grundlegend ver\u00e4ndert. Mit unserem Kia EV6 konnten wir einen tragbaren K\u00fchlschrank, Lampen und sogar einen Elektrogrill betreiben. Das 5 m lange Kabel machte die Installation einfach. Sehr empfehlenswert f\u00fcr jeden, der das Beste aus der Fahrzeug-zu-Lade-Technologie herausholen m\u00f6chte. - Sarah, Outdoor-Enthusiastin<\/p>\t\t\t\t\t\t\t\t<\/div>\n\t\t\t\t<\/div>\n\t\t\t\t<div class=\"elementor-element elementor-element-fdee408 elementor-widget elementor-widget-heading\" data-id=\"fdee408\" data-element_type=\"widget\" data-widget_type=\"heading.default\">\n\t\t\t\t<div class=\"elementor-widget-container\">\n\t\t\t\t\t<h2 class=\"elementor-heading-title elementor-size-default\">FAQ <\/h2>\t\t\t\t<\/div>\n\t\t\t\t<\/div>\n\t\t\t\t<div class=\"elementor-element elementor-element-f50f1c5 elementor-widget elementor-widget-n-accordion\" data-id=\"f50f1c5\" data-element_type=\"widget\" data-settings=\"{&quot;default_state&quot;:&quot;expanded&quot;,&quot;max_items_expended&quot;:&quot;one&quot;,&quot;n_accordion_animation_duration&quot;:{&quot;unit&quot;:&quot;ms&quot;,&quot;size&quot;:400,&quot;sizes&quot;:[]}}\" data-widget_type=\"nested-accordion.default\">\n\t\t\t\t<div class=\"elementor-widget-container\">\n\t\t\t\t\t\t\t<div class=\"e-n-accordion\" aria-label=\"Akkordeon. \u00d6ffnen Sie Links mit Enter oder Space, schlie\u00dfen Sie sie mit Escape und navigieren Sie mit den Pfeiltasten.\">\n\t\t\t\t\t\t<details id=\"e-n-accordion-item-2560\" class=\"e-n-accordion-item\" open>\n\t\t\t\t<summary class=\"e-n-accordion-item-title\" data-accordion-index=\"1\" tabindex=\"0\" aria-expanded=\"true\" aria-controls=\"e-n-accordion-item-2560\" >\n\t\t\t\t\t<span class='e-n-accordion-item-title-header'><div class=\"e-n-accordion-item-title-text\"> Welche E-Fahrzeuge sind mit dem Mekel V2L Mehrfachsteckdosen-Adapter kompatibel? <\/div><\/span>\n\t\t\t\t\t\t\t<span class='e-n-accordion-item-title-icon'>\n\t\t\t<span class='e-opened' ><svg aria-hidden=\"true\" class=\"e-font-icon-svg e-fas-minus\" viewbox=\"0 0 448 512\" xmlns=\"http:\/\/www.w3.org\/2000\/svg\"><path d=\"M416 208H32c-17.67 0-32 14.33-32 32v32c0 17.67 14.33 32 32 32h384c17.67 0 32-14.33 32-32v-32c0-17.67-14.33-32-32-32z\"><\/path><\/svg><\/span>\n\t\t\t<span class='e-closed'><svg aria-hidden=\"true\" class=\"e-font-icon-svg e-fas-plus\" viewbox=\"0 0 448 512\" xmlns=\"http:\/\/www.w3.org\/2000\/svg\"><path d=\"M416 208H272V64c0-17.67-14.33-32-32-32h-32c-17.67 0-32 14.33-32 32v144H32c-17.67 0-32 14.33-32 32v32c0 17.67 14.33 32 32 32h144v144c0 17.67 14.33 32 32 32h32c17.67 0 32-14.33 32-32V304h144c17.67 0 32-14.33 32-32v-32c0-17.67-14.33-32-32-32z\"><\/path><\/svg><\/span>\n\t\t<\/span>\n\n\t\t\t\t\t\t<\/summary>\n\t\t\t\t<div role=\"region\" aria-labelledby=\"e-n-accordion-item-2560\" class=\"elementor-element elementor-element-adc2455 e-con-full e-flex e-con e-child\" data-id=\"adc2455\" data-element_type=\"container\">\n\t\t\t\t<div class=\"elementor-element elementor-element-90efc59 elementor-widget elementor-widget-text-editor\" data-id=\"90efc59\" data-element_type=\"widget\" data-widget_type=\"text-editor.default\">\n\t\t\t\t<div class=\"elementor-widget-container\">\n\t\t\t\t\t\t\t\t\t<p>Kompatibel mit vielen V2L-f\u00e4higen E-Fahrzeugen wie Hyundai Ioniq 5, Kia EV6, MG ZS EV, BYD Atto 3, Genesis GV60\/GV70 und anderen. \u00dcberpr\u00fcfen Sie immer die Ladef\u00e4higkeit Ihres Fahrzeugs in der Bedienungsanleitung Ihres EVs.<\/p>\t\t\t\t\t\t\t\t<\/div>\n\t\t\t\t<\/div>\n\t\t\t\t<\/div>\n\t\t\t\t\t<\/details>\n\t\t\t\t\t\t<details id=\"e-n-accordion-item-2561\" class=\"e-n-accordion-item\" >\n\t\t\t\t<summary class=\"e-n-accordion-item-title\" data-accordion-index=\"2\" tabindex=\"-1\" aria-expanded=\"false\" aria-controls=\"e-n-accordion-item-2561\" >\n\t\t\t\t\t<span class='e-n-accordion-item-title-header'><div class=\"e-n-accordion-item-title-text\"> Welche Ger\u00e4te kann der V2L-Steckdosenadapter mit Strom versorgen? <\/div><\/span>\n\t\t\t\t\t\t\t<span class='e-n-accordion-item-title-icon'>\n\t\t\t<span class='e-opened' ><svg aria-hidden=\"true\" class=\"e-font-icon-svg e-fas-minus\" viewbox=\"0 0 448 512\" xmlns=\"http:\/\/www.w3.org\/2000\/svg\"><path d=\"M416 208H32c-17.67 0-32 14.33-32 32v32c0 17.67 14.33 32 32 32h384c17.67 0 32-14.33 32-32v-32c0-17.67-14.33-32-32-32z\"><\/path><\/svg><\/span>\n\t\t\t<span class='e-closed'><svg aria-hidden=\"true\" class=\"e-font-icon-svg e-fas-plus\" viewbox=\"0 0 448 512\" xmlns=\"http:\/\/www.w3.org\/2000\/svg\"><path d=\"M416 208H272V64c0-17.67-14.33-32-32-32h-32c-17.67 0-32 14.33-32 32v144H32c-17.67 0-32 14.33-32 32v32c0 17.67 14.33 32 32 32h144v144c0 17.67 14.33 32 32 32h32c17.67 0 32-14.33 32-32V304h144c17.67 0 32-14.33 32-32v-32c0-17.67-14.33-32-32-32z\"><\/path><\/svg><\/span>\n\t\t<\/span>\n\n\t\t\t\t\t\t<\/summary>\n\t\t\t\t<div role=\"region\" aria-labelledby=\"e-n-accordion-item-2561\" class=\"elementor-element elementor-element-c65d493 e-con-full e-flex e-con e-child\" data-id=\"c65d493\" data-element_type=\"container\">\n\t\t\t\t<div class=\"elementor-element elementor-element-9f449c1 elementor-widget elementor-widget-text-editor\" data-id=\"9f449c1\" data-element_type=\"widget\" data-widget_type=\"text-editor.default\">\n\t\t\t\t<div class=\"elementor-widget-container\">\n\t\t\t\t\t\t\t\t\t<p>Mit einer Leistung von bis zu 3,6 kW kann es Campingausr\u00fcstung (K\u00fchlschr\u00e4nke, Grills, Lampen), Haushaltsger\u00e4te (K\u00fchlschr\u00e4nke, Ventilatoren, Heizungen) und Werkzeuge f\u00fcr netzunabh\u00e4ngige Arbeiten mit Strom versorgen. Perfekt f\u00fcr Fahrzeuge zum Laden von Campingstrom oder als Notstromversorgung zu Hause.<\/p>\t\t\t\t\t\t\t\t<\/div>\n\t\t\t\t<\/div>\n\t\t\t\t<\/div>\n\t\t\t\t\t<\/details>\n\t\t\t\t\t<\/div>\n\t\t\t\t\t\t<\/div>\n\t\t\t\t<\/div>\n\t\t\t\t\t<\/div>\n\t\t\t\t<\/div>\n\t\t\t\t<\/div>","protected":false},"excerpt":{"rendered":"<p>Standard for V2L Multi-Socket Adapter Power Output: Up to 3.6 kW (1 Phase, 16 Amp) Connector Type: Type 2 Socket Type: Schuko, UK 3 Pin, Multi socket Cable Option: Available in 3m, 5m, and 10m options Compatible Vehicles: Hyundai Ioniq 5, Kia EV6, MG ZS EV, BYD Atto 3, Genesis GV60\/GV70, and other V2L-enabled EVs [&hellip;]<\/p>","protected":false},"author":1,"featured_media":2273,"menu_order":0,"template":"","format":"standard","meta":{"_acf_changed":false,"site-sidebar-layout":"default","site-content-layout":"","ast-site-content-layout":"default","site-content-style":"default","site-sidebar-style":"default","ast-global-header-display":"","ast-banner-title-visibility":"","ast-main-header-display":"","ast-hfb-above-header-display":"","ast-hfb-below-header-display":"","ast-hfb-mobile-header-display":"","site-post-title":"","ast-breadcrumbs-content":"","ast-featured-img":"","footer-sml-layout":"","ast-disable-related-posts":"","theme-transparent-header-meta":"","adv-header-id-meta":"","stick-header-meta":"","header-above-stick-meta":"","header-main-stick-meta":"","header-below-stick-meta":"","astra-migrate-meta-layouts":"set","ast-page-background-enabled":"default","ast-page-background-meta":{"desktop":{"background-color":"","background-image":"","background-repeat":"repeat","background-position":"center center","background-size":"auto","background-attachment":"scroll","background-type":"","background-media":"","overlay-type":"","overlay-color":"","overlay-opacity":"","overlay-gradient":""},"tablet":{"background-color":"","background-image":"","background-repeat":"repeat","background-position":"center center","background-size":"auto","background-attachment":"scroll","background-type":"","background-media":"","overlay-type":"","overlay-color":"","overlay-opacity":"","overlay-gradient":""},"mobile":{"background-color":"","background-image":"","background-repeat":"repeat","background-position":"center center","background-size":"auto","background-attachment":"scroll","background-type":"","background-media":"","overlay-type":"","overlay-color":"","overlay-opacity":"","overlay-gradient":""}},"ast-content-background-meta":{"desktop":{"background-color":"var(--ast-global-color-5)","background-image":"","background-repeat":"repeat","background-position":"center center","background-size":"auto","background-attachment":"scroll","background-type":"","background-media":"","overlay-type":"","overlay-color":"","overlay-opacity":"","overlay-gradient":""},"tablet":{"background-color":"var(--ast-global-color-5)","background-image":"","background-repeat":"repeat","background-position":"center center","background-size":"auto","background-attachment":"scroll","background-type":"","background-media":"","overlay-type":"","overlay-color":"","overlay-opacity":"","overlay-gradient":""},"mobile":{"background-color":"var(--ast-global-color-5)","background-image":"","background-repeat":"repeat","background-position":"center center","background-size":"auto","background-attachment":"scroll","background-type":"","background-media":"","overlay-type":"","overlay-color":"","overlay-opacity":"","overlay-gradient":""}},"footnotes":""},"product-category":[93],"product-tag":[],"class_list":["post-2272","product","type-product","status-publish","format-standard","has-post-thumbnail","hentry","product-category-vehicle-to-load-v2l"],"acf":[],"_links":{"self":[{"href":"https:\/\/www.mekeltech.com\/de\/wp-json\/wp\/v2\/product\/2272","targetHints":{"allow":["GET"]}}],"collection":[{"href":"https:\/\/www.mekeltech.com\/de\/wp-json\/wp\/v2\/product"}],"about":[{"href":"https:\/\/www.mekeltech.com\/de\/wp-json\/wp\/v2\/types\/product"}],"author":[{"embeddable":true,"href":"https:\/\/www.mekeltech.com\/de\/wp-json\/wp\/v2\/users\/1"}],"version-history":[{"count":23,"href":"https:\/\/www.mekeltech.com\/de\/wp-json\/wp\/v2\/product\/2272\/revisions"}],"predecessor-version":[{"id":6781,"href":"https:\/\/www.mekeltech.com\/de\/wp-json\/wp\/v2\/product\/2272\/revisions\/6781"}],"wp:featuredmedia":[{"embeddable":true,"href":"https:\/\/www.mekeltech.com\/de\/wp-json\/wp\/v2\/media\/2273"}],"wp:attachment":[{"href":"https:\/\/www.mekeltech.com\/de\/wp-json\/wp\/v2\/media?parent=2272"}],"wp:term":[{"taxonomy":"product-category","embeddable":true,"href":"https:\/\/www.mekeltech.com\/de\/wp-json\/wp\/v2\/product-category?post=2272"},{"taxonomy":"product-tag","embeddable":true,"href":"https:\/\/www.mekeltech.com\/de\/wp-json\/wp\/v2\/product-tag?post=2272"}],"curies":[{"name":"wp","href":"https:\/\/api.w.org\/{rel}","templated":true}]}}