{"id":2250,"date":"2025-05-09T12:40:40","date_gmt":"2025-05-09T04:40:40","guid":{"rendered":"https:\/\/mekeltech.com\/?post_type=product&#038;p=2250"},"modified":"2025-08-25T16:18:08","modified_gmt":"2025-08-25T08:18:08","slug":"typeb-rccb","status":"publish","type":"product","link":"https:\/\/www.mekeltech.com\/de\/product\/typeb-rccb\/","title":{"rendered":"TypB RCCB"},"content":{"rendered":"<div data-elementor-type=\"wp-post\" data-elementor-id=\"2250\" class=\"elementor elementor-2250\" data-elementor-post-type=\"product\">\n\t\t\t\t<div class=\"elementor-element elementor-element-bdf2ac9 e-flex e-con-boxed e-con e-parent\" data-id=\"bdf2ac9\" data-element_type=\"container\">\n\t\t\t\t\t<div class=\"e-con-inner\">\n\t\t\t\t<div class=\"elementor-element elementor-element-260cf6e elementor-widget elementor-widget-heading\" data-id=\"260cf6e\" data-element_type=\"widget\" data-widget_type=\"heading.default\">\n\t\t\t\t<div class=\"elementor-widget-container\">\n\t\t\t\t\t<h2 class=\"elementor-heading-title elementor-size-default\">Einf\u00fchrung in TypB RCCB<\/h2>\t\t\t\t<\/div>\n\t\t\t\t<\/div>\n\t\t\t\t<div class=\"elementor-element elementor-element-266336f elementor-widget elementor-widget-text-editor\" data-id=\"266336f\" data-element_type=\"widget\" data-widget_type=\"text-editor.default\">\n\t\t\t\t<div class=\"elementor-widget-container\">\n\t\t\t\t\t\t\t\t\t<p>Der Fehlerstromschutzschalter (RCCB) vom Typ B (Residual Current Circuit Breaker, austauschbar mit \"RCB\") ist eine kritische Sicherheitskomponente f\u00fcr E-Ladeger\u00e4te-Installationen. Er wird vor dem Ladeger\u00e4t installiert und unterbricht den Stromkreis, wenn er ein Stromungleichgewicht zwischen dem stromf\u00fchrenden und dem neutralen Leiter feststellt, was auf einen Leckstrom zur Erde hinweisen k\u00f6nnte. Dies geschieht, um den Benutzer vor ernsthaften Gefahren wie Stromschlag und Feuer zu sch\u00fctzen.<\/p>\n<p>MEKEL bietet ein komplettes Sortiment an RCCBs vom Typ B an, die den neuesten internationalen Sicherheitsstandards f\u00fcr Ladeger\u00e4te entsprechen, einschlie\u00dflich IEC 61851 und IEC 60364-7-722. Dazu geh\u00f6ren Typ A + 6mA DC und Typ B RCCB. Schicken Sie uns eine Anfrage und wir werden den richtigen RCCB f\u00fcr Ihre Installationsanforderungen finden.<\/p>\t\t\t\t\t\t\t\t<\/div>\n\t\t\t\t<\/div>\n\t\t\t\t<div class=\"elementor-element elementor-element-cc29208 elementor-widget elementor-widget-heading\" data-id=\"cc29208\" data-element_type=\"widget\" data-widget_type=\"heading.default\">\n\t\t\t\t<div class=\"elementor-widget-container\">\n\t\t\t\t\t<h2 class=\"elementor-heading-title elementor-size-default\">Warum TypB RCCB w\u00e4hlen?<\/h2>\t\t\t\t<\/div>\n\t\t\t\t<\/div>\n\t\t\t\t<div class=\"elementor-element elementor-element-71f5849 elementor-widget elementor-widget-heading\" data-id=\"71f5849\" data-element_type=\"widget\" data-widget_type=\"heading.default\">\n\t\t\t\t<div class=\"elementor-widget-container\">\n\t\t\t\t\t<h3 class=\"elementor-heading-title elementor-size-default\">Schutz f\u00fcr jede Ladeeinrichtung<\/h3>\t\t\t\t<\/div>\n\t\t\t\t<\/div>\n\t\t\t\t<div class=\"elementor-element elementor-element-ec2ae4a elementor-widget elementor-widget-text-editor\" data-id=\"ec2ae4a\" data-element_type=\"widget\" data-widget_type=\"text-editor.default\">\n\t\t\t\t<div class=\"elementor-widget-container\">\n\t\t\t\t\t\t\t\t\t<p>Wir bieten RCCB-Ger\u00e4te vom Typ B f\u00fcr alle Arten von Ladevorg\u00e4ngen an. Ob f\u00fcr die private oder gewerbliche Nutzung, einphasiges oder dreiphasiges AC-Laden oder DC-Laden, wir haben das richtige TypeB RCCB-Produkt f\u00fcr Ihre Ladeeinrichtung.<\/p>\t\t\t\t\t\t\t\t<\/div>\n\t\t\t\t<\/div>\n\t\t\t\t<div class=\"elementor-element elementor-element-5c68a09 elementor-widget elementor-widget-heading\" data-id=\"5c68a09\" data-element_type=\"widget\" data-widget_type=\"heading.default\">\n\t\t\t\t<div class=\"elementor-widget-container\">\n\t\t\t\t\t<h3 class=\"elementor-heading-title elementor-size-default\">Zuverl\u00e4ssige Qualit\u00e4t und Zertifizierung<\/h3>\t\t\t\t<\/div>\n\t\t\t\t<\/div>\n\t\t\t\t<div class=\"elementor-element elementor-element-d364e80 elementor-widget elementor-widget-text-editor\" data-id=\"d364e80\" data-element_type=\"widget\" data-widget_type=\"text-editor.default\">\n\t\t\t\t<div class=\"elementor-widget-container\">\n\t\t\t\t\t\t\t\t\t<p>Wir f\u00fchren nur RCCB-Produkte vom Typ B von erstklassigen Herstellern, die die strengsten EU\/US-Zertifizierungsanforderungen erf\u00fcllen und nach Europa, Amerika, in den Nahen Osten und nach S\u00fcdostasien exportiert haben. Schlie\u00dfen Sie sich unseren Kunden auf der ganzen Welt an und profitieren Sie von der garantierten Produktqualit\u00e4t und dem Seelenfrieden.<\/p>\t\t\t\t\t\t\t\t<\/div>\n\t\t\t\t<\/div>\n\t\t\t\t<div class=\"elementor-element elementor-element-0a497da elementor-widget elementor-widget-heading\" data-id=\"0a497da\" data-element_type=\"widget\" data-widget_type=\"heading.default\">\n\t\t\t\t<div class=\"elementor-widget-container\">\n\t\t\t\t\t<h3 class=\"elementor-heading-title elementor-size-default\">Engagierter, au\u00dfergew\u00f6hnlicher Kundensupport<\/h3>\t\t\t\t<\/div>\n\t\t\t\t<\/div>\n\t\t\t\t<div class=\"elementor-element elementor-element-4be450b elementor-widget elementor-widget-text-editor\" data-id=\"4be450b\" data-element_type=\"widget\" data-widget_type=\"text-editor.default\">\n\t\t\t\t<div class=\"elementor-widget-container\">\n\t\t\t\t\t\t\t\t\t<p>Wir wissen, dass die Situation jedes Kunden einzigartig ist und dass das Laden von Elektrofahrzeugen f\u00fcr manche neu und undurchsichtig sein kann. Deshalb bietet MEKEL Ihnen eine kostenlose Produktberatung an, damit Sie die richtige Wahl f\u00fcr Ihr Unternehmen treffen k\u00f6nnen. Au\u00dferdem bieten wir Ihnen kostenlose technische Unterst\u00fctzung bei der Produktinstallation, um Probleme fr\u00fchzeitig zu vermeiden und die Reklamationsquote zu senken.<\/p>\t\t\t\t\t\t\t\t<\/div>\n\t\t\t\t<\/div>\n\t\t\t\t<div class=\"elementor-element elementor-element-73fb410 elementor-widget elementor-widget-heading\" data-id=\"73fb410\" data-element_type=\"widget\" data-widget_type=\"heading.default\">\n\t\t\t\t<div class=\"elementor-widget-container\">\n\t\t\t\t\t<h2 class=\"elementor-heading-title elementor-size-default\">Produkt-Highlight des TypB RCCB<\/h2>\t\t\t\t<\/div>\n\t\t\t\t<\/div>\n\t\t\t\t<div class=\"elementor-element elementor-element-7e71ce4 elementor-widget elementor-widget-text-editor\" data-id=\"7e71ce4\" data-element_type=\"widget\" data-widget_type=\"text-editor.default\">\n\t\t\t\t<div class=\"elementor-widget-container\">\n\t\t\t\t\t\t\t\t\t<ul class=\"wp-block-list\">\n<li>Alle Ladesituationen<\/li>\n<li>Zertifizierung und Garantie<\/li>\n<li>Au\u00dfergew\u00f6hnliche Kundenbetreuung<\/li>\n<li>Schnell liefern<\/li>\n<\/ul>\t\t\t\t\t\t\t\t<\/div>\n\t\t\t\t<\/div>\n\t\t\t\t\t<\/div>\n\t\t\t\t<\/div>\n\t\t\t\t<\/div>","protected":false},"excerpt":{"rendered":"<p>Introduction to TypeB RCCB The TypeB RCCB (Residual Current Circuit Breaker, interchangeable with \u201cRCB\u201d) is a critical safety component for EV charger installations. It is installed at the upstream of the EV charger and cuts off the circuit upon detecting any current imbalance in the live and neutral wires, which could indicate a current leakage [&hellip;]<\/p>","protected":false},"author":1,"featured_media":2255,"menu_order":0,"template":"","format":"standard","meta":{"_acf_changed":false,"site-sidebar-layout":"default","site-content-layout":"","ast-site-content-layout":"default","site-content-style":"default","site-sidebar-style":"default","ast-global-header-display":"","ast-banner-title-visibility":"","ast-main-header-display":"","ast-hfb-above-header-display":"","ast-hfb-below-header-display":"","ast-hfb-mobile-header-display":"","site-post-title":"","ast-breadcrumbs-content":"","ast-featured-img":"","footer-sml-layout":"","ast-disable-related-posts":"","theme-transparent-header-meta":"","adv-header-id-meta":"","stick-header-meta":"","header-above-stick-meta":"","header-main-stick-meta":"","header-below-stick-meta":"","astra-migrate-meta-layouts":"set","ast-page-background-enabled":"default","ast-page-background-meta":{"desktop":{"background-color":"","background-image":"","background-repeat":"repeat","background-position":"center center","background-size":"auto","background-attachment":"scroll","background-type":"","background-media":"","overlay-type":"","overlay-color":"","overlay-opacity":"","overlay-gradient":""},"tablet":{"background-color":"","background-image":"","background-repeat":"repeat","background-position":"center center","background-size":"auto","background-attachment":"scroll","background-type":"","background-media":"","overlay-type":"","overlay-color":"","overlay-opacity":"","overlay-gradient":""},"mobile":{"background-color":"","background-image":"","background-repeat":"repeat","background-position":"center center","background-size":"auto","background-attachment":"scroll","background-type":"","background-media":"","overlay-type":"","overlay-color":"","overlay-opacity":"","overlay-gradient":""}},"ast-content-background-meta":{"desktop":{"background-color":"var(--ast-global-color-5)","background-image":"","background-repeat":"repeat","background-position":"center center","background-size":"auto","background-attachment":"scroll","background-type":"","background-media":"","overlay-type":"","overlay-color":"","overlay-opacity":"","overlay-gradient":""},"tablet":{"background-color":"var(--ast-global-color-5)","background-image":"","background-repeat":"repeat","background-position":"center center","background-size":"auto","background-attachment":"scroll","background-type":"","background-media":"","overlay-type":"","overlay-color":"","overlay-opacity":"","overlay-gradient":""},"mobile":{"background-color":"var(--ast-global-color-5)","background-image":"","background-repeat":"repeat","background-position":"center center","background-size":"auto","background-attachment":"scroll","background-type":"","background-media":"","overlay-type":"","overlay-color":"","overlay-opacity":"","overlay-gradient":""}},"footnotes":""},"product-category":[95],"product-tag":[],"class_list":["post-2250","product","type-product","status-publish","format-standard","has-post-thumbnail","hentry","product-category-circuit-breaker"],"acf":[],"_links":{"self":[{"href":"https:\/\/www.mekeltech.com\/de\/wp-json\/wp\/v2\/product\/2250","targetHints":{"allow":["GET"]}}],"collection":[{"href":"https:\/\/www.mekeltech.com\/de\/wp-json\/wp\/v2\/product"}],"about":[{"href":"https:\/\/www.mekeltech.com\/de\/wp-json\/wp\/v2\/types\/product"}],"author":[{"embeddable":true,"href":"https:\/\/www.mekeltech.com\/de\/wp-json\/wp\/v2\/users\/1"}],"version-history":[{"count":11,"href":"https:\/\/www.mekeltech.com\/de\/wp-json\/wp\/v2\/product\/2250\/revisions"}],"predecessor-version":[{"id":7005,"href":"https:\/\/www.mekeltech.com\/de\/wp-json\/wp\/v2\/product\/2250\/revisions\/7005"}],"wp:featuredmedia":[{"embeddable":true,"href":"https:\/\/www.mekeltech.com\/de\/wp-json\/wp\/v2\/media\/2255"}],"wp:attachment":[{"href":"https:\/\/www.mekeltech.com\/de\/wp-json\/wp\/v2\/media?parent=2250"}],"wp:term":[{"taxonomy":"product-category","embeddable":true,"href":"https:\/\/www.mekeltech.com\/de\/wp-json\/wp\/v2\/product-category?post=2250"},{"taxonomy":"product-tag","embeddable":true,"href":"https:\/\/www.mekeltech.com\/de\/wp-json\/wp\/v2\/product-tag?post=2250"}],"curies":[{"name":"wp","href":"https:\/\/api.w.org\/{rel}","templated":true}]}}