{"id":2233,"date":"2025-05-08T10:40:02","date_gmt":"2025-05-08T10:40:02","guid":{"rendered":"https:\/\/mekeltech.com\/?post_type=product&#038;p=2233"},"modified":"2025-08-06T10:28:26","modified_gmt":"2025-08-06T02:28:26","slug":"3-7kw-brd-series-with-type-2-plug","status":"publish","type":"product","link":"https:\/\/www.mekeltech.com\/de\/product\/3-7kw-brd-series-with-type-2-plug\/","title":{"rendered":"3.7kw Tragbares EV-Ladeger\u00e4t - mit Typ-2-Stecker"},"content":{"rendered":"<div data-elementor-type=\"wp-post\" data-elementor-id=\"2233\" class=\"elementor elementor-2233\" data-elementor-post-type=\"product\">\n\t\t\t\t<div class=\"elementor-element elementor-element-58449f64 e-flex e-con-boxed e-con e-parent\" data-id=\"58449f64\" data-element_type=\"container\">\n\t\t\t\t\t<div class=\"e-con-inner\">\n\t\t\t\t<div class=\"elementor-element elementor-element-6ebf6c99 elementor-widget elementor-widget-text-editor\" data-id=\"6ebf6c99\" data-element_type=\"widget\" data-widget_type=\"text-editor.default\">\n\t\t\t\t<div class=\"elementor-widget-container\">\n\t\t\t\t\t\t\t\t\t\n<h2 class=\"wp-block-heading has-medium-font-size\"><strong>16A 3,7kW tragbares EV-Ladeger\u00e4t<\/strong><\/h2>\n\n<p>Das tragbare 3,7-kW-EV-Ladeger\u00e4t von Mekel bietet nahtlosen Plug-and-Charge-Komfort, egal ob es an einem festen Ort oder unterwegs verwendet wird. Es eignet sich sowohl f\u00fcr den Innen- als auch f\u00fcr den Au\u00dfenbereich und ist das zuverl\u00e4ssige und tragbare Ladeger\u00e4t f\u00fcr E-Auto-Besitzer, die ein einfaches und zuverl\u00e4ssiges Aufladen zu Hause oder auf Reisen w\u00fcnschen.<\/p>\n\n<h2 class=\"wp-block-heading has-medium-font-size\"><strong>Wie lange dauert es, ein Elektroauto aufzuladen?<\/strong><\/h2>\n\n<p>Wie lange es dauert, ein Elektrofahrzeug aufzuladen, h\u00e4ngt von der Batteriekapazit\u00e4t und dem aktuellen Ladezustand ab. Im Gegensatz zu den leistungsst\u00e4rkeren 32-A-Ladeger\u00e4ten legt das tragbare 3,7-kW-16-A-Ladeger\u00e4t von Mekel den Schwerpunkt auf gleichm\u00e4\u00dfiges, zuverl\u00e4ssiges Laden statt auf Geschwindigkeit. F\u00fcr ein typisches mittelgro\u00dfes Elektroauto ist eine Vollladung in etwa 11-12 Stunden zu erwarten - perfekt f\u00fcr Zwischenstopps w\u00e4hrend einer Reise \u00fcber Nacht. F\u00fcr k\u00fcrzere Ladevorg\u00e4nge liefert es etwa 20-30 km Reichweite pro Stunde und stellt sicher, dass Ihr Elektrofahrzeug am Morgen f\u00fcr die n\u00e4chste Etappe Ihres Abenteuers bereit ist.<\/p>\n\n<h2 class=\"has-medium-font-size\"><strong>Robuste Langlebigkeit: Gebaut f\u00fcr die Wildnis<\/strong><\/h2>\n\n<p>Das einphasige tragbare Ladeger\u00e4t 16A von Mekel ist so konzipiert, dass es den h\u00e4rtesten Bedingungen im Freien standh\u00e4lt. Ob es versehentlich von einem Fahrzeug \u00fcberrollt wird, auf felsiges Gel\u00e4nde f\u00e4llt oder den Elementen ausgesetzt ist, dieses Ladeger\u00e4t h\u00e4lt stand. Es wurde f\u00fcr die unvorhersehbare Natur des Reisens entwickelt und liefert immer gleichbleibende Leistung, egal wie gro\u00df die Herausforderung ist.<\/p>\n\n<h2 class=\"has-medium-font-size\"><strong>Ideal f\u00fcr Outdoor-Abenteuer<\/strong><\/h2>\n\n<p>F\u00fcr Reisende, die abseits des Stromnetzes unterwegs sind - z. B. Camper, Wohnmobil-Enthusiasten oder Au\u00dfendienstmitarbeiter - ist dieses tragbare E-Ladeger\u00e4t eine echte Bereicherung. Sein kompaktes, leicht zu verpackendes Design passt m\u00fchelos in Ihre Ausr\u00fcstung und stellt sicher, dass Sie aufladen k\u00f6nnen, wohin Ihre Reise Sie auch f\u00fchrt. So bleibt Ihr Elektroauto auch mitten im Nirgendwo mit Strom versorgt und Sie k\u00f6nnen Ihre Pl\u00e4ne weiterverfolgen.<\/p>\n\n<h2 class=\"has-medium-font-size\"><strong>Leichtgewichtig und reisetauglich<\/strong><\/h2>\n\n<p>Problemloses Plug-and-Play-Laden<br \/>Das tragbare Ladekabel von Mekel ist so konzipiert, dass Sie es problemlos unterwegs mitnehmen k\u00f6nnen. Keine komplizierte Einrichtung erforderlich - stecken Sie das Mode-2-Kabel einfach in eine kompatible Haushaltssteckdose oder eine \u00f6ffentliche Steckdose, verbinden Sie das andere Ende mit Ihrer Steckdose und beginnen Sie mit dem Laden. Dieses unkomplizierte Design ist perfekt f\u00fcr Nutzer, die keinen Zugang zu festen Ladestationen haben, und bietet Flexibilit\u00e4t, wo auch immer Sie unterwegs sind.<\/p>\n\n<h2 class=\"has-medium-font-size\"><strong>Gebaut, um Sie in Bewegung zu halten<\/strong><\/h2>\n\n<p>Hochwertige Materialien f\u00fcr verl\u00e4ssliche Leistung<br \/>Qualit\u00e4t ist wichtig, wenn Sie fernab der Zivilisation laden wollen. Das tragbare 240-Volt-EV-Ladeger\u00e4t von Mekel verwendet hochwertige Komponenten, darunter 100%-Kabel aus reinem Kupfer, f\u00fcr hervorragende Leitf\u00e4higkeit und Effizienz. Dies gew\u00e4hrleistet ein schnelleres und zuverl\u00e4ssigeres Aufladen und eine lang anhaltende Leistung, auch bei h\u00e4ufiger Nutzung. Weniger Ausfallzeiten, mehr Erkundungstouren - verlassen Sie sich auf dieses Ladeger\u00e4t, um Ihre Reisen ohne Ausf\u00e4lle fortzusetzen.<\/p>\n\n<h2 class=\"has-medium-font-size\"><strong>Warum sollten Sie sich f\u00fcr das Mekel 3.6kW 16A Portable EV-Ladeger\u00e4t entscheiden?<\/strong><\/h2>\n\n<ul class=\"wp-block-list\">\n<li>Fernaufladung\n<ul class=\"wp-block-list\">\n<li>Perfekt f\u00fcr das Aufladen \u00fcber Nacht an abgelegenen Orten, damit Sie bei Sonnenaufgang eine volle Batterie f\u00fcr den n\u00e4chsten Tag haben.<\/li>\n<\/ul>\n<\/li>\n\n<li>Reiseflexibilit\u00e4t\n<ul class=\"wp-block-list\">\n<li>Laden Sie Ihr E-Fahrzeug an jeder Haltestelle mit einer entsprechenden Schuko-Steckdose oder einer anderen entsprechenden Steckdose auf, so dass Fahrten in l\u00e4ndliche Gebiete oder spontane Abstecher ohne Ladeinfrastruktur stressfrei m\u00f6glich sind.<\/li>\n<\/ul>\n<\/li>\n\n<li>Off-Grid Lebensader\n<ul class=\"wp-block-list\">\n<li>Wenn Sie mit einer schwachen Batterie gestrandet sind und keine Tankstelle in Sicht ist, kann dieses tragbare Ladeger\u00e4t im Kofferraum die Rettung sein.<\/li>\n<\/ul>\n<\/li>\n\n<li>Portemonnaie-freundlicher Strom\n<ul class=\"wp-block-list\">\n<li>Umgehen Sie teure \u00f6ffentliche Ladestationen, indem Sie auf Campingpl\u00e4tzen oder bei Freunden Strom tanken, und schonen Sie Ihr Reisebudget.<\/li>\n<\/ul>\n<\/li>\n<\/ul>\n\t\t\t\t\t\t\t\t<\/div>\n\t\t\t\t<\/div>\n\t\t\t\t\t<\/div>\n\t\t\t\t<\/div>\n\t\t\t\t<\/div>","protected":false},"excerpt":{"rendered":"<p>16A 3.7kW Portable EV Charger The Mekel 3.7kW Portable EV Charger offers seamless plug-and-charge convenience, whether fixed in one spot or used on the move. Built to suit both indoor and outdoor settings, it is the dependable and portable charger for EV owners seeking easy, reliable charging at home or wherever they travel. How Long [&hellip;]<\/p>","protected":false},"author":1,"featured_media":2234,"menu_order":0,"template":"","format":"standard","meta":{"_acf_changed":false,"site-sidebar-layout":"default","site-content-layout":"","ast-site-content-layout":"default","site-content-style":"default","site-sidebar-style":"default","ast-global-header-display":"","ast-banner-title-visibility":"","ast-main-header-display":"","ast-hfb-above-header-display":"","ast-hfb-below-header-display":"","ast-hfb-mobile-header-display":"","site-post-title":"","ast-breadcrumbs-content":"","ast-featured-img":"","footer-sml-layout":"","ast-disable-related-posts":"","theme-transparent-header-meta":"","adv-header-id-meta":"","stick-header-meta":"","header-above-stick-meta":"","header-main-stick-meta":"","header-below-stick-meta":"","astra-migrate-meta-layouts":"set","ast-page-background-enabled":"default","ast-page-background-meta":{"desktop":{"background-color":"","background-image":"","background-repeat":"repeat","background-position":"center center","background-size":"auto","background-attachment":"scroll","background-type":"","background-media":"","overlay-type":"","overlay-color":"","overlay-opacity":"","overlay-gradient":""},"tablet":{"background-color":"","background-image":"","background-repeat":"repeat","background-position":"center center","background-size":"auto","background-attachment":"scroll","background-type":"","background-media":"","overlay-type":"","overlay-color":"","overlay-opacity":"","overlay-gradient":""},"mobile":{"background-color":"","background-image":"","background-repeat":"repeat","background-position":"center center","background-size":"auto","background-attachment":"scroll","background-type":"","background-media":"","overlay-type":"","overlay-color":"","overlay-opacity":"","overlay-gradient":""}},"ast-content-background-meta":{"desktop":{"background-color":"var(--ast-global-color-5)","background-image":"","background-repeat":"repeat","background-position":"center center","background-size":"auto","background-attachment":"scroll","background-type":"","background-media":"","overlay-type":"","overlay-color":"","overlay-opacity":"","overlay-gradient":""},"tablet":{"background-color":"var(--ast-global-color-5)","background-image":"","background-repeat":"repeat","background-position":"center center","background-size":"auto","background-attachment":"scroll","background-type":"","background-media":"","overlay-type":"","overlay-color":"","overlay-opacity":"","overlay-gradient":""},"mobile":{"background-color":"var(--ast-global-color-5)","background-image":"","background-repeat":"repeat","background-position":"center center","background-size":"auto","background-attachment":"scroll","background-type":"","background-media":"","overlay-type":"","overlay-color":"","overlay-opacity":"","overlay-gradient":""}},"footnotes":""},"product-category":[92],"product-tag":[],"class_list":["post-2233","product","type-product","status-publish","format-standard","has-post-thumbnail","hentry","product-category-portable-charger"],"acf":[],"_links":{"self":[{"href":"https:\/\/www.mekeltech.com\/de\/wp-json\/wp\/v2\/product\/2233","targetHints":{"allow":["GET"]}}],"collection":[{"href":"https:\/\/www.mekeltech.com\/de\/wp-json\/wp\/v2\/product"}],"about":[{"href":"https:\/\/www.mekeltech.com\/de\/wp-json\/wp\/v2\/types\/product"}],"author":[{"embeddable":true,"href":"https:\/\/www.mekeltech.com\/de\/wp-json\/wp\/v2\/users\/1"}],"version-history":[{"count":14,"href":"https:\/\/www.mekeltech.com\/de\/wp-json\/wp\/v2\/product\/2233\/revisions"}],"predecessor-version":[{"id":5925,"href":"https:\/\/www.mekeltech.com\/de\/wp-json\/wp\/v2\/product\/2233\/revisions\/5925"}],"wp:featuredmedia":[{"embeddable":true,"href":"https:\/\/www.mekeltech.com\/de\/wp-json\/wp\/v2\/media\/2234"}],"wp:attachment":[{"href":"https:\/\/www.mekeltech.com\/de\/wp-json\/wp\/v2\/media?parent=2233"}],"wp:term":[{"taxonomy":"product-category","embeddable":true,"href":"https:\/\/www.mekeltech.com\/de\/wp-json\/wp\/v2\/product-category?post=2233"},{"taxonomy":"product-tag","embeddable":true,"href":"https:\/\/www.mekeltech.com\/de\/wp-json\/wp\/v2\/product-tag?post=2233"}],"curies":[{"name":"wp","href":"https:\/\/api.w.org\/{rel}","templated":true}]}}