{"id":2225,"date":"2025-05-25T06:05:03","date_gmt":"2025-05-24T22:05:03","guid":{"rendered":"https:\/\/mekeltech.com\/?post_type=product&#038;p=2225"},"modified":"2025-09-05T10:39:31","modified_gmt":"2025-09-05T02:39:31","slug":"digital-display","status":"publish","type":"product","link":"https:\/\/www.mekeltech.com\/de\/product\/digital-display\/","title":{"rendered":"Digitale Anzeige"},"content":{"rendered":"<div data-elementor-type=\"wp-post\" data-elementor-id=\"2225\" class=\"elementor elementor-2225\" data-elementor-post-type=\"product\">\n\t\t\t\t<div class=\"elementor-element elementor-element-4cdb5fe4 e-flex e-con-boxed e-con e-parent\" data-id=\"4cdb5fe4\" data-element_type=\"container\">\n\t\t\t\t\t<div class=\"e-con-inner\">\n\t\t\t\t<div class=\"elementor-element elementor-element-9727433 elementor-widget elementor-widget-heading\" data-id=\"9727433\" data-element_type=\"widget\" data-widget_type=\"heading.default\">\n\t\t\t\t<div class=\"elementor-widget-container\">\n\t\t\t\t\t<h2 class=\"elementor-heading-title elementor-size-default\">Was sind die digitalen Anzeigen der Mekel EV-Ladestationen?<\/h2>\t\t\t\t<\/div>\n\t\t\t\t<\/div>\n\t\t\t\t<div class=\"elementor-element elementor-element-52946ea elementor-widget elementor-widget-text-editor\" data-id=\"52946ea\" data-element_type=\"widget\" data-widget_type=\"text-editor.default\">\n\t\t\t\t<div class=\"elementor-widget-container\">\n\t\t\t\t\t\t\t\t\t<p>Die digitalen Anzeigen f\u00fcr EV-Ladestationen von Mekel sind kompakte, industrietaugliche Anzeigemodule, die f\u00fcr EV-Ladestationen entwickelt wurden. Mit verschiedenen Bildschirmgr\u00f6\u00dfen von 4,3 Zoll f\u00fcr AC-Ladestationen bis 10,1 Zoll f\u00fcr DC-Ladestationen liefern diese Bildschirme gestochen scharfe Bilder und weite Betrachtungswinkel. Dieses Display dient als Benutzerschnittstelle f\u00fcr Ladestationen und bietet Echtzeit-Feedback, Status-Updates und Steuerungsoptionen. Die Kompatibilit\u00e4t mit einer breiten Palette von Ladestationsl\u00f6sungen macht sie perfekt f\u00fcr globale M\u00e4rkte, einschlie\u00dflich Europa, S\u00fcdostasien und den Nahen Osten, und macht sie zu einer vielseitigen Komponente f\u00fcr \u00f6ffentliche und private Ladeinfrastruktur.<\/p>\t\t\t\t\t\t\t\t<\/div>\n\t\t\t\t<\/div>\n\t\t\t\t<div class=\"elementor-element elementor-element-b3bbc9d elementor-widget elementor-widget-heading\" data-id=\"b3bbc9d\" data-element_type=\"widget\" data-widget_type=\"heading.default\">\n\t\t\t\t<div class=\"elementor-widget-container\">\n\t\t\t\t\t<h2 class=\"elementor-heading-title elementor-size-default\">Wie funktioniert die digitale Anzeige?<\/h2>\t\t\t\t<\/div>\n\t\t\t\t<\/div>\n\t\t\t\t<div class=\"elementor-element elementor-element-7da81578 elementor-widget elementor-widget-text-editor\" data-id=\"7da81578\" data-element_type=\"widget\" data-widget_type=\"text-editor.default\">\n\t\t\t\t<div class=\"elementor-widget-container\">\n\t\t\t\t\t\t\t\t\t<p>Die digitalen Anzeigen lassen sich \u00fcber TTL- und RS232-Anschl\u00fcsse f\u00fcr Stromversorgung und serielle Kommunikation nahtlos in EV-Ladestationen integrieren. Der propriet\u00e4re ASIC-Chip und das Betriebssystem sorgen f\u00fcr eine effiziente Datenverarbeitung und eine Schnittstelle zu den Steuersystemen der Ladestation. Es sind auch Touchscreen-Panels erh\u00e4ltlich, die eine intuitive Benutzerinteraktion erm\u00f6glichen. Die 800-Nit-Helligkeit gew\u00e4hrleistet die Sichtbarkeit in hellen Au\u00dfenumgebungen. Optionale Wi-Fi- und USB-Module erm\u00f6glichen Fernaktualisierungen und Daten\u00fcbertragungen und erh\u00f6hen die betriebliche Flexibilit\u00e4t.<\/p>\t\t\t\t\t\t\t\t<\/div>\n\t\t\t\t<\/div>\n\t\t\t\t<div class=\"elementor-element elementor-element-00e6dfd elementor-widget elementor-widget-heading\" data-id=\"00e6dfd\" data-element_type=\"widget\" data-widget_type=\"heading.default\">\n\t\t\t\t<div class=\"elementor-widget-container\">\n\t\t\t\t\t<h2 class=\"elementor-heading-title elementor-size-default\">Warum sollten Sie sich f\u00fcr die digitale Anzeige der Mekel EV-Ladestation entscheiden?<\/h2>\t\t\t\t<\/div>\n\t\t\t\t<\/div>\n\t\t\t\t<div class=\"elementor-element elementor-element-b69ee21 elementor-widget elementor-widget-heading\" data-id=\"b69ee21\" data-element_type=\"widget\" data-widget_type=\"heading.default\">\n\t\t\t\t<div class=\"elementor-widget-container\">\n\t\t\t\t\t<h3 class=\"elementor-heading-title elementor-size-default\">Branchenf\u00fchrende Verl\u00e4sslichkeit<\/h3>\t\t\t\t<\/div>\n\t\t\t\t<\/div>\n\t\t\t\t<div class=\"elementor-element elementor-element-eb14644 elementor-widget elementor-widget-text-editor\" data-id=\"eb14644\" data-element_type=\"widget\" data-widget_type=\"text-editor.default\">\n\t\t\t\t<div class=\"elementor-widget-container\">\n\t\t\t\t\t\t\t\t\t<p>Die nach strengen Industriestandards entwickelten und getesteten Digitalanzeigen verf\u00fcgen \u00fcber einen Anti-UV-Schutz und eine konforme Beschichtung, die eine hohe Widerstandsf\u00e4higkeit gegen raue Umgebungsfaktoren gew\u00e4hrleisten. Mit einer Lebensdauer der Hintergrundbeleuchtung von mehr als 30.000 Stunden und einem Touchpanel, das f\u00fcr mehr als 1.000.000 Ber\u00fchrungen ausgelegt ist, garantiert es eine langfristige Leistung f\u00fcr stark frequentierte Ladestationen.<\/p>\t\t\t\t\t\t\t\t<\/div>\n\t\t\t\t<\/div>\n\t\t\t\t<div class=\"elementor-element elementor-element-24fe28c elementor-widget elementor-widget-heading\" data-id=\"24fe28c\" data-element_type=\"widget\" data-widget_type=\"heading.default\">\n\t\t\t\t<div class=\"elementor-widget-container\">\n\t\t\t\t\t<h3 class=\"elementor-heading-title elementor-size-default\">Robuste Qualit\u00e4t <\/h3>\t\t\t\t<\/div>\n\t\t\t\t<\/div>\n\t\t\t\t<div class=\"elementor-element elementor-element-9d97e4b elementor-widget elementor-widget-text-editor\" data-id=\"9d97e4b\" data-element_type=\"widget\" data-widget_type=\"text-editor.default\">\n\t\t\t\t<div class=\"elementor-widget-container\">\n\t\t\t\t\t\t\t\t\t<p>Die auf Langlebigkeit ausgelegten Digitalanzeigen k\u00f6nnen extremen Temperaturen von bis zu 60 \u00b0C w\u00e4hrend des Betriebs und einer Luftfeuchtigkeit von bis zu 90% RH standhalten. Der anpassbare Flash-Speicher unterst\u00fctzt \u00fcber 100.000 Wiederbeschreibungszyklen und bietet ausreichend Speicherplatz f\u00fcr Schriftarten, Symbole und Firmware-Updates. Die Robustheit dieser Displays reduziert die Wartungskosten und Ausfallzeiten f\u00fcr die Betreiber von Ladestationen.<\/p>\t\t\t\t\t\t\t\t<\/div>\n\t\t\t\t<\/div>\n\t\t\t\t<div class=\"elementor-element elementor-element-7117e94 elementor-widget elementor-widget-heading\" data-id=\"7117e94\" data-element_type=\"widget\" data-widget_type=\"heading.default\">\n\t\t\t\t<div class=\"elementor-widget-container\">\n\t\t\t\t\t<h3 class=\"elementor-heading-title elementor-size-default\">Merkmale der Mekel-Ladestation Digitalanzeigen<\/h3>\t\t\t\t<\/div>\n\t\t\t\t<\/div>\n\t\t\t\t<div class=\"elementor-element elementor-element-15d20c1 elementor-widget elementor-widget-text-editor\" data-id=\"15d20c1\" data-element_type=\"widget\" data-widget_type=\"text-editor.default\">\n\t\t\t\t<div class=\"elementor-widget-container\">\n\t\t\t\t\t\t\t\t\t<ul>\n<li>480 x 800 bis 1024 x 600 Aufl\u00f6sung<\/li>\n<li>3 bis 10,1 Zoll Displaygr\u00f6\u00dfe<\/li>\n<li>800 Nit Helligkeit mit einstellbarer Steuerung<\/li>\n<li>Anti-UV und konforme Beschichtung zum Schutz der Umwelt<\/li>\n<li>IPS TFT \/ TN TFT Bildschirmtyp<\/li>\n<li>2 Jahre Garantie<\/li>\n<li>Globales Liefernetzwerk<\/li>\n<li>16MB Flash-Speicher, erweiterbar auf 64Mbytes<\/li>\n<li>TTL- oder RS232-Anschluss<\/li>\n<li>1M+ Touchscreen-Lebenszyklus<\/li>\n<\/ul>\t\t\t\t\t\t\t\t<\/div>\n\t\t\t\t<\/div>\n\t\t\t\t<div class=\"elementor-element elementor-element-82f5986 elementor-widget elementor-widget-text-editor\" data-id=\"82f5986\" data-element_type=\"widget\" data-widget_type=\"text-editor.default\">\n\t\t\t\t<div class=\"elementor-widget-container\">\n\t\t\t\t\t\t\t\t\t<p><strong>Verbessertes Benutzererlebnis:<\/strong> Die hochaufl\u00f6senden Digitalanzeigen und der reaktionsschnelle kapazitive Touchscreen bieten eine benutzerfreundliche Schnittstelle f\u00fcr E-Fahrer. Die digitalen Displays zeigen den Ladestatus, die Leistungsstufen und Fehlerwarnungen klar und pr\u00e4zise an.<\/p>\n<p><strong>Hohe Kompatibilit\u00e4t mit verschiedenen Geh\u00e4usegr\u00f6\u00dfen:<\/strong> Mit einer gro\u00dfen Auswahl an Displaygr\u00f6\u00dfen und Aufl\u00f6sungen gibt es garantiert eine Konfiguration, die Ihrer Wahl von Design und Gr\u00f6\u00dfe der Ladestation entspricht.<\/p>\n<p><strong>Flexible Anpassungsm\u00f6glichkeiten:<\/strong> Die auf einem eigenen ASIC-Chip und einer eigenen Software basierenden Anpassungen umfassen die Integration von Schnittstellen und Logos. Mekel unterst\u00fctzt auch das Verpackungsdesign, so dass die Kunden das Produkt an ihre Markenidentit\u00e4t und ihre Marktanforderungen anpassen k\u00f6nnen.<\/p>\t\t\t\t\t\t\t\t<\/div>\n\t\t\t\t<\/div>\n\t\t\t\t<div class=\"elementor-element elementor-element-a7f4cfe elementor-widget elementor-widget-heading\" data-id=\"a7f4cfe\" data-element_type=\"widget\" data-widget_type=\"heading.default\">\n\t\t\t\t<div class=\"elementor-widget-container\">\n\t\t\t\t\t<h2 class=\"elementor-heading-title elementor-size-default\">Erfahrungsberichte von Kunden<\/h2>\t\t\t\t<\/div>\n\t\t\t\t<\/div>\n\t\t\t\t<div class=\"elementor-element elementor-element-fdd727d elementor-widget elementor-widget-text-editor\" data-id=\"fdd727d\" data-element_type=\"widget\" data-widget_type=\"text-editor.default\">\n\t\t\t\t<div class=\"elementor-widget-container\">\n\t\t\t\t\t\t\t\t\t<p>\"Wir haben die 5-Zoll-Digitalanzeigen von Mekel in unsere neueste Reihe von Ladestationen f\u00fcr Elektrofahrzeuge integriert, und die Ergebnisse sind hervorragend. Die Helligkeit und die Ber\u00fchrungsempfindlichkeit sind erstklassig, selbst bei direktem Sonnenlicht. Das Team von Mekel hat mit uns zusammengearbeitet, um die Benutzeroberfl\u00e4che anzupassen und sicherzustellen, dass sie perfekt zu unserer Marke passt. Wir sch\u00e4tzen die allgemeine Zuverl\u00e4ssigkeit und Klarheit von Mekel.\" - Mark, Hersteller von EV-Ladestationen<\/p>\t\t\t\t\t\t\t\t<\/div>\n\t\t\t\t<\/div>\n\t\t\t\t<div class=\"elementor-element elementor-element-c09351e elementor-widget elementor-widget-heading\" data-id=\"c09351e\" data-element_type=\"widget\" data-widget_type=\"heading.default\">\n\t\t\t\t<div class=\"elementor-widget-container\">\n\t\t\t\t\t<h2 class=\"elementor-heading-title elementor-size-default\">FAQ<\/h2>\t\t\t\t<\/div>\n\t\t\t\t<\/div>\n\t\t\t\t<div class=\"elementor-element elementor-element-955bb1b elementor-widget elementor-widget-n-accordion\" data-id=\"955bb1b\" data-element_type=\"widget\" data-settings=\"{&quot;default_state&quot;:&quot;expanded&quot;,&quot;max_items_expended&quot;:&quot;one&quot;,&quot;n_accordion_animation_duration&quot;:{&quot;unit&quot;:&quot;ms&quot;,&quot;size&quot;:400,&quot;sizes&quot;:[]}}\" data-widget_type=\"nested-accordion.default\">\n\t\t\t\t<div class=\"elementor-widget-container\">\n\t\t\t\t\t\t\t<div class=\"e-n-accordion\" aria-label=\"Akkordeon. \u00d6ffnen Sie Links mit Enter oder Space, schlie\u00dfen Sie sie mit Escape und navigieren Sie mit den Pfeiltasten.\">\n\t\t\t\t\t\t<details id=\"e-n-accordion-item-1560\" class=\"e-n-accordion-item\" open>\n\t\t\t\t<summary class=\"e-n-accordion-item-title\" data-accordion-index=\"1\" tabindex=\"0\" aria-expanded=\"true\" aria-controls=\"e-n-accordion-item-1560\" >\n\t\t\t\t\t<span class='e-n-accordion-item-title-header'><div class=\"e-n-accordion-item-title-text\"> Sind die digitalen Anzeigen mit allen EV-Ladestationen kompatibel? <\/div><\/span>\n\t\t\t\t\t\t\t<span class='e-n-accordion-item-title-icon'>\n\t\t\t<span class='e-opened' ><svg aria-hidden=\"true\" class=\"e-font-icon-svg e-fas-minus\" viewbox=\"0 0 448 512\" xmlns=\"http:\/\/www.w3.org\/2000\/svg\"><path d=\"M416 208H32c-17.67 0-32 14.33-32 32v32c0 17.67 14.33 32 32 32h384c17.67 0 32-14.33 32-32v-32c0-17.67-14.33-32-32-32z\"><\/path><\/svg><\/span>\n\t\t\t<span class='e-closed'><svg aria-hidden=\"true\" class=\"e-font-icon-svg e-fas-plus\" viewbox=\"0 0 448 512\" xmlns=\"http:\/\/www.w3.org\/2000\/svg\"><path d=\"M416 208H272V64c0-17.67-14.33-32-32-32h-32c-17.67 0-32 14.33-32 32v144H32c-17.67 0-32 14.33-32 32v32c0 17.67 14.33 32 32 32h144v144c0 17.67 14.33 32 32 32h32c17.67 0 32-14.33 32-32V304h144c17.67 0 32-14.33 32-32v-32c0-17.67-14.33-32-32-32z\"><\/path><\/svg><\/span>\n\t\t<\/span>\n\n\t\t\t\t\t\t<\/summary>\n\t\t\t\t<div role=\"region\" aria-labelledby=\"e-n-accordion-item-1560\" class=\"elementor-element elementor-element-9859ab4 e-con-full e-flex e-con e-child\" data-id=\"9859ab4\" data-element_type=\"container\">\n\t\t\t\t<div class=\"elementor-element elementor-element-ecd113d elementor-widget elementor-widget-text-editor\" data-id=\"ecd113d\" data-element_type=\"widget\" data-widget_type=\"text-editor.default\">\n\t\t\t\t<div class=\"elementor-widget-container\">\n\t\t\t\t\t\t\t\t\t<p>Die Displays sind mit den meisten EV-Ladestationen kompatibel. \u00dcberpr\u00fcfen Sie vor der Integration die Schnittstelle Ihres Systems, die Spannungsanforderungen und die Anschlussbuchse.<\/p>\t\t\t\t\t\t\t\t<\/div>\n\t\t\t\t<\/div>\n\t\t\t\t<\/div>\n\t\t\t\t\t<\/details>\n\t\t\t\t\t\t<details id=\"e-n-accordion-item-1561\" class=\"e-n-accordion-item\" >\n\t\t\t\t<summary class=\"e-n-accordion-item-title\" data-accordion-index=\"2\" tabindex=\"-1\" aria-expanded=\"false\" aria-controls=\"e-n-accordion-item-1561\" >\n\t\t\t\t\t<span class='e-n-accordion-item-title-header'><div class=\"e-n-accordion-item-title-text\"> Verf\u00fcgt die Digitalanzeige \u00fcber Qualit\u00e4tszertifikate? <\/div><\/span>\n\t\t\t\t\t\t\t<span class='e-n-accordion-item-title-icon'>\n\t\t\t<span class='e-opened' ><svg aria-hidden=\"true\" class=\"e-font-icon-svg e-fas-minus\" viewbox=\"0 0 448 512\" xmlns=\"http:\/\/www.w3.org\/2000\/svg\"><path d=\"M416 208H32c-17.67 0-32 14.33-32 32v32c0 17.67 14.33 32 32 32h384c17.67 0 32-14.33 32-32v-32c0-17.67-14.33-32-32-32z\"><\/path><\/svg><\/span>\n\t\t\t<span class='e-closed'><svg aria-hidden=\"true\" class=\"e-font-icon-svg e-fas-plus\" viewbox=\"0 0 448 512\" xmlns=\"http:\/\/www.w3.org\/2000\/svg\"><path d=\"M416 208H272V64c0-17.67-14.33-32-32-32h-32c-17.67 0-32 14.33-32 32v144H32c-17.67 0-32 14.33-32 32v32c0 17.67 14.33 32 32 32h144v144c0 17.67 14.33 32 32 32h32c17.67 0 32-14.33 32-32V304h144c17.67 0 32-14.33 32-32v-32c0-17.67-14.33-32-32-32z\"><\/path><\/svg><\/span>\n\t\t<\/span>\n\n\t\t\t\t\t\t<\/summary>\n\t\t\t\t<div role=\"region\" aria-labelledby=\"e-n-accordion-item-1561\" class=\"elementor-element elementor-element-6a6cc2c e-con-full e-flex e-con e-child\" data-id=\"6a6cc2c\" data-element_type=\"container\">\n\t\t\t\t<div class=\"elementor-element elementor-element-69abc0f elementor-widget elementor-widget-text-editor\" data-id=\"69abc0f\" data-element_type=\"widget\" data-widget_type=\"text-editor.default\">\n\t\t\t\t<div class=\"elementor-widget-container\">\n\t\t\t\t\t\t\t\t\t<p>Ja, es erf\u00fcllt die Industriestandards mit Anti-UV- und konformer Beschichtung und wird durch strenge Tests und eine 2-j\u00e4hrige Garantie unterst\u00fctzt.<\/p>\t\t\t\t\t\t\t\t<\/div>\n\t\t\t\t<\/div>\n\t\t\t\t<\/div>\n\t\t\t\t\t<\/details>\n\t\t\t\t\t\t<details id=\"e-n-accordion-item-1562\" class=\"e-n-accordion-item\" >\n\t\t\t\t<summary class=\"e-n-accordion-item-title\" data-accordion-index=\"3\" tabindex=\"-1\" aria-expanded=\"false\" aria-controls=\"e-n-accordion-item-1562\" >\n\t\t\t\t\t<span class='e-n-accordion-item-title-header'><div class=\"e-n-accordion-item-title-text\"> Wo kann diese digitale Anzeige verwendet werden? <\/div><\/span>\n\t\t\t\t\t\t\t<span class='e-n-accordion-item-title-icon'>\n\t\t\t<span class='e-opened' ><svg aria-hidden=\"true\" class=\"e-font-icon-svg e-fas-minus\" viewbox=\"0 0 448 512\" xmlns=\"http:\/\/www.w3.org\/2000\/svg\"><path d=\"M416 208H32c-17.67 0-32 14.33-32 32v32c0 17.67 14.33 32 32 32h384c17.67 0 32-14.33 32-32v-32c0-17.67-14.33-32-32-32z\"><\/path><\/svg><\/span>\n\t\t\t<span class='e-closed'><svg aria-hidden=\"true\" class=\"e-font-icon-svg e-fas-plus\" viewbox=\"0 0 448 512\" xmlns=\"http:\/\/www.w3.org\/2000\/svg\"><path d=\"M416 208H272V64c0-17.67-14.33-32-32-32h-32c-17.67 0-32 14.33-32 32v144H32c-17.67 0-32 14.33-32 32v32c0 17.67 14.33 32 32 32h144v144c0 17.67 14.33 32 32 32h32c17.67 0 32-14.33 32-32V304h144c17.67 0 32-14.33 32-32v-32c0-17.67-14.33-32-32-32z\"><\/path><\/svg><\/span>\n\t\t<\/span>\n\n\t\t\t\t\t\t<\/summary>\n\t\t\t\t<div role=\"region\" aria-labelledby=\"e-n-accordion-item-1562\" class=\"elementor-element elementor-element-9fa674d e-con-full e-flex e-con e-child\" data-id=\"9fa674d\" data-element_type=\"container\">\n\t\t\t\t<div class=\"elementor-element elementor-element-b7af20c elementor-widget elementor-widget-text-editor\" data-id=\"b7af20c\" data-element_type=\"widget\" data-widget_type=\"text-editor.default\">\n\t\t\t\t<div class=\"elementor-widget-container\">\n\t\t\t\t\t\t\t\t\t<p>Es ist ideal f\u00fcr AC-Ladestationen (7 kW bis 22 kW) in \u00f6ffentlichen, gewerblichen oder privaten Einrichtungen. 10,1-Zoll-Digitalanzeigen sind auch f\u00fcr die Integration mit DC-Schnellladestationen erh\u00e4ltlich. Sprechen Sie mit einem Mekel-Vertreter, um die beste L\u00f6sung f\u00fcr Ihre Anforderungen zu finden.<\/p>\t\t\t\t\t\t\t\t<\/div>\n\t\t\t\t<\/div>\n\t\t\t\t<\/div>\n\t\t\t\t\t<\/details>\n\t\t\t\t\t<\/div>\n\t\t\t\t\t\t<\/div>\n\t\t\t\t<\/div>\n\t\t\t\t\t<\/div>\n\t\t\t\t<\/div>\n\t\t\t\t<\/div>","protected":false},"excerpt":{"rendered":"<p>What are Mekel EV Charging Station&nbsp;Digital Displays? The Mekel EV Charging Station digital displays are compact, industrial-grade display module engineered for EV charging stations. Featuring a various screen sizes from 4.3 inch for AC charging stations to 10.1 inch for DC charging stations, these screens deliver crisp visuals and wide viewing angles. This display serves [&hellip;]<\/p>","protected":false},"author":1,"featured_media":3372,"menu_order":0,"template":"","format":"standard","meta":{"_acf_changed":true,"site-sidebar-layout":"default","site-content-layout":"","ast-site-content-layout":"default","site-content-style":"default","site-sidebar-style":"default","ast-global-header-display":"","ast-banner-title-visibility":"","ast-main-header-display":"","ast-hfb-above-header-display":"","ast-hfb-below-header-display":"","ast-hfb-mobile-header-display":"","site-post-title":"","ast-breadcrumbs-content":"","ast-featured-img":"","footer-sml-layout":"","ast-disable-related-posts":"","theme-transparent-header-meta":"","adv-header-id-meta":"","stick-header-meta":"","header-above-stick-meta":"","header-main-stick-meta":"","header-below-stick-meta":"","astra-migrate-meta-layouts":"set","ast-page-background-enabled":"default","ast-page-background-meta":{"desktop":{"background-color":"","background-image":"","background-repeat":"repeat","background-position":"center center","background-size":"auto","background-attachment":"scroll","background-type":"","background-media":"","overlay-type":"","overlay-color":"","overlay-opacity":"","overlay-gradient":""},"tablet":{"background-color":"","background-image":"","background-repeat":"repeat","background-position":"center center","background-size":"auto","background-attachment":"scroll","background-type":"","background-media":"","overlay-type":"","overlay-color":"","overlay-opacity":"","overlay-gradient":""},"mobile":{"background-color":"","background-image":"","background-repeat":"repeat","background-position":"center center","background-size":"auto","background-attachment":"scroll","background-type":"","background-media":"","overlay-type":"","overlay-color":"","overlay-opacity":"","overlay-gradient":""}},"ast-content-background-meta":{"desktop":{"background-color":"var(--ast-global-color-5)","background-image":"","background-repeat":"repeat","background-position":"center center","background-size":"auto","background-attachment":"scroll","background-type":"","background-media":"","overlay-type":"","overlay-color":"","overlay-opacity":"","overlay-gradient":""},"tablet":{"background-color":"var(--ast-global-color-5)","background-image":"","background-repeat":"repeat","background-position":"center center","background-size":"auto","background-attachment":"scroll","background-type":"","background-media":"","overlay-type":"","overlay-color":"","overlay-opacity":"","overlay-gradient":""},"mobile":{"background-color":"var(--ast-global-color-5)","background-image":"","background-repeat":"repeat","background-position":"center center","background-size":"auto","background-attachment":"scroll","background-type":"","background-media":"","overlay-type":"","overlay-color":"","overlay-opacity":"","overlay-gradient":""}},"footnotes":""},"product-category":[98],"product-tag":[],"class_list":["post-2225","product","type-product","status-publish","format-standard","has-post-thumbnail","hentry","product-category-digital-display"],"acf":[],"_links":{"self":[{"href":"https:\/\/www.mekeltech.com\/de\/wp-json\/wp\/v2\/product\/2225","targetHints":{"allow":["GET"]}}],"collection":[{"href":"https:\/\/www.mekeltech.com\/de\/wp-json\/wp\/v2\/product"}],"about":[{"href":"https:\/\/www.mekeltech.com\/de\/wp-json\/wp\/v2\/types\/product"}],"author":[{"embeddable":true,"href":"https:\/\/www.mekeltech.com\/de\/wp-json\/wp\/v2\/users\/1"}],"version-history":[{"count":10,"href":"https:\/\/www.mekeltech.com\/de\/wp-json\/wp\/v2\/product\/2225\/revisions"}],"predecessor-version":[{"id":6815,"href":"https:\/\/www.mekeltech.com\/de\/wp-json\/wp\/v2\/product\/2225\/revisions\/6815"}],"wp:featuredmedia":[{"embeddable":true,"href":"https:\/\/www.mekeltech.com\/de\/wp-json\/wp\/v2\/media\/3372"}],"wp:attachment":[{"href":"https:\/\/www.mekeltech.com\/de\/wp-json\/wp\/v2\/media?parent=2225"}],"wp:term":[{"taxonomy":"product-category","embeddable":true,"href":"https:\/\/www.mekeltech.com\/de\/wp-json\/wp\/v2\/product-category?post=2225"},{"taxonomy":"product-tag","embeddable":true,"href":"https:\/\/www.mekeltech.com\/de\/wp-json\/wp\/v2\/product-tag?post=2225"}],"curies":[{"name":"wp","href":"https:\/\/api.w.org\/{rel}","templated":true}]}}