{"id":2221,"date":"2025-05-06T09:59:20","date_gmt":"2025-05-06T09:59:20","guid":{"rendered":"https:\/\/mekeltech.com\/?post_type=product&#038;p=2221"},"modified":"2025-06-18T18:06:28","modified_gmt":"2025-06-18T10:06:28","slug":"type-2-to-type-2-charging-cable","status":"publish","type":"product","link":"https:\/\/www.mekeltech.com\/de\/product\/type-2-to-type-2-charging-cable\/","title":{"rendered":"Typ 2 auf Typ 2 Ladekabel"},"content":{"rendered":"<h2 class=\"wp-block-heading\"><strong>Typ 2 Standard<\/strong><\/h2>\n\n\n\n<ul class=\"wp-block-list\">\n<li>32A \/ 16A | 3 Phasen \/ 1 Phase<\/li>\n\n\n\n<li>TUV, CE, UKCA, RoHS zertifiziert<\/li>\n\n\n\n<li>Flammhemmendes TPU-Au\u00dfenbeschichtungsmaterial<\/li>\n<\/ul>\n\n\n\n<p>Das Mekel Typ 2 zu Typ 2 EV-Ladekabel bietet m\u00fchelose Kompatibilit\u00e4t f\u00fcr Elektrofahrzeuge, die mit einer Typ 2 oder CCS 2 Steckdose ausgestattet sind. Das Kabel verf\u00fcgt \u00fcber ein ergonomisches Design f\u00fcr Griffstecker sowohl f\u00fcr den Fahrzeugeingang als auch f\u00fcr die Ladestation. Das aus hochwertigen Materialien gefertigte Kabel entspricht den derzeit strengsten EU-Normen und gew\u00e4hrleistet bei jeder Verwendung ein zuverl\u00e4ssiges und sicheres Ladeerlebnis.<\/p>\n\n\n\n<h2 class=\"wp-block-heading\"><strong>Was ist ein Typ 2 zu Typ 2 Ladekabel?<\/strong><\/h2>\n\n\n\n<p>Ein Typ-2-zu-Typ-2-Ladekabel wird f\u00fcr das Aufladen von Elektrofahrzeugen (EVs) an \u00f6ffentlichen oder privaten EV-Ladeger\u00e4ten verwendet. Bei diesen EV-Ladeger\u00e4ten handelt es sich in der Regel um Wechselstrom-Ladeger\u00e4te mit einer Leistung von 7 bis 22 kW, die nicht mit einem Kabel an der Ladestation verbunden sind. Dieses Ladekabel ist besonders n\u00fctzlich f\u00fcr Gebiete wie Europa, wo die Typ-2-Ladeger\u00e4te vorherrschen. Auch in S\u00fcdostasien und im Nahen Osten, wo Typ-2-Ladeger\u00e4te dominieren, wird dieses Produkt eingesetzt. Es fungiert als Verbindungsst\u00fcck und erm\u00f6glicht es den Benutzern, unterwegs oder zu Hause an verschiedenen Ladestationen aufzuladen.<\/p>\n\n\n\n<h2 class=\"wp-block-heading\"><strong>Wie funktioniert es?&nbsp;<\/strong><\/h2>\n\n\n\n<p>Der Typ-2-Stecker des Kabels wird mit der Ladestation verbunden, w\u00e4hrend die Buchse mit dem Fahrzeug verbunden wird. Diese Konfiguration gew\u00e4hrleistet eine optimale Stromversorgung und Kommunikation zwischen der Station und dem Fahrzeug. Dies unterst\u00fctzt ein sicheres Aufladen mit angemessener Leistung und die M\u00f6glichkeit, Probleme w\u00e4hrend des Prozesses zu erkennen.<\/p>\n\n\n\n<h2 class=\"wp-block-heading\"><strong>Warum Mekel Typ 2 zu Typ 2 Ladekabel w\u00e4hlen?<\/strong><\/h2>\n\n\n\n<h3 class=\"wp-block-heading\"><strong>Branchenf\u00fchrende Zertifizierungen<\/strong><\/h3>\n\n\n\n<p>Getestet und zertifiziert durch das renommierte TUV Rheinland Testlabor f\u00fcr TUV-, CE- und UKCA-Zertifizierungen, hat das Typ 2 Ladekabel strenge Tests durchlaufen wie kein anderes vergleichbares Produkt auf dem Markt. Dies stellt sicher, dass jeder Benutzer sein Elektrofahrzeug sorgenfrei aufladen kann, da er wei\u00df, dass zertifizierte Sicherheit die oberste Priorit\u00e4t der Handwerkskunst ist.<\/p>\n\n\n\n<h3 class=\"wp-block-heading\"><strong>Robuste Qualit\u00e4t<\/strong><\/h3>\n\n\n\n<p>Ganz gleich, ob Sie ein Netz von Ladestationen f\u00fcr Elektrofahrzeuge oder eine Elektrofahrzeugflotte betreiben, das Typ-2-EV-Ladekabel von Mekel bietet Ihnen durch seine Langlebigkeit und Robustheit den gr\u00f6\u00dftm\u00f6glichen Nutzen. Dieses Kabel hat sich in Testumgebungen mit mehr als 10.000 Nutzungszyklen bew\u00e4hrt. Geeignet f\u00fcr alle Unternehmen und Einzelkunden im t\u00e4glichen Gebrauch.<\/p>\n\n\n\n<h3 class=\"wp-block-heading\"><strong>Gesch\u00fctzt gegen extreme Umwelt- und Wetterbedingungen<\/strong><\/h3>\n\n\n\n<p>Das Mekel Typ 2-Ladekabel bietet Leistung unabh\u00e4ngig von K\u00e4lte und Hitze. Mit einer Schutzart von 65\/54 ist das Kabel so konzipiert, dass es auch Regen und Schnee standh\u00e4lt. Dieses Kabel ist f\u00fcr den Einsatz in allen Umgebungen konzipiert, einschlie\u00dflich extremer Hitze in L\u00e4ndern entlang des \u00c4quators und extremer K\u00e4lte in den nordischen L\u00e4ndern.<\/p>\n\n\n\n<h2 class=\"wp-block-heading\"><strong>Hauptmerkmale des Mekel Typ 2-Ladekabels<\/strong><\/h2>\n\n\n\n<ul class=\"wp-block-list\">\n<li>TUV, CE, UKCA, RoHS zertifiziert<\/li>\n\n\n\n<li>Flexible Anpassungsl\u00f6sungen: Lasergravur von Logo, L\u00e4nge, Farbe, Verpackung<\/li>\n\n\n\n<li>2 Jahre Garantie<\/li>\n\n\n\n<li>\u00dcberlegener Schutz durch Wasserbest\u00e4ndigkeit<\/li>\n\n\n\n<li>Umfassendes globales Liefernetzwerk<\/li>\n<\/ul>\n\n\n\n<h2 class=\"wp-block-heading\"><strong>Technische Daten<\/strong><\/h2>\n\n\n\n<h2 class=\"wp-block-heading\"><strong>Warum Mekel Typ 2 Ladekabel w\u00e4hlen<\/strong><\/h2>\n\n\n\n<ul class=\"wp-block-list\">\n<li><strong>Schnelles Aufladen<\/strong><\/li>\n\n\n\n<li><strong>Markt\u00fcbergreifende Kompatibilit\u00e4t<\/strong>\n<ul class=\"wp-block-list\">\n<li>Das Mekel Typ 2-Ladekabel ist mit den wichtigsten M\u00e4rkten, einschlie\u00dflich Europa, S\u00fcdostasien und dem Nahen Osten, kompatibel und erm\u00f6glicht eine flexible Aufladung unabh\u00e4ngig von Ihrem Fuhrpark und dem Netz der Ladestationen.<\/li>\n<\/ul>\n<\/li>\n\n\n\n<li><strong>Flexible Anpassungsm\u00f6glichkeiten<\/strong>\n<ul class=\"wp-block-list\">\n<li>Nach Ihren W\u00fcnschen in Bezug auf Farbe, L\u00e4nge, Produktlogo und Produktverpackung angepasst, pr\u00e4sentieren Sie Ihr Unternehmensbranding, um bei den Nutzern Bekanntheit und Aufmerksamkeit zu erregen.<\/li>\n<\/ul>\n<\/li>\n<\/ul>\n\n\n\n<h2 class=\"wp-block-heading\"><strong>Erfahrungsberichte von Kunden<\/strong><\/h2>\n\n\n\n<p>\"Wir haben Typ-2-Ladekabel von Mekel als Erg\u00e4nzung zu unseren EV-Zubeh\u00f6rprodukten eingef\u00fchrt, die wir \u00fcber unseren Online-Shop vertreiben. Wir sind sehr zufrieden damit, wie das Team von Mekel mit uns bei der Platzierung des Logos, dem Layout und dem gesamten Verpackungsdesign zusammengearbeitet hat. Das war uns wichtig, da wir unser Markenimage einheitlich darstellen wollten. Das Feedback der Kunden zu Design und Qualit\u00e4t war hervorragend. Wir gehen davon aus, dass wir unser Volumen dadurch weiter ausbauen werden.<\/p>\n\n\n\n<ul class=\"wp-block-list\">\n<li>James, Online-Vertriebsh\u00e4ndler<\/li>\n<\/ul>\n\n\n\n<h2 class=\"wp-block-heading\"><strong>FAQ<\/strong><\/h2>\n\n\n\n<p><strong>F: Ist dieses Kabel mit batteriebetriebenen Elektrofahrzeugen (BEV) und Plug-in-Hybrid-Elektrofahrzeugen (PHEV) kompatibel?<\/strong><\/p>\n\n\n\n<p>A: Bitte \u00fcberpr\u00fcfen Sie den Ladeanschluss Ihres Fahrzeugs, um festzustellen, ob es sich um Typ 2 (Mennekes, 7 Pins) oder CCS 2 (7 Pins + 2 Pins) handelt. Unser Kabel ist kompatibel mit BEV und PHEV mit Typ 2 und CCS Ladeeing\u00e4ngen.<\/p>\n\n\n\n<p><strong>F: Verf\u00fcgt das Kabel \u00fcber ein Qualit\u00e4tszertifikat?<\/strong><\/p>\n\n\n\n<p>A: Ja. Unsere Typ-2-Ladekabel sind T\u00dcV-, CE- und UKCA-konform. Dies sind die strengsten Zertifizierungsanforderungen in Europa und Gro\u00dfbritannien. Die Sicherstellung f\u00fchrender Qualit\u00e4t hat f\u00fcr uns oberste Priorit\u00e4t<\/p>\n\n\n\n<p><strong>F: Wo kann das Typ-2-Ladekabel verwendet werden?<\/strong><\/p>\n\n\n\n<p>A: Das Typ-2-Ladekabel kann an jeder Wechselstrom-Ladestation mit einer Typ-2-Steckdose verwendet werden, unabh\u00e4ngig davon, ob es sich um eine \u00f6ffentliche Ladestation oder eine in einem Haus installierte Wallbox handelt. Typischerweise gibt es Ladestationen mit Typ-2-Steckdosen in Europa, S\u00fcdostasien und im Nahen Osten. Daher ist das Typ-2-Ladekabel \u00e4u\u00dferst vielseitig und kompatibel.<\/p>\n\n\n\n<p><strong>F: Wie w\u00e4hle ich das richtige Kabel aus?<\/strong><\/p>\n\n\n\n<p>A: Sie k\u00f6nnen die Ladestandards des Fahrzeugs und der Ladestation \u00fcberpr\u00fcfen, um festzustellen, wie viel kW das Auto laden kann. 22 kW werden empfohlen, da sie mit allen Fahrzeugen und AC-Ladestationen kompatibel sind und in verschiedenen Szenarien auf 11 kW und 7 kW heruntergeschaltet werden k\u00f6nnen. Die L\u00e4nge von 5 m ist ideal f\u00fcr den t\u00e4glichen Gebrauch zu Hause und auf der Stra\u00dfe. In einigen gewerblichen Umgebungen k\u00f6nnten jedoch l\u00e4ngere Kabel erforderlich sein. Es wird empfohlen, solche Entfernungen vor der Kaufentscheidung zu messen.<\/p>\n\n\n\n<p><strong>F: Kann es f\u00fcr eine Gleichstrom-Schnellladung verwendet werden?<\/strong><\/p>\n\n\n\n<p>A: Nein. Unser Typ-2-Kabel ist f\u00fcr das AC-Schnellladen ausgelegt und sollte nicht f\u00fcr das DC-Schnellladen verwendet werden. F\u00fcr das Gleichstromladen sind eine andere Ladeschnittstelle und ein anderes Kabel erforderlich.<\/p>","protected":false},"excerpt":{"rendered":"<p>Type 2 Standard Mekel Type 2 to Type 2 EV Charging Cable provides effortless compatibility for electrical vehicles&nbsp;equipped&nbsp;with a Type 2 or CCS 2 socket. The cable features an ergonomic design for handle plugs for both the vehicle inlet and charging station ends. Crafted with high-quality materials and designed to comply with the current utmost [&hellip;]<\/p>","protected":false},"author":1,"featured_media":3405,"menu_order":0,"template":"","format":"standard","meta":{"_acf_changed":false,"site-sidebar-layout":"default","site-content-layout":"","ast-site-content-layout":"default","site-content-style":"default","site-sidebar-style":"default","ast-global-header-display":"","ast-banner-title-visibility":"","ast-main-header-display":"","ast-hfb-above-header-display":"","ast-hfb-below-header-display":"","ast-hfb-mobile-header-display":"","site-post-title":"","ast-breadcrumbs-content":"","ast-featured-img":"","footer-sml-layout":"","ast-disable-related-posts":"","theme-transparent-header-meta":"","adv-header-id-meta":"","stick-header-meta":"","header-above-stick-meta":"","header-main-stick-meta":"","header-below-stick-meta":"","astra-migrate-meta-layouts":"set","ast-page-background-enabled":"default","ast-page-background-meta":{"desktop":{"background-color":"","background-image":"","background-repeat":"repeat","background-position":"center center","background-size":"auto","background-attachment":"scroll","background-type":"","background-media":"","overlay-type":"","overlay-color":"","overlay-opacity":"","overlay-gradient":""},"tablet":{"background-color":"","background-image":"","background-repeat":"repeat","background-position":"center center","background-size":"auto","background-attachment":"scroll","background-type":"","background-media":"","overlay-type":"","overlay-color":"","overlay-opacity":"","overlay-gradient":""},"mobile":{"background-color":"","background-image":"","background-repeat":"repeat","background-position":"center center","background-size":"auto","background-attachment":"scroll","background-type":"","background-media":"","overlay-type":"","overlay-color":"","overlay-opacity":"","overlay-gradient":""}},"ast-content-background-meta":{"desktop":{"background-color":"var(--ast-global-color-5)","background-image":"","background-repeat":"repeat","background-position":"center center","background-size":"auto","background-attachment":"scroll","background-type":"","background-media":"","overlay-type":"","overlay-color":"","overlay-opacity":"","overlay-gradient":""},"tablet":{"background-color":"var(--ast-global-color-5)","background-image":"","background-repeat":"repeat","background-position":"center center","background-size":"auto","background-attachment":"scroll","background-type":"","background-media":"","overlay-type":"","overlay-color":"","overlay-opacity":"","overlay-gradient":""},"mobile":{"background-color":"var(--ast-global-color-5)","background-image":"","background-repeat":"repeat","background-position":"center center","background-size":"auto","background-attachment":"scroll","background-type":"","background-media":"","overlay-type":"","overlay-color":"","overlay-opacity":"","overlay-gradient":""}},"footnotes":""},"product-category":[90],"product-tag":[],"class_list":["post-2221","product","type-product","status-publish","format-standard","has-post-thumbnail","hentry","product-category-charging-cable"],"acf":[],"_links":{"self":[{"href":"https:\/\/www.mekeltech.com\/de\/wp-json\/wp\/v2\/product\/2221","targetHints":{"allow":["GET"]}}],"collection":[{"href":"https:\/\/www.mekeltech.com\/de\/wp-json\/wp\/v2\/product"}],"about":[{"href":"https:\/\/www.mekeltech.com\/de\/wp-json\/wp\/v2\/types\/product"}],"author":[{"embeddable":true,"href":"https:\/\/www.mekeltech.com\/de\/wp-json\/wp\/v2\/users\/1"}],"version-history":[{"count":8,"href":"https:\/\/www.mekeltech.com\/de\/wp-json\/wp\/v2\/product\/2221\/revisions"}],"predecessor-version":[{"id":4523,"href":"https:\/\/www.mekeltech.com\/de\/wp-json\/wp\/v2\/product\/2221\/revisions\/4523"}],"wp:featuredmedia":[{"embeddable":true,"href":"https:\/\/www.mekeltech.com\/de\/wp-json\/wp\/v2\/media\/3405"}],"wp:attachment":[{"href":"https:\/\/www.mekeltech.com\/de\/wp-json\/wp\/v2\/media?parent=2221"}],"wp:term":[{"taxonomy":"product-category","embeddable":true,"href":"https:\/\/www.mekeltech.com\/de\/wp-json\/wp\/v2\/product-category?post=2221"},{"taxonomy":"product-tag","embeddable":true,"href":"https:\/\/www.mekeltech.com\/de\/wp-json\/wp\/v2\/product-tag?post=2221"}],"curies":[{"name":"wp","href":"https:\/\/api.w.org\/{rel}","templated":true}]}}