{"id":2794,"date":"2025-05-13T03:05:01","date_gmt":"2025-05-13T03:05:01","guid":{"rendered":"https:\/\/mekeltech.com\/?page_id=2794"},"modified":"2025-08-21T11:43:12","modified_gmt":"2025-08-21T03:43:12","slug":"customer-cases","status":"publish","type":"page","link":"https:\/\/www.mekeltech.com\/de\/customer-cases\/","title":{"rendered":"Kundenf\u00e4lle"},"content":{"rendered":"<div data-elementor-type=\"wp-page\" data-elementor-id=\"2794\" class=\"elementor elementor-2794\" data-elementor-post-type=\"page\">\n\t\t\t\t<div class=\"elementor-element elementor-element-55974a8 e-flex e-con-boxed e-con e-parent\" data-id=\"55974a8\" data-element_type=\"container\" data-settings=\"{&quot;background_background&quot;:&quot;classic&quot;}\">\n\t\t\t\t\t<div class=\"e-con-inner\">\n\t\t<div class=\"elementor-element elementor-element-c61b5fd e-con-full e-flex e-con e-child\" data-id=\"c61b5fd\" data-element_type=\"container\">\n\t\t<div class=\"elementor-element elementor-element-74d7cfc e-con-full e-flex e-con e-child\" data-id=\"74d7cfc\" data-element_type=\"container\" data-settings=\"{&quot;background_background&quot;:&quot;classic&quot;}\">\n\t\t\t\t<div class=\"elementor-element elementor-element-ae83ca3 elementor-widget elementor-widget-heading\" data-id=\"ae83ca3\" data-element_type=\"widget\" data-widget_type=\"heading.default\">\n\t\t\t\t<div class=\"elementor-widget-container\">\n\t\t\t\t\t<h1 class=\"elementor-heading-title elementor-size-default\">Kundenf\u00e4lle<\/h1>\t\t\t\t<\/div>\n\t\t\t\t<\/div>\n\t\t\t\t<div class=\"elementor-element elementor-element-eee93c6 elementor-widget elementor-widget-breadcrumbs\" data-id=\"eee93c6\" data-element_type=\"widget\" data-widget_type=\"breadcrumbs.default\">\n\t\t\t\t<div class=\"elementor-widget-container\">\n\t\t\t\t\t<nav aria-label=\"Semmelbr\u00f6sel\" class=\"rank-math-breadcrumb\"><p><span class=\"last\">Startseite<\/span><\/p><\/nav>\t\t\t\t<\/div>\n\t\t\t\t<\/div>\n\t\t\t\t<\/div>\n\t\t<div class=\"elementor-element elementor-element-acb531d e-con-full e-flex e-con e-child\" data-id=\"acb531d\" data-element_type=\"container\">\n\t\t\t\t<\/div>\n\t\t\t\t<\/div>\n\t\t\t\t\t<\/div>\n\t\t\t\t<\/div>\n\t\t<div class=\"elementor-element elementor-element-2195dfa e-flex e-con-boxed e-con e-parent\" data-id=\"2195dfa\" data-element_type=\"container\">\n\t\t\t\t\t<div class=\"e-con-inner\">\n\t\t\t\t<div class=\"elementor-element elementor-element-1b3995e elementor-widget elementor-widget-text-editor\" data-id=\"1b3995e\" data-element_type=\"widget\" data-widget_type=\"text-editor.default\">\n\t\t\t\t<div class=\"elementor-widget-container\">\n\t\t\t\t\t\t\t\t\t<p>Mekel ist eine treibende Kraft in der EV-Revolution seit <strong>2015<\/strong>. Als Profi <strong>Zubeh\u00f6r und Ausr\u00fcstung zum Laden von Elektrofahrzeugen <\/strong>Hersteller und weltweiter Lieferant mit Hauptsitz in <strong>Shanghai<\/strong>mit strategischen B\u00fcros in <strong>Shenzhen<\/strong> und <strong>Singapur<\/strong>haben wir Kunden in mehr als zehn L\u00e4ndern geholfen. <strong>50<\/strong> L\u00e4nder die wichtigsten Hindernisse f\u00fcr die Einf\u00fchrung von E-Fahrzeugen \u00fcberwinden.<\/p><p>Als Ihr One-Stop-EV-Ladepartner bieten wir mehr als standardisierte Teile und Zubeh\u00f6r. Wir bieten umfassende L\u00f6sungen: <strong>Vollversorgung, kundenspezifische Anpassung und OEM\/ODM<\/strong>SDK und technischer Support, professioneller Kundendienst und globale Logistik.<\/p><p>Im Folgenden finden Sie konkrete Ergebnisse unseres Partnerschaftsmodells. Erfahren Sie, wie globale Unternehmen MekelTechs Fachwissen, flexible Fertigungsprozesse und unersch\u00fctterliche Unterst\u00fctzung genutzt haben, um ihre Ziele zu erreichen.<\/p><p>Lesen Sie diese echten Erfolgsgeschichten, um zu erfahren, wie MekelTech der Katalysator f\u00fcr die Verwirklichung Ihrer EV-Ladetr\u00e4ume sein kann. Wir engagieren uns f\u00fcr Ihre Zufriedenheit und den Aufbau dauerhafter Partnerschaften, die das Wachstum der Branche f\u00f6rdern.<\/p>\t\t\t\t\t\t\t\t<\/div>\n\t\t\t\t<\/div>\n\t\t\t\t<div class=\"elementor-element elementor-element-d66edd7 e-n-tabs-mobile elementor-widget elementor-widget-n-tabs\" data-id=\"d66edd7\" data-element_type=\"widget\" data-settings=\"{&quot;horizontal_scroll&quot;:&quot;disable&quot;}\" data-widget_type=\"nested-tabs.default\">\n\t\t\t\t<div class=\"elementor-widget-container\">\n\t\t\t\t\t\t\t<div class=\"e-n-tabs\" data-widget-number=\"224849367\" aria-label=\"Schede. Apri gli elementi con Invio o Spazio, chiudili con Esc e naviga con i tasti freccia.\">\n\t\t\t<div class=\"e-n-tabs-heading\" role=\"tablist\">\n\t\t\t\t\t<button id=\"e-n-tab-title-2248493671\" data-tab-title-id=\"e-n-tab-title-2248493671\" class=\"e-n-tab-title\" aria-selected=\"true\" data-tab-index=\"1\" role=\"tab\" tabindex=\"0\" aria-controls=\"e-n-tab-content-2248493671\" style=\"--n-tabs-title-order: 1;\">\n\t\t\t\t\t\t<span class=\"e-n-tab-title-text\">\n\t\t\t\tOEM\/ODM\t\t\t<\/span>\n\t\t<\/button>\n\t\t\t\t<button id=\"e-n-tab-title-2248493672\" data-tab-title-id=\"e-n-tab-title-2248493672\" class=\"e-n-tab-title\" aria-selected=\"false\" data-tab-index=\"2\" role=\"tab\" tabindex=\"-1\" aria-controls=\"e-n-tab-content-2248493672\" style=\"--n-tabs-title-order: 2;\">\n\t\t\t\t\t\t<span class=\"e-n-tab-title-text\">\n\t\t\t\tGro\u00dfh\u00e4ndler\/Einzelh\u00e4ndler\t\t\t<\/span>\n\t\t<\/button>\n\t\t\t\t\t<\/div>\n\t\t\t<div class=\"e-n-tabs-content\">\n\t\t\t\t<div id=\"e-n-tab-content-2248493671\" role=\"tabpanel\" aria-labelledby=\"e-n-tab-title-2248493671\" data-tab-index=\"1\" style=\"--n-tabs-title-order: 1;\" class=\"e-active elementor-element elementor-element-581622f e-con-full e-flex e-con e-child\" data-id=\"581622f\" data-element_type=\"container\">\n\t\t\t\t<div class=\"elementor-element elementor-element-bf65b28 elementor-grid-3 elementor-grid-tablet-2 elementor-grid-mobile-1 elementor-posts--thumbnail-top elementor-widget elementor-widget-posts\" data-id=\"bf65b28\" data-element_type=\"widget\" data-settings=\"{&quot;classic_columns&quot;:&quot;3&quot;,&quot;classic_columns_tablet&quot;:&quot;2&quot;,&quot;classic_columns_mobile&quot;:&quot;1&quot;,&quot;classic_row_gap&quot;:{&quot;unit&quot;:&quot;px&quot;,&quot;size&quot;:35,&quot;sizes&quot;:[]},&quot;classic_row_gap_tablet&quot;:{&quot;unit&quot;:&quot;px&quot;,&quot;size&quot;:&quot;&quot;,&quot;sizes&quot;:[]},&quot;classic_row_gap_mobile&quot;:{&quot;unit&quot;:&quot;px&quot;,&quot;size&quot;:&quot;&quot;,&quot;sizes&quot;:[]}}\" data-widget_type=\"posts.classic\">\n\t\t\t\t<div class=\"elementor-widget-container\">\n\t\t\t\t\t\t\t<div class=\"elementor-posts-container elementor-posts elementor-posts--skin-classic elementor-grid\" role=\"list\">\n\t\t\t\t<article class=\"elementor-post elementor-grid-item post-4394 post type-post status-publish format-standard has-post-thumbnail hentry category-case-studies category-oem-odm\" role=\"listitem\">\n\t\t\t\t<a class=\"elementor-post__thumbnail__link\" href=\"https:\/\/www.mekeltech.com\/de\/ev-charging-accessories-for-european-ev-manufacturer\/\" tabindex=\"-1\" >\n\t\t\t<div class=\"elementor-post__thumbnail\"><img fetchpriority=\"high\" decoding=\"async\" width=\"800\" height=\"600\" src=\"https:\/\/www.mekeltech.com\/wp-content\/uploads\/2025\/05\/17.webp\" class=\"attachment-full size-full wp-image-3480\" alt=\"EV-Ladezubeh\u00f6r\" srcset=\"https:\/\/www.mekeltech.com\/wp-content\/uploads\/2025\/05\/17.webp 800w, https:\/\/www.mekeltech.com\/wp-content\/uploads\/2025\/05\/17-300x225.webp 300w, https:\/\/www.mekeltech.com\/wp-content\/uploads\/2025\/05\/17-768x576.webp 768w\" sizes=\"(max-width: 800px) 100vw, 800px\" \/><\/div>\n\t\t<\/a>\n\t\t\t\t<div class=\"elementor-post__text\">\n\t\t\t\t<h2 class=\"elementor-post__title\">\n\t\t\t<a href=\"https:\/\/www.mekeltech.com\/de\/ev-charging-accessories-for-european-ev-manufacturer\/\" >\n\t\t\t\tEV-Ladezubeh\u00f6r f\u00fcr europ\u00e4ische EV-Hersteller\t\t\t<\/a>\n\t\t<\/h2>\n\t\t\t\t<div class=\"elementor-post__meta-data\">\n\t\t\t\t\t<span class=\"elementor-post-date\">\n\t\t\tJuni 10, 2025\t\t<\/span>\n\t\t\t\t<\/div>\n\t\t\t\t<div class=\"elementor-post__excerpt\">\n\t\t\t<p>Der Kunde ist ein aufstrebender Hersteller von Elektrofahrzeugen in Europa, der sich auf die Produktion von Luxus-Elektrofahrzeugen spezialisiert hat und bei dem die Qualit\u00e4t der Produkte und die \u00c4sthetik an oberster Stelle stehen. Mekel ist eine strategische Partnerschaft mit dem Kunden eingegangen, um EV-Zubeh\u00f6r zu liefern, das von Ladestationen und Kabeln<\/p>\n\t\t<\/div>\n\t\t\n\t\t<a class=\"elementor-post__read-more\" href=\"https:\/\/www.mekeltech.com\/de\/ev-charging-accessories-for-european-ev-manufacturer\/\" aria-label=\"Mehr \u00fcber EV Charging Accessories for European EV Manufacturer\" tabindex=\"-1\" >\n\t\t\tMehr lesen \"\t\t<\/a>\n\n\t\t\t\t<\/div>\n\t\t\t\t<\/article>\n\t\t\t\t<\/div>\n\t\t\n\t\t\t\t\t\t<\/div>\n\t\t\t\t<\/div>\n\t\t\t\t<\/div>\n\t\t<div id=\"e-n-tab-content-2248493672\" role=\"tabpanel\" aria-labelledby=\"e-n-tab-title-2248493672\" data-tab-index=\"2\" style=\"--n-tabs-title-order: 2;\" class=\"elementor-element elementor-element-b646687 e-con-full e-flex e-con e-child\" data-id=\"b646687\" data-element_type=\"container\">\n\t\t\t\t<div class=\"elementor-element elementor-element-f1f13c6 elementor-grid-3 elementor-grid-tablet-2 elementor-grid-mobile-1 elementor-posts--thumbnail-top elementor-widget elementor-widget-posts\" data-id=\"f1f13c6\" data-element_type=\"widget\" data-settings=\"{&quot;classic_columns&quot;:&quot;3&quot;,&quot;classic_columns_tablet&quot;:&quot;2&quot;,&quot;classic_columns_mobile&quot;:&quot;1&quot;,&quot;classic_row_gap&quot;:{&quot;unit&quot;:&quot;px&quot;,&quot;size&quot;:35,&quot;sizes&quot;:[]},&quot;classic_row_gap_tablet&quot;:{&quot;unit&quot;:&quot;px&quot;,&quot;size&quot;:&quot;&quot;,&quot;sizes&quot;:[]},&quot;classic_row_gap_mobile&quot;:{&quot;unit&quot;:&quot;px&quot;,&quot;size&quot;:&quot;&quot;,&quot;sizes&quot;:[]}}\" data-widget_type=\"posts.classic\">\n\t\t\t\t<div class=\"elementor-widget-container\">\n\t\t\t\t\t\t\t<div class=\"elementor-posts-container elementor-posts elementor-posts--skin-classic elementor-grid\" role=\"list\">\n\t\t\t\t<article class=\"elementor-post elementor-grid-item post-4402 post type-post status-publish format-standard has-post-thumbnail hentry category-case-studies category-wholesaler-retailer\" role=\"listitem\">\n\t\t\t\t<a class=\"elementor-post__thumbnail__link\" href=\"https:\/\/www.mekeltech.com\/de\/ev-charging-accessories-for-auto-parts-distributor-in-uae\/\" tabindex=\"-1\" >\n\t\t\t<div class=\"elementor-post__thumbnail\"><img decoding=\"async\" width=\"800\" height=\"800\" src=\"https:\/\/www.mekeltech.com\/wp-content\/uploads\/2025\/04\/124.webp\" class=\"attachment-full size-full wp-image-3496\" alt=\"CCS2 zu GBT DC Adapter\" srcset=\"https:\/\/www.mekeltech.com\/wp-content\/uploads\/2025\/04\/124.webp 800w, https:\/\/www.mekeltech.com\/wp-content\/uploads\/2025\/04\/124-300x300.webp 300w, https:\/\/www.mekeltech.com\/wp-content\/uploads\/2025\/04\/124-150x150.webp 150w, https:\/\/www.mekeltech.com\/wp-content\/uploads\/2025\/04\/124-768x768.webp 768w\" sizes=\"(max-width: 800px) 100vw, 800px\" \/><\/div>\n\t\t<\/a>\n\t\t\t\t<div class=\"elementor-post__text\">\n\t\t\t\t<h2 class=\"elementor-post__title\">\n\t\t\t<a href=\"https:\/\/www.mekeltech.com\/de\/ev-charging-accessories-for-auto-parts-distributor-in-uae\/\" >\n\t\t\t\tEV-Ladezubeh\u00f6r f\u00fcr Autoteile-H\u00e4ndler in den VAE\t\t\t<\/a>\n\t\t<\/h2>\n\t\t\t\t<div class=\"elementor-post__meta-data\">\n\t\t\t\t\t<span class=\"elementor-post-date\">\n\t\t\tJuni 12, 2025\t\t<\/span>\n\t\t\t\t<\/div>\n\t\t\t\t<div class=\"elementor-post__excerpt\">\n\t\t\t<p>Der Kunde ist ein gro\u00dfer Autoteileh\u00e4ndler mit Niederlassungen in Dubai, Abu Dhabi und Sharjah.   Die Verk\u00e4ufe von Elektrofahrzeugen in den VAE stiegen im vergangenen Jahr deutlich an, da die Importe von Elektrofahrzeugen aus China, der EU und Japan zunahmen. Das Produktteam des Kunden fand schnell heraus<\/p>\n\t\t<\/div>\n\t\t\n\t\t<a class=\"elementor-post__read-more\" href=\"https:\/\/www.mekeltech.com\/de\/ev-charging-accessories-for-auto-parts-distributor-in-uae\/\" aria-label=\"Mehr \u00fcber EV Charging Accessories for Auto Parts Distributor in UAE\" tabindex=\"-1\" >\n\t\t\tMehr lesen \"\t\t<\/a>\n\n\t\t\t\t<\/div>\n\t\t\t\t<\/article>\n\t\t\t\t<article class=\"elementor-post elementor-grid-item post-4400 post type-post status-publish format-standard has-post-thumbnail hentry category-case-studies category-wholesaler-retailer\" role=\"listitem\">\n\t\t\t\t<a class=\"elementor-post__thumbnail__link\" href=\"https:\/\/www.mekeltech.com\/de\/ev-charging-accessories-for-large-scale-wholesaler-in-germany\/\" tabindex=\"-1\" >\n\t\t\t<div class=\"elementor-post__thumbnail\"><img decoding=\"async\" width=\"612\" height=\"408\" src=\"https:\/\/www.mekeltech.com\/wp-content\/uploads\/2025\/06\/istockphoto-1292252309-612x612-1.jpg\" class=\"attachment-full size-full wp-image-3822\" alt=\"ev ladekabel\" srcset=\"https:\/\/www.mekeltech.com\/wp-content\/uploads\/2025\/06\/istockphoto-1292252309-612x612-1.jpg 612w, https:\/\/www.mekeltech.com\/wp-content\/uploads\/2025\/06\/istockphoto-1292252309-612x612-1-300x200.jpg 300w\" sizes=\"(max-width: 612px) 100vw, 612px\" \/><\/div>\n\t\t<\/a>\n\t\t\t\t<div class=\"elementor-post__text\">\n\t\t\t\t<h2 class=\"elementor-post__title\">\n\t\t\t<a href=\"https:\/\/www.mekeltech.com\/de\/ev-charging-accessories-for-large-scale-wholesaler-in-germany\/\" >\n\t\t\t\tEV-Ladezubeh\u00f6r f\u00fcr gro\u00dfen Gro\u00dfh\u00e4ndler in Deutschland\t\t\t<\/a>\n\t\t<\/h2>\n\t\t\t\t<div class=\"elementor-post__meta-data\">\n\t\t\t\t\t<span class=\"elementor-post-date\">\n\t\t\tJuni 11, 2025\t\t<\/span>\n\t\t\t\t<\/div>\n\t\t\t\t<div class=\"elementor-post__excerpt\">\n\t\t\t<p>Der Kunde ist ein gro\u00dfer Gro\u00dfh\u00e4ndler in Deutschland, der alles von Haushaltswaren bis zu elektronischen Ger\u00e4ten f\u00fchrt. Angesichts der schnell wachsenden Nachfrage nach Elektroger\u00e4ten in Deutschland w\u00e4hlte der Kunde Mekel als ODM-Partner f\u00fcr die Entwicklung und Herstellung von Ladeger\u00e4ten f\u00fcr Haushaltsger\u00e4te<\/p>\n\t\t<\/div>\n\t\t\n\t\t<a class=\"elementor-post__read-more\" href=\"https:\/\/www.mekeltech.com\/de\/ev-charging-accessories-for-large-scale-wholesaler-in-germany\/\" aria-label=\"Mehr \u00fcber EV Charging Accessories for Large-scale Wholesaler in Germany\" tabindex=\"-1\" >\n\t\t\tMehr lesen \"\t\t<\/a>\n\n\t\t\t\t<\/div>\n\t\t\t\t<\/article>\n\t\t\t\t<article class=\"elementor-post elementor-grid-item post-4390 post type-post status-publish format-standard has-post-thumbnail hentry category-case-studies category-wholesaler-retailer\" role=\"listitem\">\n\t\t\t\t<a class=\"elementor-post__thumbnail__link\" href=\"https:\/\/www.mekeltech.com\/de\/custom-v2l-accessories-solution-powers-south-american-ev-importer\/\" tabindex=\"-1\" >\n\t\t\t<div class=\"elementor-post__thumbnail\"><img loading=\"lazy\" decoding=\"async\" width=\"1280\" height=\"960\" src=\"https:\/\/www.mekeltech.com\/wp-content\/uploads\/2025\/06\/2.jpeg\" class=\"attachment-full size-full wp-image-4418\" alt=\"EV-Ladestation\" srcset=\"https:\/\/www.mekeltech.com\/wp-content\/uploads\/2025\/06\/2.jpeg 1280w, https:\/\/www.mekeltech.com\/wp-content\/uploads\/2025\/06\/2-300x225.jpeg 300w, https:\/\/www.mekeltech.com\/wp-content\/uploads\/2025\/06\/2-1024x768.jpeg 1024w, https:\/\/www.mekeltech.com\/wp-content\/uploads\/2025\/06\/2-768x576.jpeg 768w, https:\/\/www.mekeltech.com\/wp-content\/uploads\/2025\/06\/2-16x12.jpeg 16w\" sizes=\"(max-width: 1280px) 100vw, 1280px\" \/><\/div>\n\t\t<\/a>\n\t\t\t\t<div class=\"elementor-post__text\">\n\t\t\t\t<h2 class=\"elementor-post__title\">\n\t\t\t<a href=\"https:\/\/www.mekeltech.com\/de\/custom-v2l-accessories-solution-powers-south-american-ev-importer\/\" >\n\t\t\t\tKundenspezifische V2L-Zubeh\u00f6rl\u00f6sung versorgt s\u00fcdamerikanischen EV-Importeur mit Strom\t\t\t<\/a>\n\t\t<\/h2>\n\t\t\t\t<div class=\"elementor-post__meta-data\">\n\t\t\t\t\t<span class=\"elementor-post-date\">\n\t\t\tJuni 9, 2025\t\t<\/span>\n\t\t\t\t<\/div>\n\t\t\t\t<div class=\"elementor-post__excerpt\">\n\t\t\t<p>Der Kunde ist ein gro\u00dfer Importeur von Elektrofahrzeugen in S\u00fcdamerika und wollte bei jedem Autoverkauf V2L-Zubeh\u00f6r mitliefern, um outdoor-aktive Kunden anzusprechen. Der Kunde wandte sich wegen eines ma\u00dfgeschneiderten Auftrags an Mekel und ben\u00f6tigte eine anspruchsvolle Frist von<\/p>\n\t\t<\/div>\n\t\t\n\t\t<a class=\"elementor-post__read-more\" href=\"https:\/\/www.mekeltech.com\/de\/custom-v2l-accessories-solution-powers-south-american-ev-importer\/\" aria-label=\"Mehr \u00fcber Custom V2L Accessories Solution Powers South American EV Importer\" tabindex=\"-1\" >\n\t\t\tMehr lesen \"\t\t<\/a>\n\n\t\t\t\t<\/div>\n\t\t\t\t<\/article>\n\t\t\t\t<article class=\"elementor-post elementor-grid-item post-4397 post type-post status-publish format-standard has-post-thumbnail hentry category-case-studies category-wholesaler-retailer\" role=\"listitem\">\n\t\t\t\t<a class=\"elementor-post__thumbnail__link\" href=\"https:\/\/www.mekeltech.com\/de\/ev-charging-accessories-for-bulgarian-car-dealership-chain\/\" tabindex=\"-1\" >\n\t\t\t<div class=\"elementor-post__thumbnail\"><img loading=\"lazy\" decoding=\"async\" width=\"1152\" height=\"864\" src=\"https:\/\/www.mekeltech.com\/wp-content\/uploads\/2025\/06\/1.jpeg\" class=\"attachment-full size-full wp-image-4417\" alt=\"EV-Ladezubeh\u00f6r\" srcset=\"https:\/\/www.mekeltech.com\/wp-content\/uploads\/2025\/06\/1.jpeg 1152w, https:\/\/www.mekeltech.com\/wp-content\/uploads\/2025\/06\/1-300x225.jpeg 300w, https:\/\/www.mekeltech.com\/wp-content\/uploads\/2025\/06\/1-1024x768.jpeg 1024w, https:\/\/www.mekeltech.com\/wp-content\/uploads\/2025\/06\/1-768x576.jpeg 768w, https:\/\/www.mekeltech.com\/wp-content\/uploads\/2025\/06\/1-16x12.jpeg 16w\" sizes=\"(max-width: 1152px) 100vw, 1152px\" \/><\/div>\n\t\t<\/a>\n\t\t\t\t<div class=\"elementor-post__text\">\n\t\t\t\t<h2 class=\"elementor-post__title\">\n\t\t\t<a href=\"https:\/\/www.mekeltech.com\/de\/ev-charging-accessories-for-bulgarian-car-dealership-chain\/\" >\n\t\t\t\tEV-Ladezubeh\u00f6r f\u00fcr bulgarische Autohauskette\t\t\t<\/a>\n\t\t<\/h2>\n\t\t\t\t<div class=\"elementor-post__meta-data\">\n\t\t\t\t\t<span class=\"elementor-post-date\">\n\t\t\tJuni 8, 2025\t\t<\/span>\n\t\t\t\t<\/div>\n\t\t\t\t<div class=\"elementor-post__excerpt\">\n\t\t\t<p>Der Kunde ist eine gro\u00dfe Autohauskette in Bulgarien, die einen erheblichen Zuwachs beim Verkauf von Elektrofahrzeugen verzeichnet. Sie hatte Qualit\u00e4tsprobleme mit ihrem vorherigen Lieferanten und brauchte einen erfahreneren Lieferpartner, um ihr schnelles Wachstum zu bedienen,<\/p>\n\t\t<\/div>\n\t\t\n\t\t<a class=\"elementor-post__read-more\" href=\"https:\/\/www.mekeltech.com\/de\/ev-charging-accessories-for-bulgarian-car-dealership-chain\/\" aria-label=\"Mehr \u00fcber EV Charging Accessories for Bulgarian Car Dealership Chain\" tabindex=\"-1\" >\n\t\t\tMehr lesen \"\t\t<\/a>\n\n\t\t\t\t<\/div>\n\t\t\t\t<\/article>\n\t\t\t\t<article class=\"elementor-post elementor-grid-item post-4405 post type-post status-publish format-standard has-post-thumbnail hentry category-case-studies category-wholesaler-retailer\" role=\"listitem\">\n\t\t\t\t<a class=\"elementor-post__thumbnail__link\" href=\"https:\/\/www.mekeltech.com\/de\/home-charging-station-and-accessories-for-e-commerce-retailer-in-thailand\/\" tabindex=\"-1\" >\n\t\t\t<div class=\"elementor-post__thumbnail\"><img loading=\"lazy\" decoding=\"async\" width=\"800\" height=\"800\" src=\"https:\/\/www.mekeltech.com\/wp-content\/uploads\/2025\/05\/115-1.webp\" class=\"attachment-full size-full wp-image-3302\" alt=\"EV-Ladestation installieren\" srcset=\"https:\/\/www.mekeltech.com\/wp-content\/uploads\/2025\/05\/115-1.webp 800w, https:\/\/www.mekeltech.com\/wp-content\/uploads\/2025\/05\/115-1-300x300.webp 300w, https:\/\/www.mekeltech.com\/wp-content\/uploads\/2025\/05\/115-1-150x150.webp 150w, https:\/\/www.mekeltech.com\/wp-content\/uploads\/2025\/05\/115-1-768x768.webp 768w\" sizes=\"(max-width: 800px) 100vw, 800px\" \/><\/div>\n\t\t<\/a>\n\t\t\t\t<div class=\"elementor-post__text\">\n\t\t\t\t<h2 class=\"elementor-post__title\">\n\t\t\t<a href=\"https:\/\/www.mekeltech.com\/de\/home-charging-station-and-accessories-for-e-commerce-retailer-in-thailand\/\" >\n\t\t\t\tHeimladestation und Zubeh\u00f6r f\u00fcr E-Commerce-H\u00e4ndler in Thailand\t\t\t<\/a>\n\t\t<\/h2>\n\t\t\t\t<div class=\"elementor-post__meta-data\">\n\t\t\t\t\t<span class=\"elementor-post-date\">\n\t\t\tJuni 7, 2025\t\t<\/span>\n\t\t\t\t<\/div>\n\t\t\t\t<div class=\"elementor-post__excerpt\">\n\t\t\t<p>Der Kunde ist ein bekannter E-Commerce-H\u00e4ndler f\u00fcr EV-Zubeh\u00f6r in Thailand und erzielt j\u00e4hrlich Millionenums\u00e4tze \u00fcber die wichtigsten E-Commerce-Plattformen wie Sharpee und Lazada. Der Kunde wollte sein Produktangebot um Produkte zum Laden von Elektrofahrzeugen erweitern und suchte nach einem Lieferanten, der sowohl<\/p>\n\t\t<\/div>\n\t\t\n\t\t<a class=\"elementor-post__read-more\" href=\"https:\/\/www.mekeltech.com\/de\/home-charging-station-and-accessories-for-e-commerce-retailer-in-thailand\/\" aria-label=\"Mehr \u00fcber Home Charging Station and Accessories for E-commerce Retailer in Thailand\" tabindex=\"-1\" >\n\t\t\tMehr lesen \"\t\t<\/a>\n\n\t\t\t\t<\/div>\n\t\t\t\t<\/article>\n\t\t\t\t<\/div>\n\t\t\n\t\t\t\t\t\t<\/div>\n\t\t\t\t<\/div>\n\t\t\t\t<\/div>\n\t\t\t\t\t<\/div>\n\t\t<\/div>\n\t\t\t\t\t\t<\/div>\n\t\t\t\t<\/div>\n\t\t\t\t\t<\/div>\n\t\t\t\t<\/div>\n\t\t\t\t<\/div>","protected":false},"excerpt":{"rendered":"<p>Customer Cases Home Mekel has been a driving force in the EV revolution since 2015. As a professional EV charging accessories and equipment manufacturer and global supplier headquartered in Shanghai, with strategic offices in Shenzhen and Singapore, we have helped customers in more than 50 countries overcome key barriers to EV adoption. As your one-stop [&hellip;]<\/p>","protected":false},"author":1,"featured_media":0,"parent":0,"menu_order":0,"comment_status":"closed","ping_status":"closed","template":"","meta":{"_acf_changed":false,"site-sidebar-layout":"no-sidebar","site-content-layout":"page-builder","ast-site-content-layout":"full-width-container","site-content-style":"unboxed","site-sidebar-style":"unboxed","ast-global-header-display":"","ast-banner-title-visibility":"","ast-main-header-display":"","ast-hfb-above-header-display":"","ast-hfb-below-header-display":"","ast-hfb-mobile-header-display":"","site-post-title":"disabled","ast-breadcrumbs-content":"","ast-featured-img":"disabled","footer-sml-layout":"","ast-disable-related-posts":"","theme-transparent-header-meta":"","adv-header-id-meta":"","stick-header-meta":"","header-above-stick-meta":"","header-main-stick-meta":"","header-below-stick-meta":"","astra-migrate-meta-layouts":"set","ast-page-background-enabled":"default","ast-page-background-meta":{"desktop":{"background-color":"","background-image":"","background-repeat":"repeat","background-position":"center center","background-size":"auto","background-attachment":"scroll","background-type":"","background-media":"","overlay-type":"","overlay-color":"","overlay-opacity":"","overlay-gradient":""},"tablet":{"background-color":"","background-image":"","background-repeat":"repeat","background-position":"center center","background-size":"auto","background-attachment":"scroll","background-type":"","background-media":"","overlay-type":"","overlay-color":"","overlay-opacity":"","overlay-gradient":""},"mobile":{"background-color":"","background-image":"","background-repeat":"repeat","background-position":"center center","background-size":"auto","background-attachment":"scroll","background-type":"","background-media":"","overlay-type":"","overlay-color":"","overlay-opacity":"","overlay-gradient":""}},"ast-content-background-meta":{"desktop":{"background-color":"var(--ast-global-color-5)","background-image":"","background-repeat":"repeat","background-position":"center center","background-size":"auto","background-attachment":"scroll","background-type":"","background-media":"","overlay-type":"","overlay-color":"","overlay-opacity":"","overlay-gradient":""},"tablet":{"background-color":"var(--ast-global-color-5)","background-image":"","background-repeat":"repeat","background-position":"center center","background-size":"auto","background-attachment":"scroll","background-type":"","background-media":"","overlay-type":"","overlay-color":"","overlay-opacity":"","overlay-gradient":""},"mobile":{"background-color":"var(--ast-global-color-5)","background-image":"","background-repeat":"repeat","background-position":"center center","background-size":"auto","background-attachment":"scroll","background-type":"","background-media":"","overlay-type":"","overlay-color":"","overlay-opacity":"","overlay-gradient":""}},"footnotes":""},"class_list":["post-2794","page","type-page","status-publish","hentry"],"acf":[],"_links":{"self":[{"href":"https:\/\/www.mekeltech.com\/de\/wp-json\/wp\/v2\/pages\/2794","targetHints":{"allow":["GET"]}}],"collection":[{"href":"https:\/\/www.mekeltech.com\/de\/wp-json\/wp\/v2\/pages"}],"about":[{"href":"https:\/\/www.mekeltech.com\/de\/wp-json\/wp\/v2\/types\/page"}],"author":[{"embeddable":true,"href":"https:\/\/www.mekeltech.com\/de\/wp-json\/wp\/v2\/users\/1"}],"replies":[{"embeddable":true,"href":"https:\/\/www.mekeltech.com\/de\/wp-json\/wp\/v2\/comments?post=2794"}],"version-history":[{"count":63,"href":"https:\/\/www.mekeltech.com\/de\/wp-json\/wp\/v2\/pages\/2794\/revisions"}],"predecessor-version":[{"id":6772,"href":"https:\/\/www.mekeltech.com\/de\/wp-json\/wp\/v2\/pages\/2794\/revisions\/6772"}],"wp:attachment":[{"href":"https:\/\/www.mekeltech.com\/de\/wp-json\/wp\/v2\/media?parent=2794"}],"curies":[{"name":"wp","href":"https:\/\/api.w.org\/{rel}","templated":true}]}}