{"id":2545,"date":"2025-04-27T02:17:30","date_gmt":"2025-04-27T02:17:30","guid":{"rendered":"https:\/\/mekeltech.com\/?page_id=2545"},"modified":"2025-09-23T11:01:15","modified_gmt":"2025-09-23T03:01:15","slug":"oem-odm-solutions","status":"publish","type":"page","link":"https:\/\/www.mekeltech.com\/de\/oem-odm-solutions\/","title":{"rendered":"OEM\/ODM-L\u00f6sungen"},"content":{"rendered":"<div data-elementor-type=\"wp-page\" data-elementor-id=\"2545\" class=\"elementor elementor-2545\" data-elementor-post-type=\"page\">\n\t\t\t\t<div class=\"elementor-element elementor-element-0664388 e-flex e-con-boxed e-con e-parent\" data-id=\"0664388\" data-element_type=\"container\" data-settings=\"{&quot;background_background&quot;:&quot;classic&quot;}\">\n\t\t\t\t\t<div class=\"e-con-inner\">\n\t\t<div class=\"elementor-element elementor-element-3680597 e-con-full e-flex e-con e-child\" data-id=\"3680597\" data-element_type=\"container\">\n\t\t<div class=\"elementor-element elementor-element-2e8c243 e-con-full e-flex e-con e-child\" data-id=\"2e8c243\" data-element_type=\"container\" data-settings=\"{&quot;background_background&quot;:&quot;classic&quot;}\">\n\t\t\t\t<div class=\"elementor-element elementor-element-19a84a0 elementor-widget elementor-widget-heading\" data-id=\"19a84a0\" data-element_type=\"widget\" data-widget_type=\"heading.default\">\n\t\t\t\t<div class=\"elementor-widget-container\">\n\t\t\t\t\t<h1 class=\"elementor-heading-title elementor-size-default\">OEM\/ODM-L\u00f6sungen<\/h1>\t\t\t\t<\/div>\n\t\t\t\t<\/div>\n\t\t\t\t<div class=\"elementor-element elementor-element-43da70e elementor-widget elementor-widget-breadcrumbs\" data-id=\"43da70e\" data-element_type=\"widget\" data-widget_type=\"breadcrumbs.default\">\n\t\t\t\t<div class=\"elementor-widget-container\">\n\t\t\t\t\t<nav aria-label=\"Semmelbr\u00f6sel\" class=\"rank-math-breadcrumb\"><p><span class=\"last\">Startseite<\/span><\/p><\/nav>\t\t\t\t<\/div>\n\t\t\t\t<\/div>\n\t\t\t\t<\/div>\n\t\t<div class=\"elementor-element elementor-element-dd87970 e-con-full e-flex e-con e-child\" data-id=\"dd87970\" data-element_type=\"container\">\n\t\t\t\t<\/div>\n\t\t\t\t<\/div>\n\t\t\t\t\t<\/div>\n\t\t\t\t<\/div>\n\t\t<div class=\"elementor-element elementor-element-eca29e9 e-flex e-con-boxed e-con e-parent\" data-id=\"eca29e9\" data-element_type=\"container\">\n\t\t\t\t\t<div class=\"e-con-inner\">\n\t\t<div class=\"elementor-element elementor-element-4de17d1 e-con-full e-flex e-con e-child\" data-id=\"4de17d1\" data-element_type=\"container\">\n\t\t<div class=\"elementor-element elementor-element-4ceb534 e-con-full e-flex e-con e-child\" data-id=\"4ceb534\" data-element_type=\"container\">\n\t\t\t\t<div class=\"elementor-element elementor-element-13c2c42 elementor-invisible elementor-widget elementor-widget-heading\" data-id=\"13c2c42\" data-element_type=\"widget\" data-settings=\"{&quot;_animation&quot;:&quot;fadeInLeft&quot;}\" data-widget_type=\"heading.default\">\n\t\t\t\t<div class=\"elementor-widget-container\">\n\t\t\t\t\t<h2 class=\"elementor-heading-title elementor-size-default\">Was sind OEM- und ODM-Dienstleistungen?<\/h2>\t\t\t\t<\/div>\n\t\t\t\t<\/div>\n\t\t\t\t<div class=\"elementor-element elementor-element-8a7573a elementor-widget elementor-widget-text-editor\" data-id=\"8a7573a\" data-element_type=\"widget\" data-widget_type=\"text-editor.default\">\n\t\t\t\t<div class=\"elementor-widget-container\">\n\t\t\t\t\t\t\t\t\t<div data-slate-node=\"element\"><p>OEM-Service bedeutet, dass MEKEL ein Produkt auf der Grundlage Ihrer individuellen Spezifikationen und Anpassungen herstellt. Wenn Sie sich f\u00fcr MEKEL als OEM-Partner entscheiden, w\u00e4hlen Sie einfach aus unseren vielen Designs aus und teilen Sie uns mit, wie Sie Ihr Branding und Ihre Spezifikationen anpassen m\u00f6chten, und wir werden die Produkte genau so herstellen, wie Sie es w\u00fcnschen.<\/p><\/div>\t\t\t\t\t\t\t\t<\/div>\n\t\t\t\t<\/div>\n\t\t\t\t<div class=\"elementor-element elementor-element-4f9309a elementor-widget elementor-widget-text-editor\" data-id=\"4f9309a\" data-element_type=\"widget\" data-widget_type=\"text-editor.default\">\n\t\t\t\t<div class=\"elementor-widget-container\">\n\t\t\t\t\t\t\t\t\t<p>Obwohl wir bereits eine gro\u00dfe Auswahl an <mark><a href=\"https:\/\/www.mekeltech.com\/de\/product-category\/charging-accessories\/\">EV-Ladezubeh\u00f6r<\/a> und <a href=\"https:\/\/www.mekeltech.com\/de\/product-category\/charging-stations\/\">EV-Ladestation <\/a><\/mark>Wenn Sie Ihr eigenes Design w\u00fcnschen und ein Produkt von Grund auf entwickeln m\u00f6chten, bietet MEKEL auch einen ODM-Service an, bei dem wir f\u00fcr Sie Produkte nach Ihren Vorstellungen entwerfen und herstellen.<\/p>\t\t\t\t\t\t\t\t<\/div>\n\t\t\t\t<\/div>\n\t\t\t\t<\/div>\n\t\t<div class=\"elementor-element elementor-element-2c8239d e-con-full e-flex e-con e-child\" data-id=\"2c8239d\" data-element_type=\"container\">\n\t\t\t\t<div class=\"elementor-element elementor-element-50056a6 elementor-widget elementor-widget-image\" data-id=\"50056a6\" data-element_type=\"widget\" data-widget_type=\"image.default\">\n\t\t\t\t<div class=\"elementor-widget-container\">\n\t\t\t\t\t\t\t\t\t\t\t\t\t\t\t<img fetchpriority=\"high\" decoding=\"async\" width=\"800\" height=\"600\" src=\"https:\/\/www.mekeltech.com\/wp-content\/uploads\/2025\/05\/114.webp\" class=\"attachment-full size-full wp-image-3294\" alt=\"Kundenspezifische Zeichnungen\" srcset=\"https:\/\/www.mekeltech.com\/wp-content\/uploads\/2025\/05\/114.webp 800w, https:\/\/www.mekeltech.com\/wp-content\/uploads\/2025\/05\/114-300x225.webp 300w, https:\/\/www.mekeltech.com\/wp-content\/uploads\/2025\/05\/114-768x576.webp 768w\" sizes=\"(max-width: 800px) 100vw, 800px\" \/>\t\t\t\t\t\t\t\t\t\t\t\t\t\t\t<\/div>\n\t\t\t\t<\/div>\n\t\t\t\t<\/div>\n\t\t\t\t<\/div>\n\t\t\t\t\t<\/div>\n\t\t\t\t<\/div>\n\t\t<div class=\"elementor-element elementor-element-9aeb54f e-flex e-con-boxed e-con e-parent\" data-id=\"9aeb54f\" data-element_type=\"container\" data-settings=\"{&quot;background_background&quot;:&quot;classic&quot;}\">\n\t\t\t\t\t<div class=\"e-con-inner\">\n\t\t<div class=\"elementor-element elementor-element-645e39c e-con-full e-flex e-con e-child\" data-id=\"645e39c\" data-element_type=\"container\">\n\t\t<div class=\"elementor-element elementor-element-68d4272 e-con-full e-flex e-con e-child\" data-id=\"68d4272\" data-element_type=\"container\">\n\t\t\t\t<div class=\"elementor-element elementor-element-9f4dea2 elementor-skin-carousel elementor-arrows-yes elementor-pagination-type-bullets elementor-pagination-position-outside elementor-widget elementor-widget-media-carousel\" data-id=\"9f4dea2\" data-element_type=\"widget\" data-settings=\"{&quot;slides_per_view&quot;:&quot;1&quot;,&quot;skin&quot;:&quot;carousel&quot;,&quot;effect&quot;:&quot;slide&quot;,&quot;show_arrows&quot;:&quot;yes&quot;,&quot;pagination&quot;:&quot;bullets&quot;,&quot;speed&quot;:500,&quot;autoplay&quot;:&quot;yes&quot;,&quot;autoplay_speed&quot;:5000,&quot;loop&quot;:&quot;yes&quot;,&quot;pause_on_hover&quot;:&quot;yes&quot;,&quot;pause_on_interaction&quot;:&quot;yes&quot;,&quot;space_between&quot;:{&quot;unit&quot;:&quot;px&quot;,&quot;size&quot;:10,&quot;sizes&quot;:[]},&quot;space_between_tablet&quot;:{&quot;unit&quot;:&quot;px&quot;,&quot;size&quot;:10,&quot;sizes&quot;:[]},&quot;space_between_mobile&quot;:{&quot;unit&quot;:&quot;px&quot;,&quot;size&quot;:10,&quot;sizes&quot;:[]}}\" data-widget_type=\"media-carousel.default\">\n\t\t\t\t<div class=\"elementor-widget-container\">\n\t\t\t\t\t\t\t\t\t<div class=\"elementor-swiper\">\n\t\t\t\t\t<div class=\"elementor-main-swiper swiper\" role=\"region\" aria-roledescription=\"carousel\" aria-label=\"Folien\">\n\t\t\t\t<div class=\"swiper-wrapper\">\n\t\t\t\t\t\t\t\t\t\t\t<div class=\"swiper-slide\" role=\"group\" aria-roledescription=\"slide\">\n\t\t\t\t\t\t\t\t\t<div class=\"elementor-carousel-image\" role=\"img\" aria-label=\"Kundenspezifische Zeichnungen\" style=\"background-image: url(&#039;https:\/\/www.mekeltech.com\/wp-content\/uploads\/2025\/05\/72.webp&#039;)\">\n\n\t\t\t\n\t\t\t\t\t<\/div>\n\t\t\t\t\t\t\t\t<\/div>\n\t\t\t\t\t\t\t\t\t\t\t<div class=\"swiper-slide\" role=\"group\" aria-roledescription=\"slide\">\n\t\t\t\t\t\t\t\t\t<div class=\"elementor-carousel-image\" role=\"img\" aria-label=\"Kundenspezifische Zeichnungen\" style=\"background-image: url(&#039;https:\/\/www.mekeltech.com\/wp-content\/uploads\/2025\/05\/73.webp&#039;)\">\n\n\t\t\t\n\t\t\t\t\t<\/div>\n\t\t\t\t\t\t\t\t<\/div>\n\t\t\t\t\t\t\t\t\t\t\t<div class=\"swiper-slide\" role=\"group\" aria-roledescription=\"slide\">\n\t\t\t\t\t\t\t\t\t<div class=\"elementor-carousel-image\" role=\"img\" aria-label=\"Kundenspezifische Zeichnungen\" style=\"background-image: url(&#039;https:\/\/www.mekeltech.com\/wp-content\/uploads\/2025\/05\/74.webp&#039;)\">\n\n\t\t\t\n\t\t\t\t\t<\/div>\n\t\t\t\t\t\t\t\t<\/div>\n\t\t\t\t\t\t\t\t\t\t\t<div class=\"swiper-slide\" role=\"group\" aria-roledescription=\"slide\">\n\t\t\t\t\t\t\t\t\t<div class=\"elementor-carousel-image\" role=\"img\" aria-label=\"Kundenspezifische Zeichnungen\" style=\"background-image: url(&#039;https:\/\/www.mekeltech.com\/wp-content\/uploads\/2025\/05\/75.webp&#039;)\">\n\n\t\t\t\n\t\t\t\t\t<\/div>\n\t\t\t\t\t\t\t\t<\/div>\n\t\t\t\t\t\t\t\t\t<\/div>\n\t\t\t\t\t\t\t\t\t\t\t\t\t\t\t<div class=\"elementor-swiper-button elementor-swiper-button-prev\" role=\"button\" tabindex=\"0\" aria-label=\"Vorherige\" data-no-translation-aria-label=\"\">\n\t\t\t\t\t\t\t<svg aria-hidden=\"true\" class=\"e-font-icon-svg e-eicon-chevron-left\" viewbox=\"0 0 1000 1000\" xmlns=\"http:\/\/www.w3.org\/2000\/svg\"><path d=\"M646 125C629 125 613 133 604 142L308 442C296 454 292 471 292 487 292 504 296 521 308 533L604 854C617 867 629 875 646 875 663 875 679 871 692 858 704 846 713 829 713 812 713 796 708 779 692 767L438 487 692 225C700 217 708 204 708 187 708 171 704 154 692 142 675 129 663 125 646 125Z\"><\/path><\/svg>\t\t\t\t\t\t<\/div>\n\t\t\t\t\t\t<div class=\"elementor-swiper-button elementor-swiper-button-next\" role=\"button\" tabindex=\"0\" aria-label=\"Weiter\" data-no-translation-aria-label=\"\">\n\t\t\t\t\t\t\t<svg aria-hidden=\"true\" class=\"e-font-icon-svg e-eicon-chevron-right\" viewbox=\"0 0 1000 1000\" xmlns=\"http:\/\/www.w3.org\/2000\/svg\"><path d=\"M696 533C708 521 713 504 713 487 713 471 708 454 696 446L400 146C388 133 375 125 354 125 338 125 325 129 313 142 300 154 292 171 292 187 292 204 296 221 308 233L563 492 304 771C292 783 288 800 288 817 288 833 296 850 308 863 321 871 338 875 354 875 371 875 388 867 400 854L696 533Z\"><\/path><\/svg>\t\t\t\t\t\t<\/div>\n\t\t\t\t\t\t\t\t\t\t\t\t\t\t\t\t<div class=\"swiper-pagination\"><\/div>\n\t\t\t\t\t\t\t\t\t\t\t\t<\/div>\n\t\t\t\t<\/div>\n\t\t\t\t\t\t\t\t<\/div>\n\t\t\t\t<\/div>\n\t\t\t\t<\/div>\n\t\t<div class=\"elementor-element elementor-element-b1f8fc9 e-con-full e-flex e-con e-child\" data-id=\"b1f8fc9\" data-element_type=\"container\">\n\t\t\t\t<div class=\"elementor-element elementor-element-b9cfd4d elementor-invisible elementor-widget elementor-widget-heading\" data-id=\"b9cfd4d\" data-element_type=\"widget\" data-settings=\"{&quot;_animation&quot;:&quot;fadeInLeft&quot;}\" data-widget_type=\"heading.default\">\n\t\t\t\t<div class=\"elementor-widget-container\">\n\t\t\t\t\t<h2 class=\"elementor-heading-title elementor-size-default\">Unser Leistungsverm\u00f6gen<\/h2>\t\t\t\t<\/div>\n\t\t\t\t<\/div>\n\t\t\t\t<div class=\"elementor-element elementor-element-c08d5f9 elementor-widget elementor-widget-text-editor\" data-id=\"c08d5f9\" data-element_type=\"widget\" data-widget_type=\"text-editor.default\">\n\t\t\t\t<div class=\"elementor-widget-container\">\n\t\t\t\t\t\t\t\t\t<p>Mekel zeichnet sich durch seine Erfahrung in OEM\/ODM-Projekten mit f\u00fchrenden Automobilherstellern und Ladestationenmarken als zuverl\u00e4ssiger Partner auf dem Markt f\u00fcr Elektrofahrzeuge aus.<\/p><p>Wir arbeiten seit der ersten Konzeptphase eng mit unseren Kunden zusammen. Das beginnt damit, dass unser Designteam in der Lage ist, in k\u00fcrzester Zeit Prototypen zu erstellen, die mit der Markenvision und den technischen Anforderungen unserer Kunden \u00fcbereinstimmen. Durch den Einsatz fortschrittlicher Designtools und unser Wissen und Netzwerk in globalen Zertifizierungsprozessen stellen wir sicher, dass jedes Produkt strenge Leistungs-, Sicherheits- und \u00c4sthetikstandards erf\u00fcllt.<\/p>\t\t\t\t\t\t\t\t<\/div>\n\t\t\t\t<\/div>\n\t\t\t\t<\/div>\n\t\t\t\t<\/div>\n\t\t<div class=\"elementor-element elementor-element-bc83d4b e-con-full e-flex e-con e-child\" data-id=\"bc83d4b\" data-element_type=\"container\">\n\t\t\t\t<div class=\"elementor-element elementor-element-926bd31 elementor-widget elementor-widget-text-editor\" data-id=\"926bd31\" data-element_type=\"widget\" data-widget_type=\"text-editor.default\">\n\t\t\t\t<div class=\"elementor-widget-container\">\n\t\t\t\t\t\t\t\t\t<p>Mekels St\u00e4rke in der Massenproduktion erm\u00f6glicht es unseren Kunden, in gro\u00dfem Umfang marktreif zu sein, ohne Kompromisse bei der Produktqualit\u00e4t einzugehen. Unsere globale Lieferkette und unsere fortschrittlichen Produktionsanlagen erm\u00f6glichen es uns, hohe St\u00fcckzahlen bei gleichzeitiger Kosteneffizienz und strikter Einhaltung von Zeitpl\u00e4nen zu erf\u00fcllen. Unser End-to-End-Ansatz, kombiniert mit flexibler Anpassung und robustem Kundendienst, macht Mekel zum idealen Partner f\u00fcr OEM\/ODM-Projekte im sich schnell entwickelnden EV-\u00d6kosystem.<\/p>\t\t\t\t\t\t\t\t<\/div>\n\t\t\t\t<\/div>\n\t\t\t\t<\/div>\n\t\t\t\t\t<\/div>\n\t\t\t\t<\/div>\n\t\t<div class=\"elementor-element elementor-element-b23bd39 e-flex e-con-boxed e-con e-parent\" data-id=\"b23bd39\" data-element_type=\"container\">\n\t\t\t\t\t<div class=\"e-con-inner\">\n\t\t\t\t<div class=\"elementor-element elementor-element-2768b1e elementor-invisible elementor-widget elementor-widget-heading\" data-id=\"2768b1e\" data-element_type=\"widget\" data-settings=\"{&quot;_animation&quot;:&quot;fadeInLeft&quot;}\" data-widget_type=\"heading.default\">\n\t\t\t\t<div class=\"elementor-widget-container\">\n\t\t\t\t\t<h2 class=\"elementor-heading-title elementor-size-default\">Fallstudien<\/h2>\t\t\t\t<\/div>\n\t\t\t\t<\/div>\n\t\t\t\t<div class=\"elementor-element elementor-element-c1fad4a elementor-grid-3 elementor-grid-tablet-2 elementor-grid-mobile-1 elementor-posts--thumbnail-top elementor-card-shadow-yes elementor-posts__hover-gradient elementor-widget elementor-widget-posts\" data-id=\"c1fad4a\" data-element_type=\"widget\" data-settings=\"{&quot;cards_masonry&quot;:&quot;yes&quot;,&quot;cards_columns&quot;:&quot;3&quot;,&quot;cards_columns_tablet&quot;:&quot;2&quot;,&quot;cards_columns_mobile&quot;:&quot;1&quot;,&quot;cards_row_gap&quot;:{&quot;unit&quot;:&quot;px&quot;,&quot;size&quot;:35,&quot;sizes&quot;:[]},&quot;cards_row_gap_tablet&quot;:{&quot;unit&quot;:&quot;px&quot;,&quot;size&quot;:&quot;&quot;,&quot;sizes&quot;:[]},&quot;cards_row_gap_mobile&quot;:{&quot;unit&quot;:&quot;px&quot;,&quot;size&quot;:&quot;&quot;,&quot;sizes&quot;:[]}}\" data-widget_type=\"posts.cards\">\n\t\t\t\t<div class=\"elementor-widget-container\">\n\t\t\t\t\t\t\t<div class=\"elementor-posts-container elementor-posts elementor-posts--skin-cards elementor-grid\" role=\"list\">\n\t\t\t\t<article class=\"elementor-post elementor-grid-item post-4394 post type-post status-publish format-standard has-post-thumbnail hentry category-case-studies category-oem-odm\" role=\"listitem\">\n\t\t\t<div class=\"elementor-post__card\">\n\t\t\t\t<a class=\"elementor-post__thumbnail__link\" href=\"https:\/\/www.mekeltech.com\/de\/ev-charging-accessories-for-european-ev-manufacturer\/\" tabindex=\"-1\" ><div class=\"elementor-post__thumbnail\"><img decoding=\"async\" width=\"800\" height=\"600\" src=\"https:\/\/www.mekeltech.com\/wp-content\/uploads\/2025\/05\/17.webp\" class=\"attachment-full size-full wp-image-3480\" alt=\"EV-Ladezubeh\u00f6r\" srcset=\"https:\/\/www.mekeltech.com\/wp-content\/uploads\/2025\/05\/17.webp 800w, https:\/\/www.mekeltech.com\/wp-content\/uploads\/2025\/05\/17-300x225.webp 300w, https:\/\/www.mekeltech.com\/wp-content\/uploads\/2025\/05\/17-768x576.webp 768w\" sizes=\"(max-width: 800px) 100vw, 800px\" \/><\/div><\/a>\n\t\t\t\t<div class=\"elementor-post__text\">\n\t\t\t\t<h3 class=\"elementor-post__title\">\n\t\t\t<a href=\"https:\/\/www.mekeltech.com\/de\/ev-charging-accessories-for-european-ev-manufacturer\/\" >\n\t\t\t\tEV-Ladezubeh\u00f6r f\u00fcr europ\u00e4ische EV-Hersteller\t\t\t<\/a>\n\t\t<\/h3>\n\t\t\t\t<div class=\"elementor-post__excerpt\">\n\t\t\t<p>Der Kunde ist ein aufstrebender Hersteller von Elektrofahrzeugen in Europa, der sich auf die Produktion von Luxus-Elektrofahrzeugen spezialisiert hat und bei dem die Qualit\u00e4t der Produkte und die \u00c4sthetik an erster Stelle stehen. Mekel ist eine strategische Partnerschaft mit dem Kunden eingegangen<\/p>\n\t\t<\/div>\n\t\t\n\t\t<a class=\"elementor-post__read-more\" href=\"https:\/\/www.mekeltech.com\/de\/ev-charging-accessories-for-european-ev-manufacturer\/\" aria-label=\"Mehr \u00fcber EV Charging Accessories for European EV Manufacturer\" tabindex=\"-1\" >\n\t\t\tMehr lesen \"\t\t<\/a>\n\n\t\t\t\t<\/div>\n\t\t\t\t<div class=\"elementor-post__meta-data\">\n\t\t\t\t\t<span class=\"elementor-post-date\">\n\t\t\tJuni 10, 2025\t\t<\/span>\n\t\t\t\t<\/div>\n\t\t\t\t\t<\/div>\n\t\t<\/article>\n\t\t\t\t<\/div>\n\t\t\n\t\t\t\t\t\t<\/div>\n\t\t\t\t<\/div>\n\t\t\t\t\t<\/div>\n\t\t\t\t<\/div>\n\t\t\t\t<\/div>","protected":false},"excerpt":{"rendered":"<p>OEM\/ODM Solutions Home What Are OEM and ODM Services? OEM service means MEKEL will manufacture a product based on your unique specifications and customizations. By choosing MEKEL as your OEM partner, simply select from our many designs and tell us how you would like to customize your branding and specifications, and we will make the [&hellip;]<\/p>","protected":false},"author":1,"featured_media":0,"parent":0,"menu_order":0,"comment_status":"closed","ping_status":"closed","template":"","meta":{"_acf_changed":false,"site-sidebar-layout":"no-sidebar","site-content-layout":"page-builder","ast-site-content-layout":"full-width-container","site-content-style":"default","site-sidebar-style":"default","ast-global-header-display":"","ast-banner-title-visibility":"","ast-main-header-display":"","ast-hfb-above-header-display":"","ast-hfb-below-header-display":"","ast-hfb-mobile-header-display":"","site-post-title":"disabled","ast-breadcrumbs-content":"","ast-featured-img":"disabled","footer-sml-layout":"","ast-disable-related-posts":"","theme-transparent-header-meta":"","adv-header-id-meta":"","stick-header-meta":"","header-above-stick-meta":"","header-main-stick-meta":"","header-below-stick-meta":"","astra-migrate-meta-layouts":"set","ast-page-background-enabled":"default","ast-page-background-meta":{"desktop":{"background-color":"","background-image":"","background-repeat":"repeat","background-position":"center center","background-size":"auto","background-attachment":"scroll","background-type":"","background-media":"","overlay-type":"","overlay-color":"","overlay-opacity":"","overlay-gradient":""},"tablet":{"background-color":"","background-image":"","background-repeat":"repeat","background-position":"center center","background-size":"auto","background-attachment":"scroll","background-type":"","background-media":"","overlay-type":"","overlay-color":"","overlay-opacity":"","overlay-gradient":""},"mobile":{"background-color":"","background-image":"","background-repeat":"repeat","background-position":"center center","background-size":"auto","background-attachment":"scroll","background-type":"","background-media":"","overlay-type":"","overlay-color":"","overlay-opacity":"","overlay-gradient":""}},"ast-content-background-meta":{"desktop":{"background-color":"var(--ast-global-color-5)","background-image":"","background-repeat":"repeat","background-position":"center center","background-size":"auto","background-attachment":"scroll","background-type":"","background-media":"","overlay-type":"","overlay-color":"","overlay-opacity":"","overlay-gradient":""},"tablet":{"background-color":"var(--ast-global-color-5)","background-image":"","background-repeat":"repeat","background-position":"center center","background-size":"auto","background-attachment":"scroll","background-type":"","background-media":"","overlay-type":"","overlay-color":"","overlay-opacity":"","overlay-gradient":""},"mobile":{"background-color":"var(--ast-global-color-5)","background-image":"","background-repeat":"repeat","background-position":"center center","background-size":"auto","background-attachment":"scroll","background-type":"","background-media":"","overlay-type":"","overlay-color":"","overlay-opacity":"","overlay-gradient":""}},"footnotes":""},"class_list":["post-2545","page","type-page","status-publish","hentry"],"acf":[],"_links":{"self":[{"href":"https:\/\/www.mekeltech.com\/de\/wp-json\/wp\/v2\/pages\/2545","targetHints":{"allow":["GET"]}}],"collection":[{"href":"https:\/\/www.mekeltech.com\/de\/wp-json\/wp\/v2\/pages"}],"about":[{"href":"https:\/\/www.mekeltech.com\/de\/wp-json\/wp\/v2\/types\/page"}],"author":[{"embeddable":true,"href":"https:\/\/www.mekeltech.com\/de\/wp-json\/wp\/v2\/users\/1"}],"replies":[{"embeddable":true,"href":"https:\/\/www.mekeltech.com\/de\/wp-json\/wp\/v2\/comments?post=2545"}],"version-history":[{"count":74,"href":"https:\/\/www.mekeltech.com\/de\/wp-json\/wp\/v2\/pages\/2545\/revisions"}],"predecessor-version":[{"id":7535,"href":"https:\/\/www.mekeltech.com\/de\/wp-json\/wp\/v2\/pages\/2545\/revisions\/7535"}],"wp:attachment":[{"href":"https:\/\/www.mekeltech.com\/de\/wp-json\/wp\/v2\/media?parent=2545"}],"curies":[{"name":"wp","href":"https:\/\/api.w.org\/{rel}","templated":true}]}}